{"id":10327,"date":"2026-02-04T07:18:53","date_gmt":"2026-02-04T07:18:53","guid":{"rendered":"https:\/\/engitech.az\/?post_type=product&#038;p=10327"},"modified":"2026-02-04T07:18:53","modified_gmt":"2026-02-04T07:18:53","slug":"melodys-wall-mounted-speaker-indoor","status":"publish","type":"product","link":"https:\/\/engitech.az\/en\/product\/melodys-wall-mounted-speaker-indoor\/","title":{"rendered":"Melodys wall mounted speaker &#8211; indoor"},"content":{"rendered":"<div class=\"flex max-w-full flex-col grow\">\n<div class=\"min-h-8 text-message relative flex w-full flex-col items-end gap-2 text-start break-words whitespace-normal [.text-message+&amp;]:mt-1\" dir=\"auto\" data-message-author-role=\"assistant\" data-message-id=\"49e954b6-251e-4191-b0c2-2a8d0d94eb86\" data-message-model-slug=\"gpt-5-mini\">\n<div class=\"flex w-full flex-col gap-1 empty:hidden first:pt-[1px]\">\n<div class=\"markdown prose dark:prose-invert w-full wrap-break-word dark markdown-new-styling\">\n<p data-start=\"72\" data-end=\"477\">\u2022 <strong data-start=\"74\" data-end=\"82\">Type:<\/strong> Indoor divar\u2011qura\u015fd\u0131r\u0131lan audio speaker (Melodys)<br data-start=\"132\" data-end=\"135\" \/>\u2022 <strong data-start=\"137\" data-end=\"150\">Usage:<\/strong> Z\u0259ngl\u0259r, melodiyalar v\u0259 x\u0259b\u0259rdarl\u0131q mesajlar\u0131 yay\u0131mlamaq \u00fc\u00e7\u00fcn<br data-start=\"212\" data-end=\"215\" \/>\u2022 <strong data-start=\"217\" data-end=\"228\">Energy:<\/strong> 100\u2013240\u202fV AC v\u0259 ya 24\u202fV TBT<br data-start=\"256\" data-end=\"259\" \/>\u2022 <strong data-start=\"261\" data-end=\"274\">S\u0259s g\u00fcc\u00fc:<\/strong> ~90\u202fdB<br data-start=\"281\" data-end=\"284\" \/>\u2022 <strong data-start=\"286\" data-end=\"297\">Protection:<\/strong> IP31<br data-start=\"302\" data-end=\"305\" \/>\u2022 <strong data-start=\"307\" data-end=\"319\">Dimensions:<\/strong> ~202\u202fmm \u00d7 150\u202fmm \u00d7 82\u202fmm<br data-start=\"344\" data-end=\"347\" \/>\u2022 <strong data-start=\"349\" data-end=\"367\">Features:<\/strong> 16 \u0259vv\u0259lc\u0259d\u0259n yaz\u0131lm\u0131\u015f melodiya, radio il\u0259 DHF master clock idar\u0259etm\u0259si<\/p>\n<\/div>\n<\/div>\n<\/div>\n<\/div>\n<div class=\"z-0 flex min-h-[46px] justify-start\"><\/div>\n<div class=\"border-token-border-light my-2 flex gap-10 border-t pt-4\">\n<div class=\"flex items-center justify-center overflow-hidden h-12 w-12 rounded-lg\"><\/div>\n<\/div>","protected":false},"excerpt":{"rendered":"<p>\u2022 Tip: Indoor divar\u2011qura\u015fd\u0131r\u0131lan audio speaker (Melodys)\u2022 \u0130stifad\u0259: Z\u0259ngl\u0259r, melodiyalar  [&#8230;]<\/p>","protected":false},"featured_media":10333,"comment_status":"open","ping_status":"closed","template":"","meta":[],"product_brand":[],"product_cat":[204],"product_tag":[],"class_list":{"0":"post-10327","1":"product","2":"type-product","3":"status-publish","4":"has-post-thumbnail","6":"product_cat-bodet-time","7":"pa_mehsul-tipi-wireless-audio-system","9":"first","10":"instock","11":"sold-individually","12":"shipping-taxable","13":"purchasable","14":"product-type-simple"},"_links":{"self":[{"href":"https:\/\/engitech.az\/en\/wp-json\/wp\/v2\/product\/10327","targetHints":{"allow":["GET"]}}],"collection":[{"href":"https:\/\/engitech.az\/en\/wp-json\/wp\/v2\/product"}],"about":[{"href":"https:\/\/engitech.az\/en\/wp-json\/wp\/v2\/types\/product"}],"replies":[{"embeddable":true,"href":"https:\/\/engitech.az\/en\/wp-json\/wp\/v2\/comments?post=10327"}],"wp:featuredmedia":[{"embeddable":true,"href":"https:\/\/engitech.az\/en\/wp-json\/wp\/v2\/media\/10333"}],"wp:attachment":[{"href":"https:\/\/engitech.az\/en\/wp-json\/wp\/v2\/media?parent=10327"}],"wp:term":[{"taxonomy":"product_brand","embeddable":true,"href":"https:\/\/engitech.az\/en\/wp-json\/wp\/v2\/product_brand?post=10327"},{"taxonomy":"product_cat","embeddable":true,"href":"https:\/\/engitech.az\/en\/wp-json\/wp\/v2\/product_cat?post=10327"},{"taxonomy":"product_tag","embeddable":true,"href":"https:\/\/engitech.az\/en\/wp-json\/wp\/v2\/product_tag?post=10327"}],"curies":[{"name":"wp","href":"https:\/\/api.w.org\/{rel}","templated":true}]}}