{"id":10336,"date":"2026-02-04T07:23:54","date_gmt":"2026-02-04T07:23:54","guid":{"rendered":"https:\/\/engitech.az\/?post_type=product&#038;p=10336"},"modified":"2026-02-04T07:23:55","modified_gmt":"2026-02-04T07:23:55","slug":"melodys-speaker-outdoor","status":"publish","type":"product","link":"https:\/\/engitech.az\/en\/product\/melodys-speaker-outdoor\/","title":{"rendered":"Melodys speaker &#8211; Outdoor"},"content":{"rendered":"<p>\u2022 <strong data-start=\"53\" data-end=\"61\">Type:<\/strong> Outdoor Melodys speaker (integrated amplifier)<br data-start=\"108\" data-end=\"111\" \/>\u2022 <strong data-start=\"113\" data-end=\"126\">Usage:<\/strong> Xarici m\u00fchit \u00fc\u00e7\u00fcn z\u0259ngl\u0259r, melodiyalar v\u0259 x\u0259b\u0259rdarl\u0131q mesajlar\u0131<br data-start=\"190\" data-end=\"193\" \/>\u2022 <strong data-start=\"195\" data-end=\"206\">Energy:<\/strong> 100\u2013240\u202fV AC v\u0259 ya 24\u202fV DC<br data-start=\"233\" data-end=\"236\" \/>\u2022 <strong data-start=\"238\" data-end=\"251\">S\u0259s g\u00fcc\u00fc:<\/strong> ~100\u202fdB (@1\u202fm)<br data-start=\"266\" data-end=\"269\" \/>\u2022 <strong data-start=\"271\" data-end=\"282\">Protection:<\/strong> <strong data-start=\"283\" data-end=\"291\">IP54<\/strong> (hava \u015f\u0259raitin\u0259 davaml\u0131)<br data-start=\"316\" data-end=\"319\" \/>\u2022 <strong data-start=\"321\" data-end=\"333\">Dimensions:<\/strong> ~280\u00d7175\u00d7160\u202fmm<br data-start=\"349\" data-end=\"352\" \/>\u2022 <strong data-start=\"354\" data-end=\"372\">Features:<\/strong> 16 \u0259vv\u0259lc\u0259d\u0259n melodiya, DHF radio v\u0259\/v\u0259 ya simli idar\u0259etm\u0259, master clock d\u0259st\u0259yi<\/p>","protected":false},"excerpt":{"rendered":"<p>\u2022 Tip: Outdoor Melodys speaker (integrated amplifier)\u2022 \u0130stifad\u0259: Xarici m\u00fchit  [&#8230;]<\/p>","protected":false},"featured_media":10337,"comment_status":"open","ping_status":"closed","template":"","meta":[],"product_brand":[],"product_cat":[204],"product_tag":[],"class_list":{"0":"post-10336","1":"product","2":"type-product","3":"status-publish","4":"has-post-thumbnail","6":"product_cat-bodet-time","7":"pa_mehsul-tipi-wireless-audio-system","9":"first","10":"instock","11":"sold-individually","12":"shipping-taxable","13":"purchasable","14":"product-type-simple"},"_links":{"self":[{"href":"https:\/\/engitech.az\/en\/wp-json\/wp\/v2\/product\/10336","targetHints":{"allow":["GET"]}}],"collection":[{"href":"https:\/\/engitech.az\/en\/wp-json\/wp\/v2\/product"}],"about":[{"href":"https:\/\/engitech.az\/en\/wp-json\/wp\/v2\/types\/product"}],"replies":[{"embeddable":true,"href":"https:\/\/engitech.az\/en\/wp-json\/wp\/v2\/comments?post=10336"}],"wp:featuredmedia":[{"embeddable":true,"href":"https:\/\/engitech.az\/en\/wp-json\/wp\/v2\/media\/10337"}],"wp:attachment":[{"href":"https:\/\/engitech.az\/en\/wp-json\/wp\/v2\/media?parent=10336"}],"wp:term":[{"taxonomy":"product_brand","embeddable":true,"href":"https:\/\/engitech.az\/en\/wp-json\/wp\/v2\/product_brand?post=10336"},{"taxonomy":"product_cat","embeddable":true,"href":"https:\/\/engitech.az\/en\/wp-json\/wp\/v2\/product_cat?post=10336"},{"taxonomy":"product_tag","embeddable":true,"href":"https:\/\/engitech.az\/en\/wp-json\/wp\/v2\/product_tag?post=10336"}],"curies":[{"name":"wp","href":"https:\/\/api.w.org\/{rel}","templated":true}]}}