{"id":10338,"date":"2026-02-04T07:25:35","date_gmt":"2026-02-04T07:25:35","guid":{"rendered":"https:\/\/engitech.az\/?post_type=product&#038;p=10338"},"modified":"2026-02-04T07:25:36","modified_gmt":"2026-02-04T07:25:36","slug":"melodys-high-power-speaker-outdoor","status":"publish","type":"product","link":"https:\/\/engitech.az\/en\/product\/melodys-high-power-speaker-outdoor\/","title":{"rendered":"Melodys high power speaker &#8211; Outdoor"},"content":{"rendered":"<p>\u2022 <strong data-start=\"64\" data-end=\"72\">Type:<\/strong> Outdoor high power amplified speaker (Melodys)<br data-start=\"119\" data-end=\"122\" \/>\u2022 <strong data-start=\"124\" data-end=\"137\">Usage:<\/strong> Z\u0259ngl\u0259r, melodiyalar v\u0259 t\u0259hl\u00fck\u0259sizlik\/SEP elanlar\u0131 \u00fc\u00e7\u00fcn<br data-start=\"193\" data-end=\"196\" \/>\u2022 <strong data-start=\"198\" data-end=\"211\">S\u0259s g\u00fcc\u00fc:<\/strong> ~110\u202fdB @ 1\u202fm (t\u0259nziml\u0259n\u0259 bil\u0259r)<br data-start=\"244\" data-end=\"247\" \/>\u2022 <strong data-start=\"249\" data-end=\"260\">Energy:<\/strong> 100\u2013240\u202fV AC (integral g\u00fccl\u0259ndirici)<br data-start=\"297\" data-end=\"300\" \/>\u2022 <strong data-start=\"302\" data-end=\"318\">Melodiyalar:<\/strong> 16 \u00f6n y\u00fckl\u0259nmi\u015f + SD karta \u0259lav\u0259 oluna bil\u0259r<br data-start=\"363\" data-end=\"366\" \/>\u2022 <strong data-start=\"368\" data-end=\"378\">Contact:<\/strong> DHF radio (Sigma master clock) v\u0259 ya kabelli kontrol<br data-start=\"431\" data-end=\"434\" \/>\u2022 <strong data-start=\"436\" data-end=\"447\">Protection:<\/strong> <strong data-start=\"448\" data-end=\"463\">IP54 \/ IK08<\/strong> (\u00e7\u00f6l \u015f\u0259raiti)<br data-start=\"477\" data-end=\"480\" \/>\u2022 <strong data-start=\"482\" data-end=\"491\">Size:<\/strong> ~254\u00d7\u00d8203\u202fmm (speaker) + kontrol birlik (~220\u00d7154\u00d778\u202fmm)<\/p>","protected":false},"excerpt":{"rendered":"<p>\u2022 Tip: Outdoor high power amplified speaker (Melodys)\u2022 \u0130stifad\u0259: Z\u0259ngl\u0259r,  [&#8230;]<\/p>","protected":false},"featured_media":10339,"comment_status":"open","ping_status":"closed","template":"","meta":[],"product_brand":[],"product_cat":[204],"product_tag":[],"class_list":{"0":"post-10338","1":"product","2":"type-product","3":"status-publish","4":"has-post-thumbnail","6":"product_cat-bodet-time","7":"pa_mehsul-tipi-wireless-audio-system","9":"first","10":"instock","11":"sold-individually","12":"shipping-taxable","13":"purchasable","14":"product-type-simple"},"_links":{"self":[{"href":"https:\/\/engitech.az\/en\/wp-json\/wp\/v2\/product\/10338","targetHints":{"allow":["GET"]}}],"collection":[{"href":"https:\/\/engitech.az\/en\/wp-json\/wp\/v2\/product"}],"about":[{"href":"https:\/\/engitech.az\/en\/wp-json\/wp\/v2\/types\/product"}],"replies":[{"embeddable":true,"href":"https:\/\/engitech.az\/en\/wp-json\/wp\/v2\/comments?post=10338"}],"wp:featuredmedia":[{"embeddable":true,"href":"https:\/\/engitech.az\/en\/wp-json\/wp\/v2\/media\/10339"}],"wp:attachment":[{"href":"https:\/\/engitech.az\/en\/wp-json\/wp\/v2\/media?parent=10338"}],"wp:term":[{"taxonomy":"product_brand","embeddable":true,"href":"https:\/\/engitech.az\/en\/wp-json\/wp\/v2\/product_brand?post=10338"},{"taxonomy":"product_cat","embeddable":true,"href":"https:\/\/engitech.az\/en\/wp-json\/wp\/v2\/product_cat?post=10338"},{"taxonomy":"product_tag","embeddable":true,"href":"https:\/\/engitech.az\/en\/wp-json\/wp\/v2\/product_tag?post=10338"}],"curies":[{"name":"wp","href":"https:\/\/api.w.org\/{rel}","templated":true}]}}