{"id":10340,"date":"2026-02-04T07:28:09","date_gmt":"2026-02-04T07:28:09","guid":{"rendered":"https:\/\/engitech.az\/?post_type=product&#038;p=10340"},"modified":"2026-02-04T07:28:09","modified_gmt":"2026-02-04T07:28:09","slug":"indoor-melodys-flash","status":"publish","type":"product","link":"https:\/\/engitech.az\/en\/product\/indoor-melodys-flash\/","title":{"rendered":"Indoor Melodys Flash"},"content":{"rendered":"<p data-start=\"55\" data-end=\"505\">\u2022 <strong data-start=\"57\" data-end=\"65\">Type:<\/strong> Indoor Melodys flash (luminous alert)<br data-start=\"103\" data-end=\"106\" \/>\u2022 <strong data-start=\"108\" data-end=\"121\" data-is-only-node=\"\">Usage:<\/strong> Auditoriya \u00fc\u00e7\u00fcn vizual x\u0259b\u0259rdarl\u0131q siqnal\u0131 (LED flash) \u2014 Melodys melodiyalar\u0131na sinxron<br data-start=\"209\" data-end=\"212\" \/>\u2022 <strong data-start=\"214\" data-end=\"225\">Energy:<\/strong> 100\u2011240\u202fV AC, divar\/taxta montaj\u0131<br data-start=\"259\" data-end=\"262\" \/>\u2022 <strong data-start=\"264\" data-end=\"272\">LED:<\/strong> Fl\u0259\u015f siqnallar\u0131, 4 parlaql\u0131q s\u0259viyy\u0259si<br data-start=\"311\" data-end=\"314\" \/>\u2022 <strong data-start=\"316\" data-end=\"327\">Protection:<\/strong> Bo\u015fluq \u00fc\u00e7\u00fcn korpus (su ke\u00e7irm\u0259z deyil)<br data-start=\"366\" data-end=\"369\" \/>\u2022 <strong data-start=\"371\" data-end=\"387\">Size \/ Weight:<\/strong> ~157\u00d793\u00d747\u202fmm \/ ~350\u202fg<br data-start=\"410\" data-end=\"413\" \/>\u2022 <strong data-start=\"415\" data-end=\"426\">Modlar:<\/strong> Normal v\u0259 SEP (x\u0259b\u0259rdarl\u0131q) flash rejimi<\/p>\n<p data-start=\"507\" data-end=\"570\">","protected":false},"excerpt":{"rendered":"<p>\u2022 Tip: Indoor Melodys flash (luminous alert)\u2022 \u0130stifad\u0259: Auditoriya \u00fc\u00e7\u00fcn  [&#8230;]<\/p>","protected":false},"featured_media":10341,"comment_status":"open","ping_status":"closed","template":"","meta":[],"product_brand":[],"product_cat":[204],"product_tag":[],"class_list":{"0":"post-10340","1":"product","2":"type-product","3":"status-publish","4":"has-post-thumbnail","6":"product_cat-bodet-time","7":"pa_mehsul-tipi-wireless-audio-system","9":"first","10":"instock","11":"sold-individually","12":"shipping-taxable","13":"purchasable","14":"product-type-simple"},"_links":{"self":[{"href":"https:\/\/engitech.az\/en\/wp-json\/wp\/v2\/product\/10340","targetHints":{"allow":["GET"]}}],"collection":[{"href":"https:\/\/engitech.az\/en\/wp-json\/wp\/v2\/product"}],"about":[{"href":"https:\/\/engitech.az\/en\/wp-json\/wp\/v2\/types\/product"}],"replies":[{"embeddable":true,"href":"https:\/\/engitech.az\/en\/wp-json\/wp\/v2\/comments?post=10340"}],"wp:featuredmedia":[{"embeddable":true,"href":"https:\/\/engitech.az\/en\/wp-json\/wp\/v2\/media\/10341"}],"wp:attachment":[{"href":"https:\/\/engitech.az\/en\/wp-json\/wp\/v2\/media?parent=10340"}],"wp:term":[{"taxonomy":"product_brand","embeddable":true,"href":"https:\/\/engitech.az\/en\/wp-json\/wp\/v2\/product_brand?post=10340"},{"taxonomy":"product_cat","embeddable":true,"href":"https:\/\/engitech.az\/en\/wp-json\/wp\/v2\/product_cat?post=10340"},{"taxonomy":"product_tag","embeddable":true,"href":"https:\/\/engitech.az\/en\/wp-json\/wp\/v2\/product_tag?post=10340"}],"curies":[{"name":"wp","href":"https:\/\/api.w.org\/{rel}","templated":true}]}}