{"id":10342,"date":"2026-02-04T07:29:32","date_gmt":"2026-02-04T07:29:32","guid":{"rendered":"https:\/\/engitech.az\/?post_type=product&#038;p=10342"},"modified":"2026-02-04T07:29:32","modified_gmt":"2026-02-04T07:29:32","slug":"outdoor-melodys-flash","status":"publish","type":"product","link":"https:\/\/engitech.az\/en\/product\/outdoor-melodys-flash\/","title":{"rendered":"Outdoor Melodys Flash"},"content":{"rendered":"<p>\u2022 <strong data-start=\"53\" data-end=\"61\">Type:<\/strong> Outdoor Melodys luminous flash<br data-start=\"92\" data-end=\"95\" \/>\u2022 <strong data-start=\"97\" data-end=\"110\">Usage:<\/strong> Xarici m\u00fchit \u00fc\u00e7\u00fcn vizual x\u0259b\u0259rdarl\u0131q (LED flash) sinxron siqnallar<br data-start=\"177\" data-end=\"180\" \/>\u2022 <strong data-start=\"182\" data-end=\"193\">Energy:<\/strong> 230\u202fVAC 50\/60\u202fHz<br data-start=\"210\" data-end=\"213\" \/>\u2022 <strong data-start=\"215\" data-end=\"226\">Protection:<\/strong> <strong data-start=\"227\" data-end=\"242\">IP54 \/ IK07<\/strong> korpus, dayan\u0131kl\u0131 xarici \u015f\u0259rait \u00fc\u00e7\u00fcn<br data-start=\"279\" data-end=\"282\" \/>\u2022 <strong data-start=\"284\" data-end=\"295\">Assembly:<\/strong> Wall mounting<br data-start=\"309\" data-end=\"312\" \/>\u2022 <strong data-start=\"314\" data-end=\"323\">Size:<\/strong> ~230\u00d7170\u00d796\u202fmm<br data-start=\"338\" data-end=\"341\" \/>\u2022 <strong data-start=\"343\" data-end=\"352\">Weight:<\/strong> ~690\u202fg<\/p>","protected":false},"excerpt":{"rendered":"<p>\u2022 Tip: Outdoor Melodys luminous flash\u2022 \u0130stifad\u0259: Xarici m\u00fchit \u00fc\u00e7\u00fcn  [&#8230;]<\/p>","protected":false},"featured_media":10343,"comment_status":"open","ping_status":"closed","template":"","meta":[],"product_brand":[],"product_cat":[204],"product_tag":[],"class_list":{"0":"post-10342","1":"product","2":"type-product","3":"status-publish","4":"has-post-thumbnail","6":"product_cat-bodet-time","7":"pa_mehsul-tipi-wireless-audio-system","9":"first","10":"instock","11":"sold-individually","12":"shipping-taxable","13":"purchasable","14":"product-type-simple"},"_links":{"self":[{"href":"https:\/\/engitech.az\/en\/wp-json\/wp\/v2\/product\/10342","targetHints":{"allow":["GET"]}}],"collection":[{"href":"https:\/\/engitech.az\/en\/wp-json\/wp\/v2\/product"}],"about":[{"href":"https:\/\/engitech.az\/en\/wp-json\/wp\/v2\/types\/product"}],"replies":[{"embeddable":true,"href":"https:\/\/engitech.az\/en\/wp-json\/wp\/v2\/comments?post=10342"}],"wp:featuredmedia":[{"embeddable":true,"href":"https:\/\/engitech.az\/en\/wp-json\/wp\/v2\/media\/10343"}],"wp:attachment":[{"href":"https:\/\/engitech.az\/en\/wp-json\/wp\/v2\/media?parent=10342"}],"wp:term":[{"taxonomy":"product_brand","embeddable":true,"href":"https:\/\/engitech.az\/en\/wp-json\/wp\/v2\/product_brand?post=10342"},{"taxonomy":"product_cat","embeddable":true,"href":"https:\/\/engitech.az\/en\/wp-json\/wp\/v2\/product_cat?post=10342"},{"taxonomy":"product_tag","embeddable":true,"href":"https:\/\/engitech.az\/en\/wp-json\/wp\/v2\/product_tag?post=10342"}],"curies":[{"name":"wp","href":"https:\/\/api.w.org\/{rel}","templated":true}]}}