{"id":10344,"date":"2026-02-04T07:34:00","date_gmt":"2026-02-04T07:34:00","guid":{"rendered":"https:\/\/engitech.az\/?post_type=product&#038;p=10344"},"modified":"2026-02-04T07:34:00","modified_gmt":"2026-02-04T07:34:00","slug":"gsm-control-box-harmonys-or-melodys","status":"publish","type":"product","link":"https:\/\/engitech.az\/en\/product\/gsm-control-box-harmonys-or-melodys\/","title":{"rendered":"GSM control box &#8211; Harmonys or Melodys"},"content":{"rendered":"<p>\u2022 <strong data-start=\"60\" data-end=\"68\">Type:<\/strong> GSM uzaqdan idar\u0259etm\u0259 box<br data-start=\"94\" data-end=\"97\" \/>\u2022 <strong data-start=\"99\" data-end=\"112\">Usage:<\/strong> Telefon z\u0259ngi\/SMS il\u0259 elan v\u0259 x\u0259b\u0259rdarl\u0131q<br data-start=\"154\" data-end=\"157\" \/>\u2022 <strong data-start=\"159\" data-end=\"172\">Compatibility:<\/strong> Harmonys, Melodys, Sigma Sound<br data-start=\"203\" data-end=\"206\" \/>\u2022 <strong data-start=\"208\" data-end=\"218\">Contact:<\/strong> 3G\/4G GSM, SIM kart, relay giri\u015f\/\u00e7\u0131x\u0131\u015f<br data-start=\"257\" data-end=\"260\" \/>\u2022 <strong data-start=\"262\" data-end=\"273\">Assembly:<\/strong> Divar, indoor<br data-start=\"287\" data-end=\"290\" \/>\u2022 <strong data-start=\"292\" data-end=\"303\">Energy:<\/strong> 12\u201324\u202fV \/ 230\u202fV<br data-start=\"319\" data-end=\"322\" \/>\u2022 <strong data-start=\"324\" data-end=\"335\">Protection:<\/strong> IP40<br data-start=\"340\" data-end=\"343\" \/>\u2022 <strong data-start=\"345\" data-end=\"358\">Function:<\/strong> 50\u2011\u0259 q\u0259d\u0259r n\u00f6mr\u0259y\u0259 SMS x\u0259b\u0259rdarl\u0131q<\/p>","protected":false},"excerpt":{"rendered":"<p>\u2022 Tip: GSM uzaqdan idar\u0259etm\u0259 box\u2022 \u0130stifad\u0259: Telefon z\u0259ngi\/SMS il\u0259  [&#8230;]<\/p>","protected":false},"featured_media":10350,"comment_status":"open","ping_status":"closed","template":"","meta":[],"product_brand":[],"product_cat":[204],"product_tag":[],"class_list":{"0":"post-10344","1":"product","2":"type-product","3":"status-publish","4":"has-post-thumbnail","6":"product_cat-bodet-time","7":"pa_mehsul-tipi-gsm-control-box","9":"first","10":"instock","11":"sold-individually","12":"shipping-taxable","13":"purchasable","14":"product-type-simple"},"_links":{"self":[{"href":"https:\/\/engitech.az\/en\/wp-json\/wp\/v2\/product\/10344","targetHints":{"allow":["GET"]}}],"collection":[{"href":"https:\/\/engitech.az\/en\/wp-json\/wp\/v2\/product"}],"about":[{"href":"https:\/\/engitech.az\/en\/wp-json\/wp\/v2\/types\/product"}],"replies":[{"embeddable":true,"href":"https:\/\/engitech.az\/en\/wp-json\/wp\/v2\/comments?post=10344"}],"wp:featuredmedia":[{"embeddable":true,"href":"https:\/\/engitech.az\/en\/wp-json\/wp\/v2\/media\/10350"}],"wp:attachment":[{"href":"https:\/\/engitech.az\/en\/wp-json\/wp\/v2\/media?parent=10344"}],"wp:term":[{"taxonomy":"product_brand","embeddable":true,"href":"https:\/\/engitech.az\/en\/wp-json\/wp\/v2\/product_brand?post=10344"},{"taxonomy":"product_cat","embeddable":true,"href":"https:\/\/engitech.az\/en\/wp-json\/wp\/v2\/product_cat?post=10344"},{"taxonomy":"product_tag","embeddable":true,"href":"https:\/\/engitech.az\/en\/wp-json\/wp\/v2\/product_tag?post=10344"}],"curies":[{"name":"wp","href":"https:\/\/api.w.org\/{rel}","templated":true}]}}