{"id":10351,"date":"2026-02-04T07:36:44","date_gmt":"2026-02-04T07:36:44","guid":{"rendered":"https:\/\/engitech.az\/?post_type=product&#038;p=10351"},"modified":"2026-02-04T07:36:44","modified_gmt":"2026-02-04T07:36:44","slug":"lockdown-remote-control","status":"publish","type":"product","link":"https:\/\/engitech.az\/en\/product\/lockdown-remote-control\/","title":{"rendered":"Lockdown remote control"},"content":{"rendered":"<p>\u2022 <strong data-start=\"66\" data-end=\"74\">Type:<\/strong> Uzaqdan Lockdown idar\u0259etm\u0259 paneli<br data-start=\"108\" data-end=\"111\" \/>\u2022 <strong data-start=\"113\" data-end=\"126\">Usage:<\/strong> M\u0259kt\u0259b\/i\u015f yerind\u0259 t\u0259cili Lockdown elan\u0131n\u0131 aktivl\u0259\u015fdirm\u0259k<br data-start=\"183\" data-end=\"186\" \/>\u2022 <strong data-start=\"188\" data-end=\"198\">Contact:<\/strong> IP\/PoE v\u0259 ya relay giri\u015f<br data-start=\"223\" data-end=\"226\" \/>\u2022 <strong data-start=\"228\" data-end=\"239\">Assembly:<\/strong> Divar, indoor<br data-start=\"253\" data-end=\"256\" \/>\u2022 <strong data-start=\"258\" data-end=\"268\">D\u00fcym\u0259:<\/strong> Birba\u015fa Lockdown tetikleyici<br data-start=\"297\" data-end=\"300\" \/>\u2022 <strong data-start=\"302\" data-end=\"315\">Compatibility:<\/strong> Harmonys &amp; Melodys sisteml\u0259ri il\u0259<br data-start=\"349\" data-end=\"352\" \/>\u2022 <strong data-start=\"354\" data-end=\"365\">Protection:<\/strong> IP31 \/ IK06<br data-start=\"377\" data-end=\"380\" \/>\u2022 <strong data-start=\"382\" data-end=\"395\">Function:<\/strong> T\u0259cili siqnallar \u00fc\u00e7\u00fcn instant aktivl\u0259\u015fdirm\u0259<\/p>","protected":false},"excerpt":{"rendered":"<p>\u2022 Tip: Uzaqdan Lockdown idar\u0259etm\u0259 paneli\u2022 \u0130stifad\u0259: M\u0259kt\u0259b\/i\u015f yerind\u0259 t\u0259cili  [&#8230;]<\/p>","protected":false},"featured_media":10357,"comment_status":"open","ping_status":"closed","template":"","meta":[],"product_brand":[],"product_cat":[204],"product_tag":[],"class_list":{"0":"post-10351","1":"product","2":"type-product","3":"status-publish","4":"has-post-thumbnail","6":"product_cat-bodet-time","7":"pa_mehsul-tipi-lora-remote-control","9":"first","10":"instock","11":"sold-individually","12":"shipping-taxable","13":"purchasable","14":"product-type-simple"},"_links":{"self":[{"href":"https:\/\/engitech.az\/en\/wp-json\/wp\/v2\/product\/10351","targetHints":{"allow":["GET"]}}],"collection":[{"href":"https:\/\/engitech.az\/en\/wp-json\/wp\/v2\/product"}],"about":[{"href":"https:\/\/engitech.az\/en\/wp-json\/wp\/v2\/types\/product"}],"replies":[{"embeddable":true,"href":"https:\/\/engitech.az\/en\/wp-json\/wp\/v2\/comments?post=10351"}],"wp:featuredmedia":[{"embeddable":true,"href":"https:\/\/engitech.az\/en\/wp-json\/wp\/v2\/media\/10357"}],"wp:attachment":[{"href":"https:\/\/engitech.az\/en\/wp-json\/wp\/v2\/media?parent=10351"}],"wp:term":[{"taxonomy":"product_brand","embeddable":true,"href":"https:\/\/engitech.az\/en\/wp-json\/wp\/v2\/product_brand?post=10351"},{"taxonomy":"product_cat","embeddable":true,"href":"https:\/\/engitech.az\/en\/wp-json\/wp\/v2\/product_cat?post=10351"},{"taxonomy":"product_tag","embeddable":true,"href":"https:\/\/engitech.az\/en\/wp-json\/wp\/v2\/product_tag?post=10351"}],"curies":[{"name":"wp","href":"https:\/\/api.w.org\/{rel}","templated":true}]}}