{"id":10392,"date":"2026-02-04T12:12:37","date_gmt":"2026-02-04T12:12:37","guid":{"rendered":"https:\/\/engitech.az\/?post_type=product&#038;p=10392"},"modified":"2026-02-04T12:12:38","modified_gmt":"2026-02-04T12:12:38","slug":"indoor-analogue-solar-clock-profil-930-l","status":"publish","type":"product","link":"https:\/\/engitech.az\/en\/product\/indoor-analogue-solar-clock-profil-930-l\/","title":{"rendered":"Indoor analogue solar clock \u2013 Profil 930 L"},"content":{"rendered":"<p>\u2022 <strong data-start=\"77\" data-end=\"85\">Type:<\/strong> Indoor analog solar-powered clock<br data-start=\"119\" data-end=\"122\" \/>\u2022 <strong data-start=\"124\" data-end=\"135\" data-is-only-node=\"\">Energy:<\/strong> G\u00fcn\u0259\u015f\/s\u00fcni i\u015f\u0131qla \u00f6z\u00fc-\u00f6z\u00fcn\u00fc \u015farj<br data-start=\"168\" data-end=\"171\" \/>\u2022 <strong data-start=\"173\" data-end=\"184\">Assembly:<\/strong> Divar<br data-start=\"190\" data-end=\"193\" \/>\u2022 <strong data-start=\"195\" data-end=\"204\">Size:<\/strong> ~32 cm diametr<br data-start=\"219\" data-end=\"222\" \/>\u2022 <strong data-start=\"224\" data-end=\"235\">Protection:<\/strong> IP54 (\u00f6n hiss\u0259 IP67)<br data-start=\"256\" data-end=\"259\" \/>\u2022 <strong data-start=\"261\" data-end=\"276\">Feature:<\/strong> Radio sinxronizasiya d\u0259st\u0259yi<\/p>","protected":false},"excerpt":{"rendered":"<p>\u2022 Tip: Indoor analog solar-powered clock\u2022 Enerji: G\u00fcn\u0259\u015f\/s\u00fcni i\u015f\u0131qla \u00f6z\u00fc-\u00f6z\u00fcn\u00fc  [&#8230;]<\/p>","protected":false},"featured_media":10394,"comment_status":"open","ping_status":"closed","template":"","meta":[],"product_brand":[],"product_cat":[204],"product_tag":[],"class_list":{"0":"post-10392","1":"product","2":"type-product","3":"status-publish","4":"has-post-thumbnail","6":"product_cat-bodet-time","7":"pa_mehsul-tipi-analogue-clocks","9":"first","10":"instock","11":"sold-individually","12":"shipping-taxable","13":"purchasable","14":"product-type-simple"},"_links":{"self":[{"href":"https:\/\/engitech.az\/en\/wp-json\/wp\/v2\/product\/10392","targetHints":{"allow":["GET"]}}],"collection":[{"href":"https:\/\/engitech.az\/en\/wp-json\/wp\/v2\/product"}],"about":[{"href":"https:\/\/engitech.az\/en\/wp-json\/wp\/v2\/types\/product"}],"replies":[{"embeddable":true,"href":"https:\/\/engitech.az\/en\/wp-json\/wp\/v2\/comments?post=10392"}],"wp:featuredmedia":[{"embeddable":true,"href":"https:\/\/engitech.az\/en\/wp-json\/wp\/v2\/media\/10394"}],"wp:attachment":[{"href":"https:\/\/engitech.az\/en\/wp-json\/wp\/v2\/media?parent=10392"}],"wp:term":[{"taxonomy":"product_brand","embeddable":true,"href":"https:\/\/engitech.az\/en\/wp-json\/wp\/v2\/product_brand?post=10392"},{"taxonomy":"product_cat","embeddable":true,"href":"https:\/\/engitech.az\/en\/wp-json\/wp\/v2\/product_cat?post=10392"},{"taxonomy":"product_tag","embeddable":true,"href":"https:\/\/engitech.az\/en\/wp-json\/wp\/v2\/product_tag?post=10392"}],"curies":[{"name":"wp","href":"https:\/\/api.w.org\/{rel}","templated":true}]}}