{"id":10395,"date":"2026-02-04T12:14:10","date_gmt":"2026-02-04T12:14:10","guid":{"rendered":"https:\/\/engitech.az\/?post_type=product&#038;p=10395"},"modified":"2026-02-04T12:14:11","modified_gmt":"2026-02-04T12:14:11","slug":"indoor-analogue-clock-profil-940","status":"publish","type":"product","link":"https:\/\/engitech.az\/en\/product\/indoor-analogue-clock-profil-940\/","title":{"rendered":"Indoor analogue clock &#8211; Profil 940"},"content":{"rendered":"<p>\u2022 <strong data-start=\"69\" data-end=\"77\">Type:<\/strong> Indoor analog saat<br data-start=\"96\" data-end=\"99\" \/>\u2022 <strong data-start=\"101\" data-end=\"110\" data-is-only-node=\"\">Size:<\/strong> ~377 mm diametr<br data-start=\"126\" data-end=\"129\" \/>\u2022 <strong data-start=\"131\" data-end=\"150\">Sinxronizasiya:<\/strong> NTP\/DHF\/DCF\/impuls variantlar\u0131<br data-start=\"181\" data-end=\"184\" \/>\u2022 <strong data-start=\"186\" data-end=\"197\">Energy:<\/strong> Batareya, PoE v\u0259 ya AC variantlar\u0131<br data-start=\"232\" data-end=\"235\" \/>\u2022 <strong data-start=\"237\" data-end=\"248\">Assembly:<\/strong> Divar<br data-start=\"254\" data-end=\"257\" \/>\u2022 <strong data-start=\"259\" data-end=\"270\">Protection:<\/strong> IP40 (indoor)<\/p>","protected":false},"excerpt":{"rendered":"<p>\u2022 Tip: Indoor analog saat\u2022 \u00d6l\u00e7\u00fc: ~377 mm diametr\u2022 Sinxronizasiya:  [&#8230;]<\/p>","protected":false},"featured_media":10396,"comment_status":"open","ping_status":"closed","template":"","meta":[],"product_brand":[],"product_cat":[204],"product_tag":[],"class_list":{"0":"post-10395","1":"product","2":"type-product","3":"status-publish","4":"has-post-thumbnail","6":"product_cat-bodet-time","7":"pa_mehsul-tipi-analogue-clocks","9":"first","10":"instock","11":"sold-individually","12":"shipping-taxable","13":"purchasable","14":"product-type-simple"},"_links":{"self":[{"href":"https:\/\/engitech.az\/en\/wp-json\/wp\/v2\/product\/10395","targetHints":{"allow":["GET"]}}],"collection":[{"href":"https:\/\/engitech.az\/en\/wp-json\/wp\/v2\/product"}],"about":[{"href":"https:\/\/engitech.az\/en\/wp-json\/wp\/v2\/types\/product"}],"replies":[{"embeddable":true,"href":"https:\/\/engitech.az\/en\/wp-json\/wp\/v2\/comments?post=10395"}],"wp:featuredmedia":[{"embeddable":true,"href":"https:\/\/engitech.az\/en\/wp-json\/wp\/v2\/media\/10396"}],"wp:attachment":[{"href":"https:\/\/engitech.az\/en\/wp-json\/wp\/v2\/media?parent=10395"}],"wp:term":[{"taxonomy":"product_brand","embeddable":true,"href":"https:\/\/engitech.az\/en\/wp-json\/wp\/v2\/product_brand?post=10395"},{"taxonomy":"product_cat","embeddable":true,"href":"https:\/\/engitech.az\/en\/wp-json\/wp\/v2\/product_cat?post=10395"},{"taxonomy":"product_tag","embeddable":true,"href":"https:\/\/engitech.az\/en\/wp-json\/wp\/v2\/product_tag?post=10395"}],"curies":[{"name":"wp","href":"https:\/\/api.w.org\/{rel}","templated":true}]}}