{"id":10397,"date":"2026-02-04T12:19:04","date_gmt":"2026-02-04T12:19:04","guid":{"rendered":"https:\/\/engitech.az\/?post_type=product&#038;p=10397"},"modified":"2026-02-04T12:19:04","modified_gmt":"2026-02-04T12:19:04","slug":"indoor-analogue-clock-profil-960","status":"publish","type":"product","link":"https:\/\/engitech.az\/en\/product\/indoor-analogue-clock-profil-960\/","title":{"rendered":"Indoor analogue clock &#8211; Profil 960"},"content":{"rendered":"<p>\u2022 <strong data-start=\"69\" data-end=\"77\">Type:<\/strong> B\u00f6y\u00fck indoor analog saat<br data-start=\"102\" data-end=\"105\" \/>\u2022 <strong data-start=\"107\" data-end=\"116\" data-is-only-node=\"\">Size:<\/strong> ~60\u202fcm diametr<br data-start=\"131\" data-end=\"134\" \/>\u2022 <strong data-start=\"136\" data-end=\"155\">Sinxronizasiya:<\/strong> NTP\/DHF\/impuls v\u0259 s.<br data-start=\"176\" data-end=\"179\" \/>\u2022 <strong data-start=\"181\" data-end=\"192\">Energy:<\/strong> Batareya \/ PoE \/ AC<br data-start=\"212\" data-end=\"215\" \/>\u2022 <strong data-start=\"217\" data-end=\"228\">Assembly:<\/strong> Divar<br data-start=\"234\" data-end=\"237\" \/>\u2022 <strong data-start=\"239\" data-end=\"250\">Protection:<\/strong> IP40<\/p>","protected":false},"excerpt":{"rendered":"<p>\u2022 Tip: B\u00f6y\u00fck indoor analog saat\u2022 \u00d6l\u00e7\u00fc: ~60\u202fcm diametr\u2022 Sinxronizasiya:  [&#8230;]<\/p>","protected":false},"featured_media":10398,"comment_status":"open","ping_status":"closed","template":"","meta":[],"product_brand":[],"product_cat":[204],"product_tag":[],"class_list":{"0":"post-10397","1":"product","2":"type-product","3":"status-publish","4":"has-post-thumbnail","6":"product_cat-bodet-time","7":"pa_mehsul-tipi-analogue-clocks","9":"first","10":"instock","11":"sold-individually","12":"shipping-taxable","13":"purchasable","14":"product-type-simple"},"_links":{"self":[{"href":"https:\/\/engitech.az\/en\/wp-json\/wp\/v2\/product\/10397","targetHints":{"allow":["GET"]}}],"collection":[{"href":"https:\/\/engitech.az\/en\/wp-json\/wp\/v2\/product"}],"about":[{"href":"https:\/\/engitech.az\/en\/wp-json\/wp\/v2\/types\/product"}],"replies":[{"embeddable":true,"href":"https:\/\/engitech.az\/en\/wp-json\/wp\/v2\/comments?post=10397"}],"wp:featuredmedia":[{"embeddable":true,"href":"https:\/\/engitech.az\/en\/wp-json\/wp\/v2\/media\/10398"}],"wp:attachment":[{"href":"https:\/\/engitech.az\/en\/wp-json\/wp\/v2\/media?parent=10397"}],"wp:term":[{"taxonomy":"product_brand","embeddable":true,"href":"https:\/\/engitech.az\/en\/wp-json\/wp\/v2\/product_brand?post=10397"},{"taxonomy":"product_cat","embeddable":true,"href":"https:\/\/engitech.az\/en\/wp-json\/wp\/v2\/product_cat?post=10397"},{"taxonomy":"product_tag","embeddable":true,"href":"https:\/\/engitech.az\/en\/wp-json\/wp\/v2\/product_tag?post=10397"}],"curies":[{"name":"wp","href":"https:\/\/api.w.org\/{rel}","templated":true}]}}