{"id":10399,"date":"2026-02-04T12:20:27","date_gmt":"2026-02-04T12:20:27","guid":{"rendered":"https:\/\/engitech.az\/?post_type=product&#038;p=10399"},"modified":"2026-02-04T12:20:28","modified_gmt":"2026-02-04T12:20:28","slug":"outdoor-analogue-clock-profil-940","status":"publish","type":"product","link":"https:\/\/engitech.az\/en\/product\/outdoor-analogue-clock-profil-940\/","title":{"rendered":"Outdoor analogue clock &#8211; Profil 940"},"content":{"rendered":"<p>\u2022 <strong data-start=\"70\" data-end=\"78\">Type:<\/strong> Outdoor analog wall clock (Profil\u202f940)<br data-start=\"117\" data-end=\"120\" \/>\u2022 <strong data-start=\"122\" data-end=\"131\">Size:<\/strong> ~44\u202fcm diametr, oxuma m\u0259saf\u0259si ~35\u202fm<br data-start=\"168\" data-end=\"171\" \/>\u2022 <strong data-start=\"173\" data-end=\"198\">\u018flaq\u0259\/Sinxronizasiya:<\/strong> DHF, NTP, AFNOR, impuls, m\u00fcst\u0259qil vaxt d\u0259st\u0259yi<br data-start=\"245\" data-end=\"248\" \/>\u2022 <strong data-start=\"250\" data-end=\"261\">Energy:<\/strong> Batareya, PoE, 230\u202fV v\u0259 s. variantlar<br data-start=\"299\" data-end=\"302\" \/>\u2022 <strong data-start=\"304\" data-end=\"315\">Protection:<\/strong> <strong data-start=\"316\" data-end=\"324\">IP53<\/strong> (toz v\u0259 su s\u0131\u00e7ramalar\u0131na davaml\u0131), polimetakrilat \u015f\u00fc\u015f\u0259<br data-start=\"379\" data-end=\"382\" \/>\u2022 <strong data-start=\"384\" data-end=\"395\">Assembly:<\/strong> Divar, mast v\u0259 tavan opsiyalar\u0131 m\u00fcmk\u00fcnd\u00fcr<\/p>","protected":false},"excerpt":{"rendered":"<p>\u2022 Tip: Outdoor analog wall clock (Profil\u202f940)\u2022 \u00d6l\u00e7\u00fc: ~44\u202fcm diametr,  [&#8230;]<\/p>","protected":false},"featured_media":10400,"comment_status":"open","ping_status":"closed","template":"","meta":[],"product_brand":[],"product_cat":[204],"product_tag":[],"class_list":{"0":"post-10399","1":"product","2":"type-product","3":"status-publish","4":"has-post-thumbnail","6":"product_cat-bodet-time","7":"pa_mehsul-tipi-analogue-clocks","9":"first","10":"instock","11":"sold-individually","12":"shipping-taxable","13":"purchasable","14":"product-type-simple"},"_links":{"self":[{"href":"https:\/\/engitech.az\/en\/wp-json\/wp\/v2\/product\/10399","targetHints":{"allow":["GET"]}}],"collection":[{"href":"https:\/\/engitech.az\/en\/wp-json\/wp\/v2\/product"}],"about":[{"href":"https:\/\/engitech.az\/en\/wp-json\/wp\/v2\/types\/product"}],"replies":[{"embeddable":true,"href":"https:\/\/engitech.az\/en\/wp-json\/wp\/v2\/comments?post=10399"}],"wp:featuredmedia":[{"embeddable":true,"href":"https:\/\/engitech.az\/en\/wp-json\/wp\/v2\/media\/10400"}],"wp:attachment":[{"href":"https:\/\/engitech.az\/en\/wp-json\/wp\/v2\/media?parent=10399"}],"wp:term":[{"taxonomy":"product_brand","embeddable":true,"href":"https:\/\/engitech.az\/en\/wp-json\/wp\/v2\/product_brand?post=10399"},{"taxonomy":"product_cat","embeddable":true,"href":"https:\/\/engitech.az\/en\/wp-json\/wp\/v2\/product_cat?post=10399"},{"taxonomy":"product_tag","embeddable":true,"href":"https:\/\/engitech.az\/en\/wp-json\/wp\/v2\/product_tag?post=10399"}],"curies":[{"name":"wp","href":"https:\/\/api.w.org\/{rel}","templated":true}]}}