{"id":10401,"date":"2026-02-04T12:22:15","date_gmt":"2026-02-04T12:22:15","guid":{"rendered":"https:\/\/engitech.az\/?post_type=product&#038;p=10401"},"modified":"2026-02-04T12:22:16","modified_gmt":"2026-02-04T12:22:16","slug":"outdoor-analogue-clock-profil-960","status":"publish","type":"product","link":"https:\/\/engitech.az\/en\/product\/outdoor-analogue-clock-profil-960\/","title":{"rendered":"Outdoor analogue clock &#8211; Profil 960"},"content":{"rendered":"<p>\u2022 <strong data-start=\"70\" data-end=\"78\">Type:<\/strong> Outdoor analog saat<br data-start=\"98\" data-end=\"101\" \/>\u2022 <strong data-start=\"103\" data-end=\"112\" data-is-only-node=\"\">Size:<\/strong> ~60\u202fcm diametr<br data-start=\"127\" data-end=\"130\" \/>\u2022 <strong data-start=\"132\" data-end=\"151\">Sinxronizasiya:<\/strong> NTP\/DHF\/impuls v\u0259 s.<br data-start=\"172\" data-end=\"175\" \/>\u2022 <strong data-start=\"177\" data-end=\"188\">Energy:<\/strong> 230\u202fV AC + LED i\u015f\u0131q<br data-start=\"208\" data-end=\"211\" \/>\u2022 <strong data-start=\"213\" data-end=\"224\">Assembly:<\/strong> Divar\/tavan\/mast<br data-start=\"241\" data-end=\"244\" \/>\u2022 <strong data-start=\"246\" data-end=\"257\">Protection:<\/strong> Hava \u015f\u0259raitin\u0259 davaml\u0131<\/p>","protected":false},"excerpt":{"rendered":"<p>\u2022 Tip: Outdoor analog saat\u2022 \u00d6l\u00e7\u00fc: ~60\u202fcm diametr\u2022 Sinxronizasiya: NTP\/DHF\/impuls  [&#8230;]<\/p>","protected":false},"featured_media":10402,"comment_status":"open","ping_status":"closed","template":"","meta":[],"product_brand":[],"product_cat":[204],"product_tag":[],"class_list":{"0":"post-10401","1":"product","2":"type-product","3":"status-publish","4":"has-post-thumbnail","6":"product_cat-bodet-time","7":"pa_mehsul-tipi-analogue-clocks","9":"first","10":"instock","11":"sold-individually","12":"shipping-taxable","13":"purchasable","14":"product-type-simple"},"_links":{"self":[{"href":"https:\/\/engitech.az\/en\/wp-json\/wp\/v2\/product\/10401","targetHints":{"allow":["GET"]}}],"collection":[{"href":"https:\/\/engitech.az\/en\/wp-json\/wp\/v2\/product"}],"about":[{"href":"https:\/\/engitech.az\/en\/wp-json\/wp\/v2\/types\/product"}],"replies":[{"embeddable":true,"href":"https:\/\/engitech.az\/en\/wp-json\/wp\/v2\/comments?post=10401"}],"wp:featuredmedia":[{"embeddable":true,"href":"https:\/\/engitech.az\/en\/wp-json\/wp\/v2\/media\/10402"}],"wp:attachment":[{"href":"https:\/\/engitech.az\/en\/wp-json\/wp\/v2\/media?parent=10401"}],"wp:term":[{"taxonomy":"product_brand","embeddable":true,"href":"https:\/\/engitech.az\/en\/wp-json\/wp\/v2\/product_brand?post=10401"},{"taxonomy":"product_cat","embeddable":true,"href":"https:\/\/engitech.az\/en\/wp-json\/wp\/v2\/product_cat?post=10401"},{"taxonomy":"product_tag","embeddable":true,"href":"https:\/\/engitech.az\/en\/wp-json\/wp\/v2\/product_tag?post=10401"}],"curies":[{"name":"wp","href":"https:\/\/api.w.org\/{rel}","templated":true}]}}