{"id":10403,"date":"2026-02-04T12:26:45","date_gmt":"2026-02-04T12:26:45","guid":{"rendered":"https:\/\/engitech.az\/?post_type=product&#038;p=10403"},"modified":"2026-02-06T10:35:36","modified_gmt":"2026-02-06T10:35:36","slug":"indoor-metal-analogue-clock-profil-730-op","status":"publish","type":"product","link":"https:\/\/engitech.az\/en\/product\/indoor-metal-analogue-clock-profil-730-op\/","title":{"rendered":"Indoor metal analogue clock &#8211; Profil 730 OP"},"content":{"rendered":"<p>\u2022 <strong data-start=\"78\" data-end=\"86\">Type:<\/strong> Indoor metal analog saat<br data-start=\"111\" data-end=\"114\" \/>\u2022 <strong data-start=\"116\" data-end=\"125\" data-is-only-node=\"\">Size:<\/strong> ~40\u202fcm diametr<br data-start=\"140\" data-end=\"143\" \/>\u2022 <strong data-start=\"145\" data-end=\"156\">Assembly:<\/strong> Divar<br data-start=\"162\" data-end=\"165\" \/>\u2022 <strong data-start=\"167\" data-end=\"178\">Protection:<\/strong> <strong data-start=\"179\" data-end=\"187\">IP65<\/strong> (toz\/su), <strong data-start=\"198\" data-end=\"206\">IK08<\/strong><br data-start=\"206\" data-end=\"209\" \/>\u2022 <strong data-start=\"211\" data-end=\"230\">Enerji\/Sinxron:<\/strong> Impuls\/PoE\/NTP variantlar\u0131<br data-start=\"257\" data-end=\"260\" \/>\u2022 <strong data-start=\"262\" data-end=\"277\">Feature:<\/strong> Paslanmayan polad korpus<\/p>","protected":false},"excerpt":{"rendered":"<p>\u2022 Tip: Indoor metal analog saat\u2022 \u00d6l\u00e7\u00fc: ~40\u202fcm diametr\u2022 Montaj:  [&#8230;]<\/p>","protected":false},"featured_media":10405,"comment_status":"open","ping_status":"closed","template":"","meta":[],"product_brand":[],"product_cat":[204],"product_tag":[],"class_list":{"0":"post-10403","1":"product","2":"type-product","3":"status-publish","4":"has-post-thumbnail","6":"product_cat-bodet-time","7":"pa_mehsul-tipi-metal-analogue-clocks","9":"first","10":"instock","11":"sold-individually","12":"shipping-taxable","13":"purchasable","14":"product-type-simple"},"_links":{"self":[{"href":"https:\/\/engitech.az\/en\/wp-json\/wp\/v2\/product\/10403","targetHints":{"allow":["GET"]}}],"collection":[{"href":"https:\/\/engitech.az\/en\/wp-json\/wp\/v2\/product"}],"about":[{"href":"https:\/\/engitech.az\/en\/wp-json\/wp\/v2\/types\/product"}],"replies":[{"embeddable":true,"href":"https:\/\/engitech.az\/en\/wp-json\/wp\/v2\/comments?post=10403"}],"wp:featuredmedia":[{"embeddable":true,"href":"https:\/\/engitech.az\/en\/wp-json\/wp\/v2\/media\/10405"}],"wp:attachment":[{"href":"https:\/\/engitech.az\/en\/wp-json\/wp\/v2\/media?parent=10403"}],"wp:term":[{"taxonomy":"product_brand","embeddable":true,"href":"https:\/\/engitech.az\/en\/wp-json\/wp\/v2\/product_brand?post=10403"},{"taxonomy":"product_cat","embeddable":true,"href":"https:\/\/engitech.az\/en\/wp-json\/wp\/v2\/product_cat?post=10403"},{"taxonomy":"product_tag","embeddable":true,"href":"https:\/\/engitech.az\/en\/wp-json\/wp\/v2\/product_tag?post=10403"}],"curies":[{"name":"wp","href":"https:\/\/api.w.org\/{rel}","templated":true}]}}