{"id":10406,"date":"2026-02-04T12:28:52","date_gmt":"2026-02-04T12:28:52","guid":{"rendered":"https:\/\/engitech.az\/?post_type=product&#038;p=10406"},"modified":"2026-02-04T12:44:34","modified_gmt":"2026-02-04T12:44:34","slug":"indoor-metal-analogue-clock-profil-730-w","status":"publish","type":"product","link":"https:\/\/engitech.az\/en\/product\/indoor-metal-analogue-clock-profil-730-w\/","title":{"rendered":"Indoor metal analogue clock &#8211; Profil 730 W"},"content":{"rendered":"<p>\u2022 <strong data-start=\"77\" data-end=\"85\">Type:<\/strong> Indoor metal analog saat<br data-start=\"110\" data-end=\"113\" \/>\u2022 <strong data-start=\"115\" data-end=\"124\" data-is-only-node=\"\">Size:<\/strong> ~40\u202fcm diametr<br data-start=\"139\" data-end=\"142\" \/>\u2022 <strong data-start=\"144\" data-end=\"155\">Assembly:<\/strong> Divar<br data-start=\"161\" data-end=\"164\" \/>\u2022 <strong data-start=\"166\" data-end=\"185\">Enerji\/Sinxron:<\/strong> Impuls\/PoE\/NTP variantlar\u0131<br data-start=\"212\" data-end=\"215\" \/>\u2022 <strong data-start=\"217\" data-end=\"228\">Protection:<\/strong> <strong data-start=\"229\" data-end=\"237\">IP40<\/strong> (indoor)<br data-start=\"246\" data-end=\"249\" \/>\u2022 <strong data-start=\"251\" data-end=\"266\">Feature:<\/strong> Paslanmayan polad korpus, uzun \u00f6m\u00fcr<\/p>","protected":false},"excerpt":{"rendered":"<p>\u2022 Tip: Indoor metal analog saat\u2022 \u00d6l\u00e7\u00fc: ~40\u202fcm diametr\u2022 Montaj:  [&#8230;]<\/p>","protected":false},"featured_media":10407,"comment_status":"open","ping_status":"closed","template":"","meta":[],"product_brand":[],"product_cat":[204],"product_tag":[],"class_list":{"0":"post-10406","1":"product","2":"type-product","3":"status-publish","4":"has-post-thumbnail","6":"product_cat-bodet-time","7":"pa_mehsul-tipi-metal-analogue-clocks","9":"first","10":"instock","11":"sold-individually","12":"shipping-taxable","13":"purchasable","14":"product-type-simple"},"_links":{"self":[{"href":"https:\/\/engitech.az\/en\/wp-json\/wp\/v2\/product\/10406","targetHints":{"allow":["GET"]}}],"collection":[{"href":"https:\/\/engitech.az\/en\/wp-json\/wp\/v2\/product"}],"about":[{"href":"https:\/\/engitech.az\/en\/wp-json\/wp\/v2\/types\/product"}],"replies":[{"embeddable":true,"href":"https:\/\/engitech.az\/en\/wp-json\/wp\/v2\/comments?post=10406"}],"wp:featuredmedia":[{"embeddable":true,"href":"https:\/\/engitech.az\/en\/wp-json\/wp\/v2\/media\/10407"}],"wp:attachment":[{"href":"https:\/\/engitech.az\/en\/wp-json\/wp\/v2\/media?parent=10406"}],"wp:term":[{"taxonomy":"product_brand","embeddable":true,"href":"https:\/\/engitech.az\/en\/wp-json\/wp\/v2\/product_brand?post=10406"},{"taxonomy":"product_cat","embeddable":true,"href":"https:\/\/engitech.az\/en\/wp-json\/wp\/v2\/product_cat?post=10406"},{"taxonomy":"product_tag","embeddable":true,"href":"https:\/\/engitech.az\/en\/wp-json\/wp\/v2\/product_tag?post=10406"}],"curies":[{"name":"wp","href":"https:\/\/api.w.org\/{rel}","templated":true}]}}