{"id":10410,"date":"2026-02-04T12:32:37","date_gmt":"2026-02-04T12:32:37","guid":{"rendered":"https:\/\/engitech.az\/?post_type=product&#038;p=10410"},"modified":"2026-02-04T12:43:42","modified_gmt":"2026-02-04T12:43:42","slug":"outdoor-metal-analogue-clock-profil-750","status":"publish","type":"product","link":"https:\/\/engitech.az\/en\/product\/outdoor-metal-analogue-clock-profil-750\/","title":{"rendered":"Outdoor metal analogue clock \u2013 Profil 750"},"content":{"rendered":"<p>\u2022 <strong data-start=\"76\" data-end=\"84\">Type:<\/strong> Outdoor metal analog saat<br data-start=\"110\" data-end=\"113\" \/>\u2022 <strong data-start=\"115\" data-end=\"124\">Size:<\/strong> ~50\u202fcm diametr, ~50\u202fm oxuma m\u0259saf\u0259si<br data-start=\"161\" data-end=\"164\" \/>\u2022 <strong data-start=\"166\" data-end=\"185\">Sinxronizasiya:<\/strong> Impulse \/ AFNOR \/ NTP \/ DCF\/GPS d\u0259st\u0259yi<br data-start=\"225\" data-end=\"228\" \/>\u2022 <strong data-start=\"230\" data-end=\"241\">Assembly:<\/strong> Divar \/ tavan \/ mast<br data-start=\"262\" data-end=\"265\" \/>\u2022 <strong data-start=\"267\" data-end=\"278\">Protection:<\/strong> Hava \u015f\u0259raitin\u0259 davaml\u0131, <strong data-start=\"303\" data-end=\"311\">IP54<\/strong> (IP65 opsiya)<br data-start=\"325\" data-end=\"328\" \/>\u2022 <strong data-start=\"330\" data-end=\"345\">Temperature:<\/strong> -20\u202f\u00b0C \u2026 +55\u202f\u00b0C<br data-start=\"361\" data-end=\"364\" \/>\u2022 <strong data-start=\"366\" data-end=\"381\">Feature:<\/strong> Al\u00fcminium korpus, se\u00e7iml\u0259 LED i\u015f\u0131qland\u0131rma<\/p>","protected":false},"excerpt":{"rendered":"<p>\u2022 Tip: Outdoor metal analog saat\u2022 \u00d6l\u00e7\u00fc: ~50\u202fcm diametr, ~50\u202fm  [&#8230;]<\/p>","protected":false},"featured_media":10411,"comment_status":"open","ping_status":"closed","template":"","meta":[],"product_brand":[],"product_cat":[204],"product_tag":[],"class_list":{"0":"post-10410","1":"product","2":"type-product","3":"status-publish","4":"has-post-thumbnail","6":"product_cat-bodet-time","7":"pa_mehsul-tipi-metal-analogue-clocks","9":"first","10":"instock","11":"sold-individually","12":"shipping-taxable","13":"purchasable","14":"product-type-simple"},"_links":{"self":[{"href":"https:\/\/engitech.az\/en\/wp-json\/wp\/v2\/product\/10410","targetHints":{"allow":["GET"]}}],"collection":[{"href":"https:\/\/engitech.az\/en\/wp-json\/wp\/v2\/product"}],"about":[{"href":"https:\/\/engitech.az\/en\/wp-json\/wp\/v2\/types\/product"}],"replies":[{"embeddable":true,"href":"https:\/\/engitech.az\/en\/wp-json\/wp\/v2\/comments?post=10410"}],"wp:featuredmedia":[{"embeddable":true,"href":"https:\/\/engitech.az\/en\/wp-json\/wp\/v2\/media\/10411"}],"wp:attachment":[{"href":"https:\/\/engitech.az\/en\/wp-json\/wp\/v2\/media?parent=10410"}],"wp:term":[{"taxonomy":"product_brand","embeddable":true,"href":"https:\/\/engitech.az\/en\/wp-json\/wp\/v2\/product_brand?post=10410"},{"taxonomy":"product_cat","embeddable":true,"href":"https:\/\/engitech.az\/en\/wp-json\/wp\/v2\/product_cat?post=10410"},{"taxonomy":"product_tag","embeddable":true,"href":"https:\/\/engitech.az\/en\/wp-json\/wp\/v2\/product_tag?post=10410"}],"curies":[{"name":"wp","href":"https:\/\/api.w.org\/{rel}","templated":true}]}}