{"id":10481,"date":"2026-02-09T07:17:30","date_gmt":"2026-02-09T07:17:30","guid":{"rendered":"https:\/\/engitech.az\/?post_type=product&#038;p=10481"},"modified":"2026-02-09T07:17:31","modified_gmt":"2026-02-09T07:17:31","slug":"vbv-vbv-k","status":"publish","type":"product","link":"https:\/\/engitech.az\/en\/product\/vbv-vbv-k\/","title":{"rendered":"VBV &#038; VBV-K"},"content":{"rendered":"<p>\u2022 <strong data-start=\"40\" data-end=\"48\">Type:<\/strong> Yan\u011f\u0131na davaml\u0131 LSZH kabel<br data-start=\"75\" data-end=\"78\" \/>\u2022 <strong data-start=\"80\" data-end=\"93\">Usage:<\/strong> Yan\u011f\u0131n siqnalizasiya sisteml\u0259ri<br data-start=\"125\" data-end=\"128\" \/>\u2022 <strong data-start=\"130\" data-end=\"138\">VBV:<\/strong> Ekrans\u0131z<br data-start=\"147\" data-end=\"150\" \/>\u2022 <strong data-start=\"152\" data-end=\"162\">VBV-K:<\/strong> Ekranl\u0131<br data-start=\"170\" data-end=\"173\" \/>\u2022 <strong data-start=\"175\" data-end=\"190\">Feature:<\/strong> A\u015fa\u011f\u0131 t\u00fcst\u00fc, halogensiz<\/p>","protected":false},"excerpt":{"rendered":"<p>\u2022 Tip: Yan\u011f\u0131na davaml\u0131 LSZH kabel\u2022 \u0130stifad\u0259: Yan\u011f\u0131n siqnalizasiya sisteml\u0259ri\u2022  [&#8230;]<\/p>","protected":false},"featured_media":10482,"comment_status":"open","ping_status":"closed","template":"","meta":[],"product_brand":[],"product_cat":[334],"product_tag":[],"class_list":{"0":"post-10481","1":"product","2":"type-product","3":"status-publish","4":"has-post-thumbnail","6":"product_cat-erse-cablo","7":"pa_mehsul-tipi-telecommunication-cables","9":"first","10":"instock","11":"sold-individually","12":"shipping-taxable","13":"purchasable","14":"product-type-simple"},"_links":{"self":[{"href":"https:\/\/engitech.az\/en\/wp-json\/wp\/v2\/product\/10481","targetHints":{"allow":["GET"]}}],"collection":[{"href":"https:\/\/engitech.az\/en\/wp-json\/wp\/v2\/product"}],"about":[{"href":"https:\/\/engitech.az\/en\/wp-json\/wp\/v2\/types\/product"}],"replies":[{"embeddable":true,"href":"https:\/\/engitech.az\/en\/wp-json\/wp\/v2\/comments?post=10481"}],"wp:featuredmedia":[{"embeddable":true,"href":"https:\/\/engitech.az\/en\/wp-json\/wp\/v2\/media\/10482"}],"wp:attachment":[{"href":"https:\/\/engitech.az\/en\/wp-json\/wp\/v2\/media?parent=10481"}],"wp:term":[{"taxonomy":"product_brand","embeddable":true,"href":"https:\/\/engitech.az\/en\/wp-json\/wp\/v2\/product_brand?post=10481"},{"taxonomy":"product_cat","embeddable":true,"href":"https:\/\/engitech.az\/en\/wp-json\/wp\/v2\/product_cat?post=10481"},{"taxonomy":"product_tag","embeddable":true,"href":"https:\/\/engitech.az\/en\/wp-json\/wp\/v2\/product_tag?post=10481"}],"curies":[{"name":"wp","href":"https:\/\/api.w.org\/{rel}","templated":true}]}}