{"id":10487,"date":"2026-02-09T07:24:27","date_gmt":"2026-02-09T07:24:27","guid":{"rendered":"https:\/\/engitech.az\/?post_type=product&#038;p=10487"},"modified":"2026-02-09T07:24:28","modified_gmt":"2026-02-09T07:24:28","slug":"hbaph-hbaph-k","status":"publish","type":"product","link":"https:\/\/engitech.az\/en\/product\/hbaph-hbaph-k\/","title":{"rendered":"HBAPH &#038; HBAPH-K"},"content":{"rendered":"<p>\u2022 <strong data-start=\"44\" data-end=\"52\">Type:<\/strong> Yan\u011f\u0131na davaml\u0131 LSZH kabel<br data-start=\"79\" data-end=\"82\" \/>\u2022 <strong data-start=\"84\" data-end=\"97\">Usage:<\/strong> Yan\u011f\u0131n siqnalizasiya v\u0259 s\u0259sli x\u0259b\u0259rdarl\u0131q sisteml\u0259ri<br data-start=\"150\" data-end=\"153\" \/>\u2022 <strong data-start=\"155\" data-end=\"165\">HBAPH:<\/strong> Ekrans\u0131z<br data-start=\"174\" data-end=\"177\" \/>\u2022 <strong data-start=\"179\" data-end=\"191\">HBAPH-K:<\/strong> Ekranl\u0131<br data-start=\"199\" data-end=\"202\" \/>\u2022 <strong data-start=\"204\" data-end=\"219\">Feature:<\/strong> A\u015fa\u011f\u0131 t\u00fcst\u00fc, halogensiz<\/p>","protected":false},"excerpt":{"rendered":"<p>\u2022 Tip: Yan\u011f\u0131na davaml\u0131 LSZH kabel\u2022 \u0130stifad\u0259: Yan\u011f\u0131n siqnalizasiya v\u0259  [&#8230;]<\/p>","protected":false},"featured_media":10488,"comment_status":"open","ping_status":"closed","template":"","meta":[],"product_brand":[],"product_cat":[334],"product_tag":[],"class_list":{"0":"post-10487","1":"product","2":"type-product","3":"status-publish","4":"has-post-thumbnail","6":"product_cat-erse-cablo","7":"pa_mehsul-tipi-telecommunication-cables","9":"first","10":"instock","11":"sold-individually","12":"shipping-taxable","13":"purchasable","14":"product-type-simple"},"_links":{"self":[{"href":"https:\/\/engitech.az\/en\/wp-json\/wp\/v2\/product\/10487","targetHints":{"allow":["GET"]}}],"collection":[{"href":"https:\/\/engitech.az\/en\/wp-json\/wp\/v2\/product"}],"about":[{"href":"https:\/\/engitech.az\/en\/wp-json\/wp\/v2\/types\/product"}],"replies":[{"embeddable":true,"href":"https:\/\/engitech.az\/en\/wp-json\/wp\/v2\/comments?post=10487"}],"wp:featuredmedia":[{"embeddable":true,"href":"https:\/\/engitech.az\/en\/wp-json\/wp\/v2\/media\/10488"}],"wp:attachment":[{"href":"https:\/\/engitech.az\/en\/wp-json\/wp\/v2\/media?parent=10487"}],"wp:term":[{"taxonomy":"product_brand","embeddable":true,"href":"https:\/\/engitech.az\/en\/wp-json\/wp\/v2\/product_brand?post=10487"},{"taxonomy":"product_cat","embeddable":true,"href":"https:\/\/engitech.az\/en\/wp-json\/wp\/v2\/product_cat?post=10487"},{"taxonomy":"product_tag","embeddable":true,"href":"https:\/\/engitech.az\/en\/wp-json\/wp\/v2\/product_tag?post=10487"}],"curies":[{"name":"wp","href":"https:\/\/api.w.org\/{rel}","templated":true}]}}