{"id":10491,"date":"2026-02-09T07:28:13","date_gmt":"2026-02-09T07:28:13","guid":{"rendered":"https:\/\/engitech.az\/?post_type=product&#038;p=10491"},"modified":"2026-02-09T07:28:13","modified_gmt":"2026-02-09T07:28:13","slug":"j-hh-lg","status":"publish","type":"product","link":"https:\/\/engitech.az\/en\/product\/j-hh-lg\/","title":{"rendered":"J-HH&#8230;Lg"},"content":{"rendered":"<p>\u2022 <strong data-start=\"25\" data-end=\"33\">Type:<\/strong> Halogensiz z\u0259if ax\u0131m \/ siqnal kabeli<br data-start=\"70\" data-end=\"73\" \/>\u2022 <strong data-start=\"75\" data-end=\"88\">Usage:<\/strong> Telefon, interkom, siqnal v\u0259 avtomatika sisteml\u0259ri<br data-start=\"139\" data-end=\"142\" \/>\u2022 <strong data-start=\"144\" data-end=\"156\">Qurulu\u015f:<\/strong> Mis ke\u00e7irici, <strong data-start=\"171\" data-end=\"179\">LSZH<\/strong> izolyasiya<br data-start=\"190\" data-end=\"193\" \/>\u2022 <strong data-start=\"195\" data-end=\"205\">Screen:<\/strong> Variant\u0131na g\u00f6r\u0259 ekranl\u0131 (Lg)<br data-start=\"234\" data-end=\"237\" \/>\u2022 <strong data-start=\"239\" data-end=\"254\">Feature:<\/strong> Az t\u00fcst\u00fc, halogensiz, daxili m\u0259kanlar \u00fc\u00e7\u00fcn uy\u011fundur<\/p>","protected":false},"excerpt":{"rendered":"<p>\u2022 Tip: Halogensiz z\u0259if ax\u0131m \/ siqnal kabeli\u2022 \u0130stifad\u0259: Telefon,  [&#8230;]<\/p>","protected":false},"featured_media":10492,"comment_status":"open","ping_status":"closed","template":"","meta":[],"product_brand":[],"product_cat":[334],"product_tag":[],"class_list":{"0":"post-10491","1":"product","2":"type-product","3":"status-publish","4":"has-post-thumbnail","6":"product_cat-erse-cablo","7":"pa_mehsul-tipi-telecommunication-cables","9":"first","10":"instock","11":"sold-individually","12":"shipping-taxable","13":"purchasable","14":"product-type-simple"},"_links":{"self":[{"href":"https:\/\/engitech.az\/en\/wp-json\/wp\/v2\/product\/10491","targetHints":{"allow":["GET"]}}],"collection":[{"href":"https:\/\/engitech.az\/en\/wp-json\/wp\/v2\/product"}],"about":[{"href":"https:\/\/engitech.az\/en\/wp-json\/wp\/v2\/types\/product"}],"replies":[{"embeddable":true,"href":"https:\/\/engitech.az\/en\/wp-json\/wp\/v2\/comments?post=10491"}],"wp:featuredmedia":[{"embeddable":true,"href":"https:\/\/engitech.az\/en\/wp-json\/wp\/v2\/media\/10492"}],"wp:attachment":[{"href":"https:\/\/engitech.az\/en\/wp-json\/wp\/v2\/media?parent=10491"}],"wp:term":[{"taxonomy":"product_brand","embeddable":true,"href":"https:\/\/engitech.az\/en\/wp-json\/wp\/v2\/product_brand?post=10491"},{"taxonomy":"product_cat","embeddable":true,"href":"https:\/\/engitech.az\/en\/wp-json\/wp\/v2\/product_cat?post=10491"},{"taxonomy":"product_tag","embeddable":true,"href":"https:\/\/engitech.az\/en\/wp-json\/wp\/v2\/product_tag?post=10491"}],"curies":[{"name":"wp","href":"https:\/\/api.w.org\/{rel}","templated":true}]}}