{"id":10493,"date":"2026-02-09T07:31:51","date_gmt":"2026-02-09T07:31:51","guid":{"rendered":"https:\/\/engitech.az\/?post_type=product&#038;p=10493"},"modified":"2026-02-09T07:31:51","modified_gmt":"2026-02-09T07:31:51","slug":"j-ysty-lg","status":"publish","type":"product","link":"https:\/\/engitech.az\/en\/product\/j-ysty-lg\/","title":{"rendered":"J-Y(St)Y&#8230;Lg"},"content":{"rendered":"<p>\u2022 <strong data-start=\"29\" data-end=\"37\">Type:<\/strong> Ekranl\u0131 z\u0259if ax\u0131m \/ siqnal kabeli<br data-start=\"71\" data-end=\"74\" \/>\u2022 <strong data-start=\"76\" data-end=\"89\">Usage:<\/strong> Telefon, siqnal, yan\u011f\u0131n sisteml\u0259ri<br data-start=\"124\" data-end=\"127\" \/>\u2022 <strong data-start=\"129\" data-end=\"144\">\u0130zolyasiya:<\/strong> PVC<br data-start=\"148\" data-end=\"151\" \/>\u2022 <strong data-start=\"153\" data-end=\"163\">Screen:<\/strong> Folqa ekran (EMI qoruma)<br data-start=\"188\" data-end=\"191\" \/>\u2022 <strong data-start=\"193\" data-end=\"208\">Feature:<\/strong> M\u00fcdaxil\u0259y\u0259 davaml\u0131, daxili m\u0259kanlar \u00fc\u00e7\u00fcn<\/p>","protected":false},"excerpt":{"rendered":"<p>\u2022 Tip: Ekranl\u0131 z\u0259if ax\u0131m \/ siqnal kabeli\u2022 \u0130stifad\u0259: Telefon,  [&#8230;]<\/p>","protected":false},"featured_media":10494,"comment_status":"open","ping_status":"closed","template":"","meta":[],"product_brand":[],"product_cat":[334],"product_tag":[],"class_list":{"0":"post-10493","1":"product","2":"type-product","3":"status-publish","4":"has-post-thumbnail","6":"product_cat-erse-cablo","7":"pa_mehsul-tipi-telecommunication-cables","9":"first","10":"instock","11":"sold-individually","12":"shipping-taxable","13":"purchasable","14":"product-type-simple"},"_links":{"self":[{"href":"https:\/\/engitech.az\/en\/wp-json\/wp\/v2\/product\/10493","targetHints":{"allow":["GET"]}}],"collection":[{"href":"https:\/\/engitech.az\/en\/wp-json\/wp\/v2\/product"}],"about":[{"href":"https:\/\/engitech.az\/en\/wp-json\/wp\/v2\/types\/product"}],"replies":[{"embeddable":true,"href":"https:\/\/engitech.az\/en\/wp-json\/wp\/v2\/comments?post=10493"}],"wp:featuredmedia":[{"embeddable":true,"href":"https:\/\/engitech.az\/en\/wp-json\/wp\/v2\/media\/10494"}],"wp:attachment":[{"href":"https:\/\/engitech.az\/en\/wp-json\/wp\/v2\/media?parent=10493"}],"wp:term":[{"taxonomy":"product_brand","embeddable":true,"href":"https:\/\/engitech.az\/en\/wp-json\/wp\/v2\/product_brand?post=10493"},{"taxonomy":"product_cat","embeddable":true,"href":"https:\/\/engitech.az\/en\/wp-json\/wp\/v2\/product_cat?post=10493"},{"taxonomy":"product_tag","embeddable":true,"href":"https:\/\/engitech.az\/en\/wp-json\/wp\/v2\/product_tag?post=10493"}],"curies":[{"name":"wp","href":"https:\/\/api.w.org\/{rel}","templated":true}]}}