{"id":10495,"date":"2026-02-09T07:35:08","date_gmt":"2026-02-09T07:35:08","guid":{"rendered":"https:\/\/engitech.az\/?post_type=product&#038;p=10495"},"modified":"2026-02-09T07:35:09","modified_gmt":"2026-02-09T07:35:09","slug":"kpd-pap","status":"publish","type":"product","link":"https:\/\/engitech.az\/en\/product\/kpd-pap\/","title":{"rendered":"KPD-PAP"},"content":{"rendered":"<p>\u2022 <strong data-start=\"25\" data-end=\"33\">Type:<\/strong> Xarici \/ yeralt\u0131 telekommunikasiya kabeli<br data-start=\"75\" data-end=\"78\" \/>\u2022 <strong data-start=\"80\" data-end=\"93\">Usage:<\/strong> Telefon v\u0259 siqnal x\u0259tl\u0259ri<br data-start=\"119\" data-end=\"122\" \/>\u2022 <strong data-start=\"124\" data-end=\"136\">Qurulu\u015f:<\/strong> Mis ke\u00e7irici, Al-folqa ekran<br data-start=\"165\" data-end=\"168\" \/>\u2022 <strong data-start=\"170\" data-end=\"180\">\u00d6rt\u00fck:<\/strong> Qara PE<br data-start=\"188\" data-end=\"191\" \/>\u2022 <strong data-start=\"193\" data-end=\"208\">Feature:<\/strong> Torpa\u011fa basd\u0131r\u0131lma\u011fa v\u0259 \u00e7\u00f6l \u015f\u0259raitin\u0259 uy\u011fundur<\/p>","protected":false},"excerpt":{"rendered":"<p>\u2022 Tip: Xarici \/ yeralt\u0131 telekommunikasiya kabeli\u2022 \u0130stifad\u0259: Telefon v\u0259  [&#8230;]<\/p>","protected":false},"featured_media":10496,"comment_status":"open","ping_status":"closed","template":"","meta":[],"product_brand":[],"product_cat":[334],"product_tag":[],"class_list":{"0":"post-10495","1":"product","2":"type-product","3":"status-publish","4":"has-post-thumbnail","6":"product_cat-erse-cablo","7":"pa_mehsul-tipi-telecommunication-cables","9":"first","10":"instock","11":"sold-individually","12":"shipping-taxable","13":"purchasable","14":"product-type-simple"},"_links":{"self":[{"href":"https:\/\/engitech.az\/en\/wp-json\/wp\/v2\/product\/10495","targetHints":{"allow":["GET"]}}],"collection":[{"href":"https:\/\/engitech.az\/en\/wp-json\/wp\/v2\/product"}],"about":[{"href":"https:\/\/engitech.az\/en\/wp-json\/wp\/v2\/types\/product"}],"replies":[{"embeddable":true,"href":"https:\/\/engitech.az\/en\/wp-json\/wp\/v2\/comments?post=10495"}],"wp:featuredmedia":[{"embeddable":true,"href":"https:\/\/engitech.az\/en\/wp-json\/wp\/v2\/media\/10496"}],"wp:attachment":[{"href":"https:\/\/engitech.az\/en\/wp-json\/wp\/v2\/media?parent=10495"}],"wp:term":[{"taxonomy":"product_brand","embeddable":true,"href":"https:\/\/engitech.az\/en\/wp-json\/wp\/v2\/product_brand?post=10495"},{"taxonomy":"product_cat","embeddable":true,"href":"https:\/\/engitech.az\/en\/wp-json\/wp\/v2\/product_cat?post=10495"},{"taxonomy":"product_tag","embeddable":true,"href":"https:\/\/engitech.az\/en\/wp-json\/wp\/v2\/product_tag?post=10495"}],"curies":[{"name":"wp","href":"https:\/\/api.w.org\/{rel}","templated":true}]}}