{"id":10497,"date":"2026-02-09T08:26:03","date_gmt":"2026-02-09T08:26:03","guid":{"rendered":"https:\/\/engitech.az\/?post_type=product&#038;p=10497"},"modified":"2026-02-09T08:26:03","modified_gmt":"2026-02-09T08:26:03","slug":"erline-cat-6-u-utp","status":"publish","type":"product","link":"https:\/\/engitech.az\/en\/product\/erline-cat-6-u-utp\/","title":{"rendered":"ERLINE CAT-6 U\/UTP"},"content":{"rendered":"<p>\u2022 <strong data-start=\"36\" data-end=\"44\">Type:<\/strong> CAT-6 data kabeli (U\/UTP \u2013 ekrans\u0131z)<br data-start=\"81\" data-end=\"84\" \/>\u2022 <strong data-start=\"86\" data-end=\"99\">Usage:<\/strong> \u015e\u0259b\u0259k\u0259 (LAN), data \u00f6t\u00fcr\u00fclm\u0259si<br data-start=\"129\" data-end=\"132\" \/>\u2022 <strong data-start=\"134\" data-end=\"144\">Speed:<\/strong> 1 Gbps-\u0259 q\u0259d\u0259r (250 MHz)<br data-start=\"169\" data-end=\"172\" \/>\u2022 <strong data-start=\"174\" data-end=\"186\">Qurulu\u015f:<\/strong> Mis ke\u00e7irici, b\u00fck\u00fcl\u00fc c\u00fctl\u0259r<br data-start=\"214\" data-end=\"217\" \/>\u2022 <strong data-start=\"219\" data-end=\"230\">Application:<\/strong> Ofis, bina daxili \u015f\u0259b\u0259k\u0259l\u0259r<\/p>","protected":false},"excerpt":{"rendered":"<p>\u2022 Tip: CAT-6 data kabeli (U\/UTP \u2013 ekrans\u0131z)\u2022 \u0130stifad\u0259: \u015e\u0259b\u0259k\u0259  [&#8230;]<\/p>","protected":false},"featured_media":10503,"comment_status":"open","ping_status":"closed","template":"","meta":[],"product_brand":[],"product_cat":[334],"product_tag":[],"class_list":{"0":"post-10497","1":"product","2":"type-product","3":"status-publish","4":"has-post-thumbnail","6":"product_cat-erse-cablo","7":"pa_mehsul-tipi-erline-data-transmission-cables","9":"first","10":"instock","11":"sold-individually","12":"shipping-taxable","13":"purchasable","14":"product-type-simple"},"_links":{"self":[{"href":"https:\/\/engitech.az\/en\/wp-json\/wp\/v2\/product\/10497","targetHints":{"allow":["GET"]}}],"collection":[{"href":"https:\/\/engitech.az\/en\/wp-json\/wp\/v2\/product"}],"about":[{"href":"https:\/\/engitech.az\/en\/wp-json\/wp\/v2\/types\/product"}],"replies":[{"embeddable":true,"href":"https:\/\/engitech.az\/en\/wp-json\/wp\/v2\/comments?post=10497"}],"wp:featuredmedia":[{"embeddable":true,"href":"https:\/\/engitech.az\/en\/wp-json\/wp\/v2\/media\/10503"}],"wp:attachment":[{"href":"https:\/\/engitech.az\/en\/wp-json\/wp\/v2\/media?parent=10497"}],"wp:term":[{"taxonomy":"product_brand","embeddable":true,"href":"https:\/\/engitech.az\/en\/wp-json\/wp\/v2\/product_brand?post=10497"},{"taxonomy":"product_cat","embeddable":true,"href":"https:\/\/engitech.az\/en\/wp-json\/wp\/v2\/product_cat?post=10497"},{"taxonomy":"product_tag","embeddable":true,"href":"https:\/\/engitech.az\/en\/wp-json\/wp\/v2\/product_tag?post=10497"}],"curies":[{"name":"wp","href":"https:\/\/api.w.org\/{rel}","templated":true}]}}