{"id":10504,"date":"2026-02-09T08:29:18","date_gmt":"2026-02-09T08:29:18","guid":{"rendered":"https:\/\/engitech.az\/?post_type=product&#038;p=10504"},"modified":"2026-02-09T08:29:19","modified_gmt":"2026-02-09T08:29:19","slug":"erline-cat-6-u-utp-lszh","status":"publish","type":"product","link":"https:\/\/engitech.az\/en\/product\/erline-cat-6-u-utp-lszh\/","title":{"rendered":"ERLINE CAT-6 U\/UTP LSZH"},"content":{"rendered":"<p>\u2022 <strong data-start=\"41\" data-end=\"49\">Type:<\/strong> CAT-6 data kabeli (U\/UTP, ekrans\u0131z)<br data-start=\"85\" data-end=\"88\" \/>\u2022 <strong data-start=\"90\" data-end=\"103\">Usage:<\/strong> LAN \/ \u015f\u0259b\u0259k\u0259 data \u00f6t\u00fcr\u00fclm\u0259si<br data-start=\"132\" data-end=\"135\" \/>\u2022 <strong data-start=\"137\" data-end=\"147\">Speed:<\/strong> 1 Gbps-\u0259 q\u0259d\u0259r (250 MHz)<br data-start=\"172\" data-end=\"175\" \/>\u2022 <strong data-start=\"177\" data-end=\"187\">\u00d6rt\u00fck:<\/strong> <strong data-start=\"188\" data-end=\"196\">LSZH<\/strong> (az t\u00fcst\u00fc, halogensiz)<br data-start=\"219\" data-end=\"222\" \/>\u2022 <strong data-start=\"224\" data-end=\"235\">Application:<\/strong> Ofis v\u0259 ictimai binalar \u00fc\u00e7\u00fcn t\u0259hl\u00fck\u0259siz daxili qura\u015fd\u0131rma<\/p>","protected":false},"excerpt":{"rendered":"<p>\u2022 Tip: CAT-6 data kabeli (U\/UTP, ekrans\u0131z)\u2022 \u0130stifad\u0259: LAN \/  [&#8230;]<\/p>","protected":false},"featured_media":10505,"comment_status":"open","ping_status":"closed","template":"","meta":[],"product_brand":[],"product_cat":[334],"product_tag":[],"class_list":{"0":"post-10504","1":"product","2":"type-product","3":"status-publish","4":"has-post-thumbnail","6":"product_cat-erse-cablo","7":"pa_mehsul-tipi-erline-data-transmission-cables","9":"first","10":"instock","11":"sold-individually","12":"shipping-taxable","13":"purchasable","14":"product-type-simple"},"_links":{"self":[{"href":"https:\/\/engitech.az\/en\/wp-json\/wp\/v2\/product\/10504","targetHints":{"allow":["GET"]}}],"collection":[{"href":"https:\/\/engitech.az\/en\/wp-json\/wp\/v2\/product"}],"about":[{"href":"https:\/\/engitech.az\/en\/wp-json\/wp\/v2\/types\/product"}],"replies":[{"embeddable":true,"href":"https:\/\/engitech.az\/en\/wp-json\/wp\/v2\/comments?post=10504"}],"wp:featuredmedia":[{"embeddable":true,"href":"https:\/\/engitech.az\/en\/wp-json\/wp\/v2\/media\/10505"}],"wp:attachment":[{"href":"https:\/\/engitech.az\/en\/wp-json\/wp\/v2\/media?parent=10504"}],"wp:term":[{"taxonomy":"product_brand","embeddable":true,"href":"https:\/\/engitech.az\/en\/wp-json\/wp\/v2\/product_brand?post=10504"},{"taxonomy":"product_cat","embeddable":true,"href":"https:\/\/engitech.az\/en\/wp-json\/wp\/v2\/product_cat?post=10504"},{"taxonomy":"product_tag","embeddable":true,"href":"https:\/\/engitech.az\/en\/wp-json\/wp\/v2\/product_tag?post=10504"}],"curies":[{"name":"wp","href":"https:\/\/api.w.org\/{rel}","templated":true}]}}