{"id":10510,"date":"2026-02-09T08:35:39","date_gmt":"2026-02-09T08:35:39","guid":{"rendered":"https:\/\/engitech.az\/?post_type=product&#038;p=10510"},"modified":"2026-02-09T08:35:39","modified_gmt":"2026-02-09T08:35:39","slug":"liysty-pimf","status":"publish","type":"product","link":"https:\/\/engitech.az\/en\/product\/liysty-pimf\/","title":{"rendered":"LIY(St)Y PIMF"},"content":{"rendered":"<p>\u2022 <strong data-start=\"31\" data-end=\"39\">Type:<\/strong> Ekranl\u0131 siqnal \/ data kabeli<br data-start=\"68\" data-end=\"71\" \/>\u2022 <strong data-start=\"73\" data-end=\"82\">PIMF:<\/strong> H\u0259r c\u00fct ayr\u0131ca folqa il\u0259 ekranlan\u0131b<br data-start=\"118\" data-end=\"121\" \/>\u2022 <strong data-start=\"123\" data-end=\"136\">Usage:<\/strong> Avtomatika, s\u0259naye siqnallar\u0131, data \u00f6t\u00fcr\u00fclm\u0259si<br data-start=\"183\" data-end=\"186\" \/>\u2022 <strong data-start=\"188\" data-end=\"203\">\u0130zolyasiya:<\/strong> PVC<br data-start=\"207\" data-end=\"210\" \/>\u2022 <strong data-start=\"212\" data-end=\"227\">Feature:<\/strong> Y\u00fcks\u0259k EMI qorumas\u0131, stabil siqnal \u00f6t\u00fcr\u00fclm\u0259si<\/p>","protected":false},"excerpt":{"rendered":"<p>\u2022 Tip: Ekranl\u0131 siqnal \/ data kabeli\u2022 PIMF: H\u0259r c\u00fct  [&#8230;]<\/p>","protected":false},"featured_media":10511,"comment_status":"open","ping_status":"closed","template":"","meta":[],"product_brand":[],"product_cat":[334],"product_tag":[],"class_list":{"0":"post-10510","1":"product","2":"type-product","3":"status-publish","4":"has-post-thumbnail","6":"product_cat-erse-cablo","7":"pa_mehsul-tipi-erline-data-transmission-cables","9":"first","10":"instock","11":"sold-individually","12":"shipping-taxable","13":"purchasable","14":"product-type-simple"},"_links":{"self":[{"href":"https:\/\/engitech.az\/en\/wp-json\/wp\/v2\/product\/10510","targetHints":{"allow":["GET"]}}],"collection":[{"href":"https:\/\/engitech.az\/en\/wp-json\/wp\/v2\/product"}],"about":[{"href":"https:\/\/engitech.az\/en\/wp-json\/wp\/v2\/types\/product"}],"replies":[{"embeddable":true,"href":"https:\/\/engitech.az\/en\/wp-json\/wp\/v2\/comments?post=10510"}],"wp:featuredmedia":[{"embeddable":true,"href":"https:\/\/engitech.az\/en\/wp-json\/wp\/v2\/media\/10511"}],"wp:attachment":[{"href":"https:\/\/engitech.az\/en\/wp-json\/wp\/v2\/media?parent=10510"}],"wp:term":[{"taxonomy":"product_brand","embeddable":true,"href":"https:\/\/engitech.az\/en\/wp-json\/wp\/v2\/product_brand?post=10510"},{"taxonomy":"product_cat","embeddable":true,"href":"https:\/\/engitech.az\/en\/wp-json\/wp\/v2\/product_cat?post=10510"},{"taxonomy":"product_tag","embeddable":true,"href":"https:\/\/engitech.az\/en\/wp-json\/wp\/v2\/product_tag?post=10510"}],"curies":[{"name":"wp","href":"https:\/\/api.w.org\/{rel}","templated":true}]}}