{"id":10512,"date":"2026-02-09T08:37:14","date_gmt":"2026-02-09T08:37:14","guid":{"rendered":"https:\/\/engitech.az\/?post_type=product&#038;p=10512"},"modified":"2026-02-09T08:37:14","modified_gmt":"2026-02-09T08:37:14","slug":"liystcy-pimf","status":"publish","type":"product","link":"https:\/\/engitech.az\/en\/product\/liystcy-pimf\/","title":{"rendered":"LIY(St)CY PIMF"},"content":{"rendered":"<p>\u2022 <strong data-start=\"32\" data-end=\"40\">Type:<\/strong> Ekranl\u0131 siqnal \/ data kabeli<br data-start=\"69\" data-end=\"72\" \/>\u2022 <strong data-start=\"74\" data-end=\"83\">PIMF:<\/strong> H\u0259r c\u00fct ayr\u0131ca folqa ekranl\u0131<br data-start=\"112\" data-end=\"115\" \/>\u2022 <strong data-start=\"117\" data-end=\"127\">Screen:<\/strong> \u00dcmumi mis \u00f6rg\u00fc + folqa<br data-start=\"150\" data-end=\"153\" \/>\u2022 <strong data-start=\"155\" data-end=\"168\">Usage:<\/strong> Avtomatika, s\u0259naye v\u0259 \u00f6l\u00e7m\u0259 sisteml\u0259ri<br data-start=\"207\" data-end=\"210\" \/>\u2022 <strong data-start=\"212\" data-end=\"227\">\u0130zolyasiya:<\/strong> PVC<br data-start=\"231\" data-end=\"234\" \/>\u2022 <strong data-start=\"236\" data-end=\"251\">Feature:<\/strong> Y\u00fcks\u0259k EMI qorumas\u0131, etibarl\u0131 siqnal \u00f6t\u00fcr\u00fclm\u0259si<\/p>","protected":false},"excerpt":{"rendered":"<p>\u2022 Tip: Ekranl\u0131 siqnal \/ data kabeli\u2022 PIMF: H\u0259r c\u00fct  [&#8230;]<\/p>","protected":false},"featured_media":10513,"comment_status":"open","ping_status":"closed","template":"","meta":[],"product_brand":[],"product_cat":[334],"product_tag":[],"class_list":{"0":"post-10512","1":"product","2":"type-product","3":"status-publish","4":"has-post-thumbnail","6":"product_cat-erse-cablo","7":"pa_mehsul-tipi-erline-data-transmission-cables","9":"first","10":"instock","11":"sold-individually","12":"shipping-taxable","13":"purchasable","14":"product-type-simple"},"_links":{"self":[{"href":"https:\/\/engitech.az\/en\/wp-json\/wp\/v2\/product\/10512","targetHints":{"allow":["GET"]}}],"collection":[{"href":"https:\/\/engitech.az\/en\/wp-json\/wp\/v2\/product"}],"about":[{"href":"https:\/\/engitech.az\/en\/wp-json\/wp\/v2\/types\/product"}],"replies":[{"embeddable":true,"href":"https:\/\/engitech.az\/en\/wp-json\/wp\/v2\/comments?post=10512"}],"wp:featuredmedia":[{"embeddable":true,"href":"https:\/\/engitech.az\/en\/wp-json\/wp\/v2\/media\/10513"}],"wp:attachment":[{"href":"https:\/\/engitech.az\/en\/wp-json\/wp\/v2\/media?parent=10512"}],"wp:term":[{"taxonomy":"product_brand","embeddable":true,"href":"https:\/\/engitech.az\/en\/wp-json\/wp\/v2\/product_brand?post=10512"},{"taxonomy":"product_cat","embeddable":true,"href":"https:\/\/engitech.az\/en\/wp-json\/wp\/v2\/product_cat?post=10512"},{"taxonomy":"product_tag","embeddable":true,"href":"https:\/\/engitech.az\/en\/wp-json\/wp\/v2\/product_tag?post=10512"}],"curies":[{"name":"wp","href":"https:\/\/api.w.org\/{rel}","templated":true}]}}