{"id":10514,"date":"2026-02-09T08:51:21","date_gmt":"2026-02-09T08:51:21","guid":{"rendered":"https:\/\/engitech.az\/?post_type=product&#038;p=10514"},"modified":"2026-02-09T08:51:21","modified_gmt":"2026-02-09T08:51:21","slug":"li2ysty-pimf","status":"publish","type":"product","link":"https:\/\/engitech.az\/en\/product\/li2ysty-pimf\/","title":{"rendered":"LI2Y(St)Y PIMF"},"content":{"rendered":"<p>\u2022 <strong data-start=\"32\" data-end=\"40\">Type:<\/strong> Ekranl\u0131 siqnal \/ data kabeli<br data-start=\"69\" data-end=\"72\" \/>\u2022 <strong data-start=\"74\" data-end=\"83\">PIMF:<\/strong> H\u0259r c\u00fct ayr\u0131ca folqa il\u0259 ekranlan\u0131b<br data-start=\"119\" data-end=\"122\" \/>\u2022 <strong data-start=\"124\" data-end=\"139\">\u0130zolyasiya:<\/strong> <strong data-start=\"140\" data-end=\"153\">PE (LI2Y)<\/strong> \u2013 a\u015fa\u011f\u0131 itki, stabil \u00f6t\u00fcrm\u0259<br data-start=\"181\" data-end=\"184\" \/>\u2022 <strong data-start=\"186\" data-end=\"196\">Screen:<\/strong> \u00dcmumi folqa (St)<br data-start=\"213\" data-end=\"216\" \/>\u2022 <strong data-start=\"218\" data-end=\"231\">Usage:<\/strong> S\u0259naye avtomatikas\u0131, \u00f6l\u00e7m\u0259 v\u0259 data sisteml\u0259ri<br data-start=\"277\" data-end=\"280\" \/>\u2022 <strong data-start=\"282\" data-end=\"297\">Feature:<\/strong> Y\u00fcks\u0259k EMI qorumas\u0131, etibarl\u0131 siqnal \u00f6t\u00fcr\u00fclm\u0259si<\/p>","protected":false},"excerpt":{"rendered":"<p>\u2022 Tip: Ekranl\u0131 siqnal \/ data kabeli\u2022 PIMF: H\u0259r c\u00fct  [&#8230;]<\/p>","protected":false},"featured_media":10515,"comment_status":"open","ping_status":"closed","template":"","meta":[],"product_brand":[],"product_cat":[334],"product_tag":[],"class_list":{"0":"post-10514","1":"product","2":"type-product","3":"status-publish","4":"has-post-thumbnail","6":"product_cat-erse-cablo","7":"pa_mehsul-tipi-erline-data-transmission-cables","9":"first","10":"instock","11":"sold-individually","12":"shipping-taxable","13":"purchasable","14":"product-type-simple"},"_links":{"self":[{"href":"https:\/\/engitech.az\/en\/wp-json\/wp\/v2\/product\/10514","targetHints":{"allow":["GET"]}}],"collection":[{"href":"https:\/\/engitech.az\/en\/wp-json\/wp\/v2\/product"}],"about":[{"href":"https:\/\/engitech.az\/en\/wp-json\/wp\/v2\/types\/product"}],"replies":[{"embeddable":true,"href":"https:\/\/engitech.az\/en\/wp-json\/wp\/v2\/comments?post=10514"}],"wp:featuredmedia":[{"embeddable":true,"href":"https:\/\/engitech.az\/en\/wp-json\/wp\/v2\/media\/10515"}],"wp:attachment":[{"href":"https:\/\/engitech.az\/en\/wp-json\/wp\/v2\/media?parent=10514"}],"wp:term":[{"taxonomy":"product_brand","embeddable":true,"href":"https:\/\/engitech.az\/en\/wp-json\/wp\/v2\/product_brand?post=10514"},{"taxonomy":"product_cat","embeddable":true,"href":"https:\/\/engitech.az\/en\/wp-json\/wp\/v2\/product_cat?post=10514"},{"taxonomy":"product_tag","embeddable":true,"href":"https:\/\/engitech.az\/en\/wp-json\/wp\/v2\/product_tag?post=10514"}],"curies":[{"name":"wp","href":"https:\/\/api.w.org\/{rel}","templated":true}]}}