{"id":10516,"date":"2026-02-09T08:53:48","date_gmt":"2026-02-09T08:53:48","guid":{"rendered":"https:\/\/engitech.az\/?post_type=product&#038;p=10516"},"modified":"2026-02-09T08:53:48","modified_gmt":"2026-02-09T08:53:48","slug":"li2ystch-pimf","status":"publish","type":"product","link":"https:\/\/engitech.az\/en\/product\/li2ystch-pimf\/","title":{"rendered":"LI2Y(St)CH PIMF"},"content":{"rendered":"<p>\u2022 <strong data-start=\"33\" data-end=\"41\">Type:<\/strong> Y\u00fcks\u0259k qorunmal\u0131 siqnal \/ data kabeli<br data-start=\"79\" data-end=\"82\" \/>\u2022 <strong data-start=\"84\" data-end=\"93\">PIMF:<\/strong> H\u0259r c\u00fct ayr\u0131ca folqa ekranl\u0131<br data-start=\"122\" data-end=\"125\" \/>\u2022 <strong data-start=\"127\" data-end=\"142\">\u0130zolyasiya:<\/strong> <strong data-start=\"143\" data-end=\"156\">PE (LI2Y)<\/strong><br data-start=\"156\" data-end=\"159\" \/>\u2022 <strong data-start=\"161\" data-end=\"171\">Screen:<\/strong> \u00dcmumi folqa (St) + mis \u00f6rg\u00fc (CH)<br data-start=\"204\" data-end=\"207\" \/>\u2022 <strong data-start=\"209\" data-end=\"222\">Usage:<\/strong> S\u0259naye avtomatikas\u0131, \u00f6l\u00e7m\u0259 v\u0259 data sisteml\u0259ri<br data-start=\"268\" data-end=\"271\" \/>\u2022 <strong data-start=\"273\" data-end=\"288\">Feature:<\/strong> \u00c7ox y\u00fcks\u0259k EMI qorumas\u0131, stabil \u00f6t\u00fcrm\u0259<\/p>","protected":false},"excerpt":{"rendered":"<p>\u2022 Tip: Y\u00fcks\u0259k qorunmal\u0131 siqnal \/ data kabeli\u2022 PIMF: H\u0259r  [&#8230;]<\/p>","protected":false},"featured_media":10517,"comment_status":"open","ping_status":"closed","template":"","meta":[],"product_brand":[],"product_cat":[334],"product_tag":[],"class_list":{"0":"post-10516","1":"product","2":"type-product","3":"status-publish","4":"has-post-thumbnail","6":"product_cat-erse-cablo","7":"pa_mehsul-tipi-erline-data-transmission-cables","9":"first","10":"instock","11":"sold-individually","12":"shipping-taxable","13":"purchasable","14":"product-type-simple"},"_links":{"self":[{"href":"https:\/\/engitech.az\/en\/wp-json\/wp\/v2\/product\/10516","targetHints":{"allow":["GET"]}}],"collection":[{"href":"https:\/\/engitech.az\/en\/wp-json\/wp\/v2\/product"}],"about":[{"href":"https:\/\/engitech.az\/en\/wp-json\/wp\/v2\/types\/product"}],"replies":[{"embeddable":true,"href":"https:\/\/engitech.az\/en\/wp-json\/wp\/v2\/comments?post=10516"}],"wp:featuredmedia":[{"embeddable":true,"href":"https:\/\/engitech.az\/en\/wp-json\/wp\/v2\/media\/10517"}],"wp:attachment":[{"href":"https:\/\/engitech.az\/en\/wp-json\/wp\/v2\/media?parent=10516"}],"wp:term":[{"taxonomy":"product_brand","embeddable":true,"href":"https:\/\/engitech.az\/en\/wp-json\/wp\/v2\/product_brand?post=10516"},{"taxonomy":"product_cat","embeddable":true,"href":"https:\/\/engitech.az\/en\/wp-json\/wp\/v2\/product_cat?post=10516"},{"taxonomy":"product_tag","embeddable":true,"href":"https:\/\/engitech.az\/en\/wp-json\/wp\/v2\/product_tag?post=10516"}],"curies":[{"name":"wp","href":"https:\/\/api.w.org\/{rel}","templated":true}]}}