{"id":10518,"date":"2026-02-09T08:56:15","date_gmt":"2026-02-09T08:56:15","guid":{"rendered":"https:\/\/engitech.az\/?post_type=product&#038;p=10518"},"modified":"2026-02-09T08:56:15","modified_gmt":"2026-02-09T08:56:15","slug":"li2ystcy-rs-485","status":"publish","type":"product","link":"https:\/\/engitech.az\/en\/product\/li2ystcy-rs-485\/","title":{"rendered":"LI2Y(St)CY (RS 485)"},"content":{"rendered":"<div class=\"flex flex-col text-sm pb-25\">\n<article class=\"text-token-text-primary w-full focus:outline-none [--shadow-height:45px] has-data-writing-block:pointer-events-none has-data-writing-block:-mt-(--shadow-height) has-data-writing-block:pt-(--shadow-height) [&amp;:has([data-writing-block])&gt;*]:pointer-events-auto scroll-mt-[calc(var(--header-height)+min(200px,max(70px,20svh)))]\" dir=\"auto\" tabindex=\"-1\" data-turn-id=\"c74a2f32-a34d-4969-9182-57a7566220b9\" data-testid=\"conversation-turn-206\" data-scroll-anchor=\"true\" data-turn=\"assistant\">\n<div class=\"text-base my-auto mx-auto pb-10 [--thread-content-margin:--spacing(4)] @w-sm\/main:[--thread-content-margin:--spacing(6)] @w-lg\/main:[--thread-content-margin:--spacing(16)] px-(--thread-content-margin)\">\n<div class=\"[--thread-content-max-width:40rem] @w-lg\/main:[--thread-content-max-width:48rem] mx-auto max-w-(--thread-content-max-width) flex-1 group\/turn-messages focus-visible:outline-hidden relative flex w-full min-w-0 flex-col agent-turn\" tabindex=\"-1\">\n<div class=\"flex max-w-full flex-col grow\">\n<div class=\"min-h-8 text-message relative flex w-full flex-col items-end gap-2 text-start break-words whitespace-normal [.text-message+&amp;]:mt-1\" dir=\"auto\" data-message-author-role=\"assistant\" data-message-id=\"545259a8-2cb4-4a3c-a5c3-7646ce750e25\" data-message-model-slug=\"gpt-5-2\">\n<div class=\"flex w-full flex-col gap-1 empty:hidden first:pt-[1px]\">\n<div class=\"markdown prose dark:prose-invert w-full wrap-break-word dark markdown-new-styling\">\n<p data-start=\"35\" data-end=\"275\" data-is-last-node=\"\" data-is-only-node=\"\">\u2022 <strong data-start=\"37\" data-end=\"45\">Type:<\/strong> RS-485 \u00fc\u00e7\u00fcn s\u0259naye data kabeli<br data-start=\"76\" data-end=\"79\" \/>\u2022 <strong data-start=\"81\" data-end=\"96\">\u0130zolyasiya:<\/strong> <strong data-start=\"97\" data-end=\"110\">PE (LI2Y)<\/strong><br data-start=\"110\" data-end=\"113\" \/>\u2022 <strong data-start=\"115\" data-end=\"125\">Screen:<\/strong> Folqa (St) + mis \u00f6rg\u00fc (CY)<br data-start=\"152\" data-end=\"155\" \/>\u2022 <strong data-start=\"157\" data-end=\"170\">Usage:<\/strong> RS-485, Modbus, s\u0259naye avtomatikas\u0131<br data-start=\"206\" data-end=\"209\" \/>\u2022 <strong data-start=\"211\" data-end=\"226\">Feature:<\/strong> Y\u00fcks\u0259k EMI qorumas\u0131, stabil uzun m\u0259saf\u0259li \u00f6t\u00fcrm\u0259<\/p>\n<\/div>\n<\/div>\n<\/div>\n<\/div>\n<div class=\"z-0 flex min-h-[46px] justify-start\"><\/div>\n<div class=\"mt-3 w-full empty:hidden\">\n<div class=\"text-center\"><\/div>\n<\/div>\n<\/div>\n<\/div>\n<\/article>\n<\/div>\n<div class=\"pointer-events-none h-px w-px absolute bottom-0\" aria-hidden=\"true\" data-edge=\"true\"><\/div>","protected":false},"excerpt":{"rendered":"<p>\u2022 Tip: RS-485 \u00fc\u00e7\u00fcn s\u0259naye data kabeli\u2022 \u0130zolyasiya: PE (LI2Y)\u2022  [&#8230;]<\/p>","protected":false},"featured_media":10519,"comment_status":"open","ping_status":"closed","template":"","meta":[],"product_brand":[],"product_cat":[334],"product_tag":[],"class_list":{"0":"post-10518","1":"product","2":"type-product","3":"status-publish","4":"has-post-thumbnail","6":"product_cat-erse-cablo","7":"pa_mehsul-tipi-erline-data-transmission-cables","9":"first","10":"instock","11":"sold-individually","12":"shipping-taxable","13":"purchasable","14":"product-type-simple"},"_links":{"self":[{"href":"https:\/\/engitech.az\/en\/wp-json\/wp\/v2\/product\/10518","targetHints":{"allow":["GET"]}}],"collection":[{"href":"https:\/\/engitech.az\/en\/wp-json\/wp\/v2\/product"}],"about":[{"href":"https:\/\/engitech.az\/en\/wp-json\/wp\/v2\/types\/product"}],"replies":[{"embeddable":true,"href":"https:\/\/engitech.az\/en\/wp-json\/wp\/v2\/comments?post=10518"}],"wp:featuredmedia":[{"embeddable":true,"href":"https:\/\/engitech.az\/en\/wp-json\/wp\/v2\/media\/10519"}],"wp:attachment":[{"href":"https:\/\/engitech.az\/en\/wp-json\/wp\/v2\/media?parent=10518"}],"wp:term":[{"taxonomy":"product_brand","embeddable":true,"href":"https:\/\/engitech.az\/en\/wp-json\/wp\/v2\/product_brand?post=10518"},{"taxonomy":"product_cat","embeddable":true,"href":"https:\/\/engitech.az\/en\/wp-json\/wp\/v2\/product_cat?post=10518"},{"taxonomy":"product_tag","embeddable":true,"href":"https:\/\/engitech.az\/en\/wp-json\/wp\/v2\/product_tag?post=10518"}],"curies":[{"name":"wp","href":"https:\/\/api.w.org\/{rel}","templated":true}]}}