{"id":10520,"date":"2026-02-09T08:58:29","date_gmt":"2026-02-09T08:58:29","guid":{"rendered":"https:\/\/engitech.az\/?post_type=product&#038;p=10520"},"modified":"2026-02-09T08:58:29","modified_gmt":"2026-02-09T08:58:29","slug":"profibus-dp","status":"publish","type":"product","link":"https:\/\/engitech.az\/en\/product\/profibus-dp\/","title":{"rendered":"PROFIBUS-DP"},"content":{"rendered":"<p>\u2022 <strong data-start=\"29\" data-end=\"37\">Type:<\/strong> S\u0259naye fieldbus rabit\u0259 protokolu<br data-start=\"70\" data-end=\"73\" \/>\u2022 <strong data-start=\"75\" data-end=\"88\">Usage:<\/strong> PLC\u2013sensor\/aktuator \u0259laq\u0259si<br data-start=\"116\" data-end=\"119\" \/>\u2022 <strong data-start=\"121\" data-end=\"131\">Speed:<\/strong> 9.6 kbps \u2013 12 Mbps<br data-start=\"150\" data-end=\"153\" \/>\u2022 <strong data-start=\"155\" data-end=\"170\">Topologiya:<\/strong> Bus (RS-485 \u0259sasl\u0131)<br data-start=\"190\" data-end=\"193\" \/>\u2022 <strong data-start=\"195\" data-end=\"210\">Feature:<\/strong> S\u00fcr\u0259tli, etibarl\u0131, real-time data \u00f6t\u00fcr\u00fclm\u0259si<\/p>","protected":false},"excerpt":{"rendered":"<p>\u2022 Tip: S\u0259naye fieldbus rabit\u0259 protokolu\u2022 \u0130stifad\u0259: PLC\u2013sensor\/aktuator \u0259laq\u0259si\u2022 S\u00fcr\u0259t:  [&#8230;]<\/p>","protected":false},"featured_media":10521,"comment_status":"open","ping_status":"closed","template":"","meta":[],"product_brand":[],"product_cat":[334],"product_tag":[],"class_list":{"0":"post-10520","1":"product","2":"type-product","3":"status-publish","4":"has-post-thumbnail","6":"product_cat-erse-cablo","7":"pa_mehsul-tipi-erline-data-transmission-cables","9":"first","10":"instock","11":"sold-individually","12":"shipping-taxable","13":"purchasable","14":"product-type-simple"},"_links":{"self":[{"href":"https:\/\/engitech.az\/en\/wp-json\/wp\/v2\/product\/10520","targetHints":{"allow":["GET"]}}],"collection":[{"href":"https:\/\/engitech.az\/en\/wp-json\/wp\/v2\/product"}],"about":[{"href":"https:\/\/engitech.az\/en\/wp-json\/wp\/v2\/types\/product"}],"replies":[{"embeddable":true,"href":"https:\/\/engitech.az\/en\/wp-json\/wp\/v2\/comments?post=10520"}],"wp:featuredmedia":[{"embeddable":true,"href":"https:\/\/engitech.az\/en\/wp-json\/wp\/v2\/media\/10521"}],"wp:attachment":[{"href":"https:\/\/engitech.az\/en\/wp-json\/wp\/v2\/media?parent=10520"}],"wp:term":[{"taxonomy":"product_brand","embeddable":true,"href":"https:\/\/engitech.az\/en\/wp-json\/wp\/v2\/product_brand?post=10520"},{"taxonomy":"product_cat","embeddable":true,"href":"https:\/\/engitech.az\/en\/wp-json\/wp\/v2\/product_cat?post=10520"},{"taxonomy":"product_tag","embeddable":true,"href":"https:\/\/engitech.az\/en\/wp-json\/wp\/v2\/product_tag?post=10520"}],"curies":[{"name":"wp","href":"https:\/\/api.w.org\/{rel}","templated":true}]}}