{"id":10526,"date":"2026-02-09T10:14:46","date_gmt":"2026-02-09T10:14:46","guid":{"rendered":"https:\/\/engitech.az\/?post_type=product&#038;p=10526"},"modified":"2026-02-09T10:14:46","modified_gmt":"2026-02-09T10:14:46","slug":"eib-hsth","status":"publish","type":"product","link":"https:\/\/engitech.az\/en\/product\/eib-hsth\/","title":{"rendered":"EIB-H(St)H"},"content":{"rendered":"<div class=\"flex flex-col text-sm pb-25\">\n<article class=\"text-token-text-primary w-full focus:outline-none [--shadow-height:45px] has-data-writing-block:pointer-events-none has-data-writing-block:-mt-(--shadow-height) has-data-writing-block:pt-(--shadow-height) [&amp;:has([data-writing-block])&gt;*]:pointer-events-auto scroll-mt-[calc(var(--header-height)+min(200px,max(70px,20svh)))]\" dir=\"auto\" tabindex=\"-1\" data-turn-id=\"e55f5bc2-0482-43f1-a946-eabc3a577a63\" data-testid=\"conversation-turn-214\" data-scroll-anchor=\"true\" data-turn=\"assistant\">\n<div class=\"text-base my-auto mx-auto pb-10 [--thread-content-margin:--spacing(4)] @w-sm\/main:[--thread-content-margin:--spacing(6)] @w-lg\/main:[--thread-content-margin:--spacing(16)] px-(--thread-content-margin)\">\n<div class=\"[--thread-content-max-width:40rem] @w-lg\/main:[--thread-content-max-width:48rem] mx-auto max-w-(--thread-content-max-width) flex-1 group\/turn-messages focus-visible:outline-hidden relative flex w-full min-w-0 flex-col agent-turn\" tabindex=\"-1\">\n<div class=\"flex max-w-full flex-col grow\">\n<div class=\"min-h-8 text-message relative flex w-full flex-col items-end gap-2 text-start break-words whitespace-normal [.text-message+&amp;]:mt-1\" dir=\"auto\" data-message-author-role=\"assistant\" data-message-id=\"157c369a-ea32-4c4a-b328-93fd63da0042\" data-message-model-slug=\"gpt-5-2\">\n<div class=\"flex w-full flex-col gap-1 empty:hidden first:pt-[1px]\">\n<div class=\"markdown prose dark:prose-invert w-full wrap-break-word dark markdown-new-styling\">\n<p data-start=\"26\" data-end=\"313\" data-is-last-node=\"\" data-is-only-node=\"\">\u2022 <strong data-start=\"28\" data-end=\"36\">Type:<\/strong> KNX \/ EIB bina avtomatikas\u0131 kabeli<br data-start=\"71\" data-end=\"74\" \/>\u2022 <strong data-start=\"76\" data-end=\"89\">Usage:<\/strong> A\u011f\u0131ll\u0131 bina sisteml\u0259ri (i\u015f\u0131q, HVAC v\u0259 s.)<br data-start=\"131\" data-end=\"134\" \/>\u2022 <strong data-start=\"136\" data-end=\"151\">\u0130zolyasiya:<\/strong> <strong data-start=\"152\" data-end=\"164\">LSZH (H)<\/strong> \u2013 halogensiz<br data-start=\"177\" data-end=\"180\" \/>\u2022 <strong data-start=\"182\" data-end=\"192\">Screen:<\/strong> Folqa ekran (St)<br data-start=\"209\" data-end=\"212\" \/>\u2022 <strong data-start=\"214\" data-end=\"229\">Feature:<\/strong> Az t\u00fcst\u00fc, halogensiz, EMI-y\u0259 davaml\u0131<br data-start=\"266\" data-end=\"269\" \/>\u2022 <strong data-start=\"271\" data-end=\"282\">Application:<\/strong> \u0130ctimai v\u0259 kommersiya binalar\u0131<\/p>\n<\/div>\n<\/div>\n<\/div>\n<\/div>\n<div class=\"z-0 flex min-h-[46px] justify-start\"><\/div>\n<div class=\"mt-3 w-full empty:hidden\">\n<div class=\"text-center\"><\/div>\n<\/div>\n<\/div>\n<\/div>\n<\/article>\n<\/div>\n<div class=\"pointer-events-none h-px w-px absolute bottom-0\" aria-hidden=\"true\" data-edge=\"true\"><\/div>","protected":false},"excerpt":{"rendered":"<p>\u2022 Tip: KNX \/ EIB bina avtomatikas\u0131 kabeli\u2022 \u0130stifad\u0259: A\u011f\u0131ll\u0131  [&#8230;]<\/p>","protected":false},"featured_media":10527,"comment_status":"open","ping_status":"closed","template":"","meta":[],"product_brand":[],"product_cat":[334],"product_tag":[],"class_list":{"0":"post-10526","1":"product","2":"type-product","3":"status-publish","4":"has-post-thumbnail","6":"product_cat-erse-cablo","7":"pa_mehsul-tipi-erline-data-transmission-cables","9":"first","10":"instock","11":"sold-individually","12":"shipping-taxable","13":"purchasable","14":"product-type-simple"},"_links":{"self":[{"href":"https:\/\/engitech.az\/en\/wp-json\/wp\/v2\/product\/10526","targetHints":{"allow":["GET"]}}],"collection":[{"href":"https:\/\/engitech.az\/en\/wp-json\/wp\/v2\/product"}],"about":[{"href":"https:\/\/engitech.az\/en\/wp-json\/wp\/v2\/types\/product"}],"replies":[{"embeddable":true,"href":"https:\/\/engitech.az\/en\/wp-json\/wp\/v2\/comments?post=10526"}],"wp:featuredmedia":[{"embeddable":true,"href":"https:\/\/engitech.az\/en\/wp-json\/wp\/v2\/media\/10527"}],"wp:attachment":[{"href":"https:\/\/engitech.az\/en\/wp-json\/wp\/v2\/media?parent=10526"}],"wp:term":[{"taxonomy":"product_brand","embeddable":true,"href":"https:\/\/engitech.az\/en\/wp-json\/wp\/v2\/product_brand?post=10526"},{"taxonomy":"product_cat","embeddable":true,"href":"https:\/\/engitech.az\/en\/wp-json\/wp\/v2\/product_cat?post=10526"},{"taxonomy":"product_tag","embeddable":true,"href":"https:\/\/engitech.az\/en\/wp-json\/wp\/v2\/product_tag?post=10526"}],"curies":[{"name":"wp","href":"https:\/\/api.w.org\/{rel}","templated":true}]}}