{"id":10545,"date":"2026-02-09T11:39:36","date_gmt":"2026-02-09T11:39:36","guid":{"rendered":"https:\/\/engitech.az\/?post_type=product&#038;p=10545"},"modified":"2026-02-09T11:39:36","modified_gmt":"2026-02-09T11:39:36","slug":"erflex-130-ysy-yslyqy","status":"publish","type":"product","link":"https:\/\/engitech.az\/en\/product\/erflex-130-ysy-yslyqy\/","title":{"rendered":"ERFLEX 130-YSY \/ YSLYQY"},"content":{"rendered":"<p>\u2022 <strong data-start=\"2\" data-end=\"10\">Type:<\/strong> \u00c7evik idar\u0259etm\u0259 v\u0259 siqnal kabeli<br data-start=\"43\" data-end=\"46\" \/>\u2022 <strong data-start=\"48\" data-end=\"61\">Usage:<\/strong> Avtomatika v\u0259 s\u0259naye sisteml\u0259ri<br data-start=\"93\" data-end=\"96\" \/>\u2022 <strong data-start=\"98\" data-end=\"113\">\u0130zolyasiya:<\/strong> PVC<br data-start=\"117\" data-end=\"120\" \/>\u2022 <strong data-start=\"122\" data-end=\"132\">Screen:<\/strong> Folqa + tor (YSY \/ YSLYQY)<br data-start=\"159\" data-end=\"162\" \/>\u2022 <strong data-start=\"164\" data-end=\"179\">Feature:<\/strong> EMI-y\u0259 davaml\u0131, sabit siqnal \u00f6t\u00fcr\u00fclm\u0259si<br data-start=\"219\" data-end=\"222\" \/>\u2022 <strong data-start=\"224\" data-end=\"235\">Application:<\/strong> \u0130dar\u0259etm\u0259 panell\u0259ri, \u00f6l\u00e7m\u0259 v\u0259 n\u0259zar\u0259t x\u0259tl\u0259ri<\/p>","protected":false},"excerpt":{"rendered":"<p>\u2022 Tip: \u00c7evik idar\u0259etm\u0259 v\u0259 siqnal kabeli\u2022 \u0130stifad\u0259: Avtomatika v\u0259  [&#8230;]<\/p>","protected":false},"featured_media":10546,"comment_status":"open","ping_status":"closed","template":"","meta":[],"product_brand":[],"product_cat":[334],"product_tag":[],"class_list":{"0":"post-10545","1":"product","2":"type-product","3":"status-publish","4":"has-post-thumbnail","6":"product_cat-erse-cablo","7":"pa_mehsul-tipi-erflex-control-cables","9":"first","10":"instock","11":"sold-individually","12":"shipping-taxable","13":"purchasable","14":"product-type-simple"},"_links":{"self":[{"href":"https:\/\/engitech.az\/en\/wp-json\/wp\/v2\/product\/10545","targetHints":{"allow":["GET"]}}],"collection":[{"href":"https:\/\/engitech.az\/en\/wp-json\/wp\/v2\/product"}],"about":[{"href":"https:\/\/engitech.az\/en\/wp-json\/wp\/v2\/types\/product"}],"replies":[{"embeddable":true,"href":"https:\/\/engitech.az\/en\/wp-json\/wp\/v2\/comments?post=10545"}],"wp:featuredmedia":[{"embeddable":true,"href":"https:\/\/engitech.az\/en\/wp-json\/wp\/v2\/media\/10546"}],"wp:attachment":[{"href":"https:\/\/engitech.az\/en\/wp-json\/wp\/v2\/media?parent=10545"}],"wp:term":[{"taxonomy":"product_brand","embeddable":true,"href":"https:\/\/engitech.az\/en\/wp-json\/wp\/v2\/product_brand?post=10545"},{"taxonomy":"product_cat","embeddable":true,"href":"https:\/\/engitech.az\/en\/wp-json\/wp\/v2\/product_cat?post=10545"},{"taxonomy":"product_tag","embeddable":true,"href":"https:\/\/engitech.az\/en\/wp-json\/wp\/v2\/product_tag?post=10545"}],"curies":[{"name":"wp","href":"https:\/\/api.w.org\/{rel}","templated":true}]}}