{"id":10547,"date":"2026-02-09T12:02:03","date_gmt":"2026-02-09T12:02:03","guid":{"rendered":"https:\/\/engitech.az\/?post_type=product&#038;p=10547"},"modified":"2026-02-09T12:02:04","modified_gmt":"2026-02-09T12:02:04","slug":"erflex-servo-160-cy-2yslcy","status":"publish","type":"product","link":"https:\/\/engitech.az\/en\/product\/erflex-servo-160-cy-2yslcy\/","title":{"rendered":"ERFLEX SERVO 160-CY \/ 2YSLCY"},"content":{"rendered":"<p>\u2022 <strong data-start=\"2\" data-end=\"10\">Type:<\/strong> Ekranl\u0131 servo kabeli<br data-start=\"31\" data-end=\"34\" \/>\u2022 <strong data-start=\"36\" data-end=\"49\">Usage:<\/strong> Servo motor v\u0259 avtomatika sisteml\u0259ri<br data-start=\"86\" data-end=\"89\" \/>\u2022 <strong data-start=\"91\" data-end=\"106\">\u0130zolyasiya:<\/strong> PVC<br data-start=\"110\" data-end=\"113\" \/>\u2022 <strong data-start=\"115\" data-end=\"125\">Screen:<\/strong> B\u00fct\u00fcnvezetici ekran (CY \/ 2YSLCY)<br data-start=\"159\" data-end=\"162\" \/>\u2022 <strong data-start=\"164\" data-end=\"179\">Feature:<\/strong> EMI-d\u0259n qorunma, y\u00fcks\u0259k \u00f6t\u00fcrm\u0259 etibarl\u0131l\u0131\u011f\u0131<br data-start=\"223\" data-end=\"226\" \/>\u2022 <strong data-start=\"228\" data-end=\"239\">Application:<\/strong> Servo s\u00fcr\u00fcc\u00fc-motor ba\u011flant\u0131lar\u0131, s\u0259naye idar\u0259etm\u0259si<\/p>","protected":false},"excerpt":{"rendered":"<p>\u2022 Tip: Ekranl\u0131 servo kabeli\u2022 \u0130stifad\u0259: Servo motor v\u0259 avtomatika  [&#8230;]<\/p>","protected":false},"featured_media":10549,"comment_status":"open","ping_status":"closed","template":"","meta":[],"product_brand":[],"product_cat":[334],"product_tag":[],"class_list":{"0":"post-10547","1":"product","2":"type-product","3":"status-publish","4":"has-post-thumbnail","6":"product_cat-erse-cablo","7":"pa_mehsul-tipi-erflex-control-cables","9":"first","10":"instock","11":"sold-individually","12":"shipping-taxable","13":"purchasable","14":"product-type-simple"},"_links":{"self":[{"href":"https:\/\/engitech.az\/en\/wp-json\/wp\/v2\/product\/10547","targetHints":{"allow":["GET"]}}],"collection":[{"href":"https:\/\/engitech.az\/en\/wp-json\/wp\/v2\/product"}],"about":[{"href":"https:\/\/engitech.az\/en\/wp-json\/wp\/v2\/types\/product"}],"replies":[{"embeddable":true,"href":"https:\/\/engitech.az\/en\/wp-json\/wp\/v2\/comments?post=10547"}],"wp:featuredmedia":[{"embeddable":true,"href":"https:\/\/engitech.az\/en\/wp-json\/wp\/v2\/media\/10549"}],"wp:attachment":[{"href":"https:\/\/engitech.az\/en\/wp-json\/wp\/v2\/media?parent=10547"}],"wp:term":[{"taxonomy":"product_brand","embeddable":true,"href":"https:\/\/engitech.az\/en\/wp-json\/wp\/v2\/product_brand?post=10547"},{"taxonomy":"product_cat","embeddable":true,"href":"https:\/\/engitech.az\/en\/wp-json\/wp\/v2\/product_cat?post=10547"},{"taxonomy":"product_tag","embeddable":true,"href":"https:\/\/engitech.az\/en\/wp-json\/wp\/v2\/product_tag?post=10547"}],"curies":[{"name":"wp","href":"https:\/\/api.w.org\/{rel}","templated":true}]}}