{"id":10554,"date":"2026-02-09T12:07:30","date_gmt":"2026-02-09T12:07:30","guid":{"rendered":"https:\/\/engitech.az\/?post_type=product&#038;p=10554"},"modified":"2026-02-09T12:07:30","modified_gmt":"2026-02-09T12:07:30","slug":"erflex-servo-160-cyk-3-2yslcyk-3","status":"publish","type":"product","link":"https:\/\/engitech.az\/en\/product\/erflex-servo-160-cyk-3-2yslcyk-3\/","title":{"rendered":"ERFLEX SERVO 160-CYK (3+) \/ 2YSLCYK (3+)"},"content":{"rendered":"<p>\u2022 <strong data-start=\"2\" data-end=\"10\">Type:<\/strong> Ekranl\u0131 servo kabeli (3+ n\u00fcv\u0259li)<br data-start=\"43\" data-end=\"46\" \/>\u2022 <strong data-start=\"48\" data-end=\"61\">Usage:<\/strong> Servo motor v\u0259 avtomatika sisteml\u0259ri<br data-start=\"98\" data-end=\"101\" \/>\u2022 <strong data-start=\"103\" data-end=\"118\">\u0130zolyasiya:<\/strong> PVC<br data-start=\"122\" data-end=\"125\" \/>\u2022 <strong data-start=\"127\" data-end=\"137\">Screen:<\/strong> Var (CYK \/ 2YSLCYK)<br data-start=\"157\" data-end=\"160\" \/>\u2022 <strong data-start=\"162\" data-end=\"177\">Feature:<\/strong> EMI-d\u0259n qorunma, y\u00fcks\u0259k siqnal keyfiyy\u0259ti<br data-start=\"219\" data-end=\"222\" \/>\u2022 <strong data-start=\"224\" data-end=\"235\">Application:<\/strong> Servo s\u00fcr\u00fcc\u00fc-motor v\u0259 idar\u0259etm\u0259 ba\u011flant\u0131lar\u0131<\/p>","protected":false},"excerpt":{"rendered":"<p>\u2022 Tip: Ekranl\u0131 servo kabeli (3+ n\u00fcv\u0259li)\u2022 \u0130stifad\u0259: Servo motor  [&#8230;]<\/p>","protected":false},"featured_media":10555,"comment_status":"open","ping_status":"closed","template":"","meta":[],"product_brand":[],"product_cat":[334],"product_tag":[],"class_list":{"0":"post-10554","1":"product","2":"type-product","3":"status-publish","4":"has-post-thumbnail","6":"product_cat-erse-cablo","7":"pa_mehsul-tipi-erflex-control-cables","9":"first","10":"instock","11":"sold-individually","12":"shipping-taxable","13":"purchasable","14":"product-type-simple"},"_links":{"self":[{"href":"https:\/\/engitech.az\/en\/wp-json\/wp\/v2\/product\/10554","targetHints":{"allow":["GET"]}}],"collection":[{"href":"https:\/\/engitech.az\/en\/wp-json\/wp\/v2\/product"}],"about":[{"href":"https:\/\/engitech.az\/en\/wp-json\/wp\/v2\/types\/product"}],"replies":[{"embeddable":true,"href":"https:\/\/engitech.az\/en\/wp-json\/wp\/v2\/comments?post=10554"}],"wp:featuredmedia":[{"embeddable":true,"href":"https:\/\/engitech.az\/en\/wp-json\/wp\/v2\/media\/10555"}],"wp:attachment":[{"href":"https:\/\/engitech.az\/en\/wp-json\/wp\/v2\/media?parent=10554"}],"wp:term":[{"taxonomy":"product_brand","embeddable":true,"href":"https:\/\/engitech.az\/en\/wp-json\/wp\/v2\/product_brand?post=10554"},{"taxonomy":"product_cat","embeddable":true,"href":"https:\/\/engitech.az\/en\/wp-json\/wp\/v2\/product_cat?post=10554"},{"taxonomy":"product_tag","embeddable":true,"href":"https:\/\/engitech.az\/en\/wp-json\/wp\/v2\/product_tag?post=10554"}],"curies":[{"name":"wp","href":"https:\/\/api.w.org\/{rel}","templated":true}]}}