{"id":10563,"date":"2026-02-09T12:41:52","date_gmt":"2026-02-09T12:41:52","guid":{"rendered":"https:\/\/engitech.az\/?post_type=product&#038;p=10563"},"modified":"2026-02-10T06:24:35","modified_gmt":"2026-02-10T06:24:35","slug":"ervital-je-hsth-bd-fe180-e90","status":"publish","type":"product","link":"https:\/\/engitech.az\/en\/product\/ervital-je-hsth-bd-fe180-e90\/","title":{"rendered":"ERVITAL JE-H(St)H&#8230;Bd FE180\/E90"},"content":{"rendered":"<p>\u2022 <strong data-start=\"2\" data-end=\"10\">Type:<\/strong> Yan\u011f\u0131na davaml\u0131 elektrik kabeli<br data-start=\"42\" data-end=\"45\" \/>\u2022 <strong data-start=\"47\" data-end=\"62\">\u0130zolyasiya:<\/strong> Halogensiz PVC<br data-start=\"77\" data-end=\"80\" \/>\u2022 <strong data-start=\"82\" data-end=\"105\">Yan\u011f\u0131na davaml\u0131l\u0131q:<\/strong> FE180 \/ E90<br data-start=\"117\" data-end=\"120\" \/>\u2022 <strong data-start=\"122\" data-end=\"137\">Feature:<\/strong> Uzunm\u00fcdd\u0259tli yan\u011f\u0131na d\u00f6z\u00fcml\u00fcl\u00fck, t\u0259hl\u00fck\u0259sizlik \u00fc\u00e7\u00fcn uy\u011fundur<br data-start=\"198\" data-end=\"201\" \/>\u2022 <strong data-start=\"203\" data-end=\"216\">Usage:<\/strong> Binalarda enerji v\u0259 t\u0259hl\u00fck\u0259sizlik sisteml\u0259ri cablesi<\/p>","protected":false},"excerpt":{"rendered":"<p>\u2022 Tip: Yan\u011f\u0131na davaml\u0131 elektrik kabeli\u2022 \u0130zolyasiya: Halogensiz PVC\u2022 Yan\u011f\u0131na  [&#8230;]<\/p>","protected":false},"featured_media":10564,"comment_status":"open","ping_status":"closed","template":"","meta":[],"product_brand":[],"product_cat":[334],"product_tag":[],"class_list":{"0":"post-10563","1":"product","2":"type-product","3":"status-publish","4":"has-post-thumbnail","6":"product_cat-erse-cablo","7":"pa_mehsul-tipi-ervital-fire-resistant-cables","9":"first","10":"instock","11":"sold-individually","12":"shipping-taxable","13":"purchasable","14":"product-type-simple"},"_links":{"self":[{"href":"https:\/\/engitech.az\/en\/wp-json\/wp\/v2\/product\/10563","targetHints":{"allow":["GET"]}}],"collection":[{"href":"https:\/\/engitech.az\/en\/wp-json\/wp\/v2\/product"}],"about":[{"href":"https:\/\/engitech.az\/en\/wp-json\/wp\/v2\/types\/product"}],"replies":[{"embeddable":true,"href":"https:\/\/engitech.az\/en\/wp-json\/wp\/v2\/comments?post=10563"}],"wp:featuredmedia":[{"embeddable":true,"href":"https:\/\/engitech.az\/en\/wp-json\/wp\/v2\/media\/10564"}],"wp:attachment":[{"href":"https:\/\/engitech.az\/en\/wp-json\/wp\/v2\/media?parent=10563"}],"wp:term":[{"taxonomy":"product_brand","embeddable":true,"href":"https:\/\/engitech.az\/en\/wp-json\/wp\/v2\/product_brand?post=10563"},{"taxonomy":"product_cat","embeddable":true,"href":"https:\/\/engitech.az\/en\/wp-json\/wp\/v2\/product_cat?post=10563"},{"taxonomy":"product_tag","embeddable":true,"href":"https:\/\/engitech.az\/en\/wp-json\/wp\/v2\/product_tag?post=10563"}],"curies":[{"name":"wp","href":"https:\/\/api.w.org\/{rel}","templated":true}]}}