{"id":10567,"date":"2026-02-10T06:23:20","date_gmt":"2026-02-10T06:23:20","guid":{"rendered":"https:\/\/engitech.az\/?post_type=product&#038;p=10567"},"modified":"2026-02-10T06:23:21","modified_gmt":"2026-02-10T06:23:21","slug":"ervital-je-hh-fe180-ph120","status":"publish","type":"product","link":"https:\/\/engitech.az\/en\/product\/ervital-je-hh-fe180-ph120\/","title":{"rendered":"ERVITAL JE-HH FE180\/PH120"},"content":{"rendered":"<p>\u2022 <strong data-start=\"2\" data-end=\"10\">Type:<\/strong> Yan\u011f\u0131na davaml\u0131 elektrik kabeli<br data-start=\"42\" data-end=\"45\" \/>\u2022 <strong data-start=\"47\" data-end=\"62\">\u0130zolyasiya:<\/strong> HH (halogensiz)<br data-start=\"78\" data-end=\"81\" \/>\u2022 <strong data-start=\"83\" data-end=\"106\">Yan\u011f\u0131na davaml\u0131l\u0131q:<\/strong> FE180 \/ PH120<br data-start=\"120\" data-end=\"123\" \/>\u2022 <strong data-start=\"125\" data-end=\"140\">Feature:<\/strong> A\u015fa\u011f\u0131 t\u00fcst\u00fc, z\u0259h\u0259rsiz qaz<br data-start=\"166\" data-end=\"169\" \/>\u2022 <strong data-start=\"171\" data-end=\"184\">Usage:<\/strong> T\u0259hl\u00fck\u0259sizlik v\u0259 enerji sisteml\u0259ri \u00fc\u00e7\u00fcn uy\u011fundur<\/p>","protected":false},"excerpt":{"rendered":"<p>\u2022 Tip: Yan\u011f\u0131na davaml\u0131 elektrik kabeli\u2022 \u0130zolyasiya: HH (halogensiz)\u2022 Yan\u011f\u0131na  [&#8230;]<\/p>","protected":false},"featured_media":10568,"comment_status":"open","ping_status":"closed","template":"","meta":[],"product_brand":[],"product_cat":[334],"product_tag":[],"class_list":{"0":"post-10567","1":"product","2":"type-product","3":"status-publish","4":"has-post-thumbnail","6":"product_cat-erse-cablo","7":"pa_mehsul-tipi-ervital-fire-resistant-cables","9":"first","10":"instock","11":"sold-individually","12":"shipping-taxable","13":"purchasable","14":"product-type-simple"},"_links":{"self":[{"href":"https:\/\/engitech.az\/en\/wp-json\/wp\/v2\/product\/10567","targetHints":{"allow":["GET"]}}],"collection":[{"href":"https:\/\/engitech.az\/en\/wp-json\/wp\/v2\/product"}],"about":[{"href":"https:\/\/engitech.az\/en\/wp-json\/wp\/v2\/types\/product"}],"replies":[{"embeddable":true,"href":"https:\/\/engitech.az\/en\/wp-json\/wp\/v2\/comments?post=10567"}],"wp:featuredmedia":[{"embeddable":true,"href":"https:\/\/engitech.az\/en\/wp-json\/wp\/v2\/media\/10568"}],"wp:attachment":[{"href":"https:\/\/engitech.az\/en\/wp-json\/wp\/v2\/media?parent=10567"}],"wp:term":[{"taxonomy":"product_brand","embeddable":true,"href":"https:\/\/engitech.az\/en\/wp-json\/wp\/v2\/product_brand?post=10567"},{"taxonomy":"product_cat","embeddable":true,"href":"https:\/\/engitech.az\/en\/wp-json\/wp\/v2\/product_cat?post=10567"},{"taxonomy":"product_tag","embeddable":true,"href":"https:\/\/engitech.az\/en\/wp-json\/wp\/v2\/product_tag?post=10567"}],"curies":[{"name":"wp","href":"https:\/\/api.w.org\/{rel}","templated":true}]}}