{"id":10583,"date":"2026-02-10T06:42:22","date_gmt":"2026-02-10T06:42:22","guid":{"rendered":"https:\/\/engitech.az\/?post_type=product&#038;p=10583"},"modified":"2026-02-10T06:42:22","modified_gmt":"2026-02-10T06:42:22","slug":"sz1-k-as","status":"publish","type":"product","link":"https:\/\/engitech.az\/en\/product\/sz1-k-as\/","title":{"rendered":"SZ1-K (AS+)"},"content":{"rendered":"<p>\u2022 <strong data-start=\"2\" data-end=\"10\">Type:<\/strong> Enerji kabeli<br data-start=\"24\" data-end=\"27\" \/>\u2022 <strong data-start=\"29\" data-end=\"44\">Feature:<\/strong> Halogensiz, a\u015fa\u011f\u0131 t\u00fcst\u00fcl\u00fc (AS+)<br data-start=\"76\" data-end=\"79\" \/>\u2022 <strong data-start=\"81\" data-end=\"94\">Usage:<\/strong> Enerji paylanmas\u0131<br data-start=\"112\" data-end=\"115\" \/>\u2022 <strong data-start=\"117\" data-end=\"128\">Application:<\/strong> Bina v\u0259 s\u0259naye qur\u011fular\u0131<\/p>","protected":false},"excerpt":{"rendered":"<p>\u2022 Tip: Enerji kabeli\u2022 X\u00fcsusiyy\u0259t: Halogensiz, a\u015fa\u011f\u0131 t\u00fcst\u00fcl\u00fc (AS+)\u2022 \u0130stifad\u0259:  [&#8230;]<\/p>","protected":false},"featured_media":10584,"comment_status":"open","ping_status":"closed","template":"","meta":[],"product_brand":[],"product_cat":[334],"product_tag":[],"class_list":{"0":"post-10583","1":"product","2":"type-product","3":"status-publish","4":"has-post-thumbnail","6":"product_cat-erse-cablo","7":"pa_mehsul-tipi-ervital-fire-resistant-cables","9":"first","10":"instock","11":"sold-individually","12":"shipping-taxable","13":"purchasable","14":"product-type-simple"},"_links":{"self":[{"href":"https:\/\/engitech.az\/en\/wp-json\/wp\/v2\/product\/10583","targetHints":{"allow":["GET"]}}],"collection":[{"href":"https:\/\/engitech.az\/en\/wp-json\/wp\/v2\/product"}],"about":[{"href":"https:\/\/engitech.az\/en\/wp-json\/wp\/v2\/types\/product"}],"replies":[{"embeddable":true,"href":"https:\/\/engitech.az\/en\/wp-json\/wp\/v2\/comments?post=10583"}],"wp:featuredmedia":[{"embeddable":true,"href":"https:\/\/engitech.az\/en\/wp-json\/wp\/v2\/media\/10584"}],"wp:attachment":[{"href":"https:\/\/engitech.az\/en\/wp-json\/wp\/v2\/media?parent=10583"}],"wp:term":[{"taxonomy":"product_brand","embeddable":true,"href":"https:\/\/engitech.az\/en\/wp-json\/wp\/v2\/product_brand?post=10583"},{"taxonomy":"product_cat","embeddable":true,"href":"https:\/\/engitech.az\/en\/wp-json\/wp\/v2\/product_cat?post=10583"},{"taxonomy":"product_tag","embeddable":true,"href":"https:\/\/engitech.az\/en\/wp-json\/wp\/v2\/product_tag?post=10583"}],"curies":[{"name":"wp","href":"https:\/\/api.w.org\/{rel}","templated":true}]}}