{"id":10587,"date":"2026-02-10T06:48:43","date_gmt":"2026-02-10T06:48:43","guid":{"rendered":"https:\/\/engitech.az\/?post_type=product&#038;p=10587"},"modified":"2026-02-10T06:48:44","modified_gmt":"2026-02-10T06:48:44","slug":"nhxmh-fe180-ph120","status":"publish","type":"product","link":"https:\/\/engitech.az\/en\/product\/nhxmh-fe180-ph120\/","title":{"rendered":"NHXMH FE180\/PH120"},"content":{"rendered":"<div class=\"flex flex-col text-sm pb-25\">\n<article class=\"text-token-text-primary w-full focus:outline-none [--shadow-height:45px] has-data-writing-block:pointer-events-none has-data-writing-block:-mt-(--shadow-height) has-data-writing-block:pt-(--shadow-height) [&amp;:has([data-writing-block])&gt;*]:pointer-events-auto scroll-mt-[calc(var(--header-height)+min(200px,max(70px,20svh)))]\" dir=\"auto\" tabindex=\"-1\" data-turn-id=\"d16648fd-1683-4470-8cd7-3d13d3b396c0\" data-testid=\"conversation-turn-58\" data-scroll-anchor=\"true\" data-turn=\"assistant\">\n<div class=\"text-base my-auto mx-auto pb-10 [--thread-content-margin:--spacing(4)] @w-sm\/main:[--thread-content-margin:--spacing(6)] @w-lg\/main:[--thread-content-margin:--spacing(16)] px-(--thread-content-margin)\">\n<div class=\"[--thread-content-max-width:40rem] @w-lg\/main:[--thread-content-max-width:48rem] mx-auto max-w-(--thread-content-max-width) flex-1 group\/turn-messages focus-visible:outline-hidden relative flex w-full min-w-0 flex-col agent-turn\" tabindex=\"-1\">\n<div class=\"flex max-w-full flex-col grow\">\n<div class=\"min-h-8 text-message relative flex w-full flex-col items-end gap-2 text-start break-words whitespace-normal [.text-message+&amp;]:mt-1\" dir=\"auto\" data-message-author-role=\"assistant\" data-message-id=\"2a87d8d4-7930-48b3-95ff-bcecc727cd80\" data-message-model-slug=\"gpt-5-2\">\n<div class=\"flex w-full flex-col gap-1 empty:hidden first:pt-[1px]\">\n<div class=\"markdown prose dark:prose-invert w-full wrap-break-word dark markdown-new-styling\">\n<p data-start=\"0\" data-end=\"246\">\u2022 <strong data-start=\"2\" data-end=\"10\">Type:<\/strong> Yan\u011f\u0131na davaml\u0131 enerji kabell\u0259ri<br data-start=\"43\" data-end=\"46\" \/>\u2022 <strong data-start=\"48\" data-end=\"63\">\u0130zolyasiya:<\/strong> Halogensiz<br data-start=\"74\" data-end=\"77\" \/>\u2022 <strong data-start=\"79\" data-end=\"102\">Yan\u011f\u0131na davaml\u0131l\u0131q:<\/strong> <strong data-start=\"103\" data-end=\"120\">FE180 \/ PH120<\/strong><br data-start=\"120\" data-end=\"123\" \/>\u2022 <strong data-start=\"125\" data-end=\"140\">Feature:<\/strong> A\u015fa\u011f\u0131 t\u00fcst\u00fc v\u0259 z\u0259h\u0259rsiz qaz<br data-start=\"168\" data-end=\"171\" \/>\u2022 <strong data-start=\"173\" data-end=\"186\">Usage:<\/strong> T\u0259hl\u00fck\u0259sizlik v\u0259 enerji paylanmas\u0131 sisteml\u0259ri \u00fc\u00e7\u00fcn uy\u011fundur<\/p>\n<\/div>\n<\/div>\n<\/div>\n<\/div>\n<div class=\"z-0 flex min-h-[46px] justify-start\"><\/div>\n<div class=\"mt-3 w-full empty:hidden\">\n<div class=\"text-center\"><\/div>\n<\/div>\n<\/div>\n<\/div>\n<\/article>\n<\/div>\n<div class=\"pointer-events-none h-px w-px absolute bottom-0\" aria-hidden=\"true\" data-edge=\"true\"><\/div>","protected":false},"excerpt":{"rendered":"<p>\u2022 Tip: Yan\u011f\u0131na davaml\u0131 enerji kabell\u0259ri\u2022 \u0130zolyasiya: Halogensiz\u2022 Yan\u011f\u0131na davaml\u0131l\u0131q:  [&#8230;]<\/p>","protected":false},"featured_media":10588,"comment_status":"open","ping_status":"closed","template":"","meta":[],"product_brand":[],"product_cat":[334],"product_tag":[],"class_list":{"0":"post-10587","1":"product","2":"type-product","3":"status-publish","4":"has-post-thumbnail","6":"product_cat-erse-cablo","7":"pa_mehsul-tipi-ervital-fire-resistant-cables","9":"first","10":"instock","11":"sold-individually","12":"shipping-taxable","13":"purchasable","14":"product-type-simple"},"_links":{"self":[{"href":"https:\/\/engitech.az\/en\/wp-json\/wp\/v2\/product\/10587","targetHints":{"allow":["GET"]}}],"collection":[{"href":"https:\/\/engitech.az\/en\/wp-json\/wp\/v2\/product"}],"about":[{"href":"https:\/\/engitech.az\/en\/wp-json\/wp\/v2\/types\/product"}],"replies":[{"embeddable":true,"href":"https:\/\/engitech.az\/en\/wp-json\/wp\/v2\/comments?post=10587"}],"wp:featuredmedia":[{"embeddable":true,"href":"https:\/\/engitech.az\/en\/wp-json\/wp\/v2\/media\/10588"}],"wp:attachment":[{"href":"https:\/\/engitech.az\/en\/wp-json\/wp\/v2\/media?parent=10587"}],"wp:term":[{"taxonomy":"product_brand","embeddable":true,"href":"https:\/\/engitech.az\/en\/wp-json\/wp\/v2\/product_brand?post=10587"},{"taxonomy":"product_cat","embeddable":true,"href":"https:\/\/engitech.az\/en\/wp-json\/wp\/v2\/product_cat?post=10587"},{"taxonomy":"product_tag","embeddable":true,"href":"https:\/\/engitech.az\/en\/wp-json\/wp\/v2\/product_tag?post=10587"}],"curies":[{"name":"wp","href":"https:\/\/api.w.org\/{rel}","templated":true}]}}