{"id":10589,"date":"2026-02-10T06:50:56","date_gmt":"2026-02-10T06:50:56","guid":{"rendered":"https:\/\/engitech.az\/?post_type=product&#038;p=10589"},"modified":"2026-02-10T06:50:56","modified_gmt":"2026-02-10T06:50:56","slug":"nhxch-fe180-e90","status":"publish","type":"product","link":"https:\/\/engitech.az\/en\/product\/nhxch-fe180-e90\/","title":{"rendered":"NHXCH FE180\/E90"},"content":{"rendered":"<p>\u2022 <strong data-start=\"2\" data-end=\"10\">Type:<\/strong> Yan\u011f\u0131na davaml\u0131 enerji kabeli<br data-start=\"40\" data-end=\"43\" \/>\u2022 <strong data-start=\"45\" data-end=\"60\">\u0130zolyasiya:<\/strong> Halogensiz (CH)<br data-start=\"76\" data-end=\"79\" \/>\u2022 <strong data-start=\"81\" data-end=\"104\">Yan\u011f\u0131na davaml\u0131l\u0131q:<\/strong> FE180 \/ E90<br data-start=\"116\" data-end=\"119\" \/>\u2022 <strong data-start=\"121\" data-end=\"136\">Feature:<\/strong> A\u015fa\u011f\u0131 t\u00fcst\u00fc, z\u0259h\u0259rsiz qaz<br data-start=\"162\" data-end=\"165\" \/>\u2022 <strong data-start=\"167\" data-end=\"180\">Usage:<\/strong> T\u0259hl\u00fck\u0259sizlik v\u0259 enerji sisteml\u0259ri \u00fc\u00e7\u00fcn<\/p>","protected":false},"excerpt":{"rendered":"<p>\u2022 Tip: Yan\u011f\u0131na davaml\u0131 enerji kabeli\u2022 \u0130zolyasiya: Halogensiz (CH)\u2022 Yan\u011f\u0131na  [&#8230;]<\/p>","protected":false},"featured_media":10590,"comment_status":"open","ping_status":"closed","template":"","meta":[],"product_brand":[],"product_cat":[334],"product_tag":[],"class_list":{"0":"post-10589","1":"product","2":"type-product","3":"status-publish","4":"has-post-thumbnail","6":"product_cat-erse-cablo","8":"first","9":"instock","10":"sold-individually","11":"shipping-taxable","12":"purchasable","13":"product-type-simple"},"_links":{"self":[{"href":"https:\/\/engitech.az\/en\/wp-json\/wp\/v2\/product\/10589","targetHints":{"allow":["GET"]}}],"collection":[{"href":"https:\/\/engitech.az\/en\/wp-json\/wp\/v2\/product"}],"about":[{"href":"https:\/\/engitech.az\/en\/wp-json\/wp\/v2\/types\/product"}],"replies":[{"embeddable":true,"href":"https:\/\/engitech.az\/en\/wp-json\/wp\/v2\/comments?post=10589"}],"wp:featuredmedia":[{"embeddable":true,"href":"https:\/\/engitech.az\/en\/wp-json\/wp\/v2\/media\/10590"}],"wp:attachment":[{"href":"https:\/\/engitech.az\/en\/wp-json\/wp\/v2\/media?parent=10589"}],"wp:term":[{"taxonomy":"product_brand","embeddable":true,"href":"https:\/\/engitech.az\/en\/wp-json\/wp\/v2\/product_brand?post=10589"},{"taxonomy":"product_cat","embeddable":true,"href":"https:\/\/engitech.az\/en\/wp-json\/wp\/v2\/product_cat?post=10589"},{"taxonomy":"product_tag","embeddable":true,"href":"https:\/\/engitech.az\/en\/wp-json\/wp\/v2\/product_tag?post=10589"}],"curies":[{"name":"wp","href":"https:\/\/api.w.org\/{rel}","templated":true}]}}