{"id":10591,"date":"2026-02-10T06:56:59","date_gmt":"2026-02-10T06:56:59","guid":{"rendered":"https:\/\/engitech.az\/?post_type=product&#038;p=10591"},"modified":"2026-02-10T06:56:59","modified_gmt":"2026-02-10T06:56:59","slug":"nhxh-fe180-e30-e60","status":"publish","type":"product","link":"https:\/\/engitech.az\/en\/product\/nhxh-fe180-e30-e60\/","title":{"rendered":"(N)HXH FE180\/E30-E60"},"content":{"rendered":"<p><strong data-start=\"2\" data-end=\"10\">Type:<\/strong> Yan\u011f\u0131na davaml\u0131 enerji kabeli<br data-start=\"40\" data-end=\"43\" \/>\u2022 <strong data-start=\"45\" data-end=\"60\">\u0130zolyasiya:<\/strong> Halogensiz (HXH)<br data-start=\"77\" data-end=\"80\" \/>\u2022 <strong data-start=\"82\" data-end=\"105\">Yan\u011f\u0131na davaml\u0131l\u0131q:<\/strong> FE180 \/ E30-E60<br data-start=\"121\" data-end=\"124\" \/>\u2022 <strong data-start=\"126\" data-end=\"141\">Feature:<\/strong> A\u015fa\u011f\u0131 t\u00fcst\u00fc, z\u0259h\u0259rsiz qaz<br data-start=\"167\" data-end=\"170\" \/>\u2022 <strong data-start=\"172\" data-end=\"185\">Usage:<\/strong> T\u0259hl\u00fck\u0259sizlik v\u0259 enerji sisteml\u0259ri \u00fc\u00e7\u00fcn<\/p>","protected":false},"excerpt":{"rendered":"<p>Tip: Yan\u011f\u0131na davaml\u0131 enerji kabeli\u2022 \u0130zolyasiya: Halogensiz (HXH)\u2022 Yan\u011f\u0131na davaml\u0131l\u0131q:  [&#8230;]<\/p>","protected":false},"featured_media":10592,"comment_status":"open","ping_status":"closed","template":"","meta":[],"product_brand":[],"product_cat":[334],"product_tag":[],"class_list":{"0":"post-10591","1":"product","2":"type-product","3":"status-publish","4":"has-post-thumbnail","6":"product_cat-erse-cablo","7":"pa_mehsul-tipi-ervital-fire-resistant-cables","9":"first","10":"instock","11":"sold-individually","12":"shipping-taxable","13":"purchasable","14":"product-type-simple"},"_links":{"self":[{"href":"https:\/\/engitech.az\/en\/wp-json\/wp\/v2\/product\/10591","targetHints":{"allow":["GET"]}}],"collection":[{"href":"https:\/\/engitech.az\/en\/wp-json\/wp\/v2\/product"}],"about":[{"href":"https:\/\/engitech.az\/en\/wp-json\/wp\/v2\/types\/product"}],"replies":[{"embeddable":true,"href":"https:\/\/engitech.az\/en\/wp-json\/wp\/v2\/comments?post=10591"}],"wp:featuredmedia":[{"embeddable":true,"href":"https:\/\/engitech.az\/en\/wp-json\/wp\/v2\/media\/10592"}],"wp:attachment":[{"href":"https:\/\/engitech.az\/en\/wp-json\/wp\/v2\/media?parent=10591"}],"wp:term":[{"taxonomy":"product_brand","embeddable":true,"href":"https:\/\/engitech.az\/en\/wp-json\/wp\/v2\/product_brand?post=10591"},{"taxonomy":"product_cat","embeddable":true,"href":"https:\/\/engitech.az\/en\/wp-json\/wp\/v2\/product_cat?post=10591"},{"taxonomy":"product_tag","embeddable":true,"href":"https:\/\/engitech.az\/en\/wp-json\/wp\/v2\/product_tag?post=10591"}],"curies":[{"name":"wp","href":"https:\/\/api.w.org\/{rel}","templated":true}]}}