{"id":10593,"date":"2026-02-10T07:04:35","date_gmt":"2026-02-10T07:04:35","guid":{"rendered":"https:\/\/engitech.az\/?post_type=product&#038;p=10593"},"modified":"2026-02-10T07:04:36","modified_gmt":"2026-02-10T07:04:36","slug":"nhxch-fe180-e30-e60","status":"publish","type":"product","link":"https:\/\/engitech.az\/en\/product\/nhxch-fe180-e30-e60\/","title":{"rendered":"(N)HXCH FE180\/E30-E60"},"content":{"rendered":"<p>\u2022 <strong data-start=\"2\" data-end=\"10\">Type:<\/strong> Yan\u011f\u0131na davaml\u0131 enerji kabeli<br data-start=\"40\" data-end=\"43\" \/>\u2022 <strong data-start=\"45\" data-end=\"60\">\u0130zolyasiya:<\/strong> Halogensiz (HXCH)<br data-start=\"78\" data-end=\"81\" \/>\u2022 <strong data-start=\"83\" data-end=\"106\">Yan\u011f\u0131na davaml\u0131l\u0131q:<\/strong> <strong data-start=\"107\" data-end=\"126\">FE180 \/ E30-E60<\/strong><br data-start=\"126\" data-end=\"129\" \/>\u2022 <strong data-start=\"131\" data-end=\"146\">Feature:<\/strong> A\u015fa\u011f\u0131 t\u00fcst\u00fc v\u0259 z\u0259h\u0259rsiz qaz<br data-start=\"174\" data-end=\"177\" \/>\u2022 <strong data-start=\"179\" data-end=\"192\">Usage:<\/strong> T\u0259hl\u00fck\u0259sizlik v\u0259 enerji sisteml\u0259ri \u00fc\u00e7\u00fcn<\/p>","protected":false},"excerpt":{"rendered":"<p>\u2022 Tip: Yan\u011f\u0131na davaml\u0131 enerji kabeli\u2022 \u0130zolyasiya: Halogensiz (HXCH)\u2022 Yan\u011f\u0131na  [&#8230;]<\/p>","protected":false},"featured_media":10594,"comment_status":"open","ping_status":"closed","template":"","meta":[],"product_brand":[],"product_cat":[334],"product_tag":[],"class_list":{"0":"post-10593","1":"product","2":"type-product","3":"status-publish","4":"has-post-thumbnail","6":"product_cat-erse-cablo","7":"pa_mehsul-tipi-ervital-fire-resistant-cables","9":"first","10":"instock","11":"sold-individually","12":"shipping-taxable","13":"purchasable","14":"product-type-simple"},"_links":{"self":[{"href":"https:\/\/engitech.az\/en\/wp-json\/wp\/v2\/product\/10593","targetHints":{"allow":["GET"]}}],"collection":[{"href":"https:\/\/engitech.az\/en\/wp-json\/wp\/v2\/product"}],"about":[{"href":"https:\/\/engitech.az\/en\/wp-json\/wp\/v2\/types\/product"}],"replies":[{"embeddable":true,"href":"https:\/\/engitech.az\/en\/wp-json\/wp\/v2\/comments?post=10593"}],"wp:featuredmedia":[{"embeddable":true,"href":"https:\/\/engitech.az\/en\/wp-json\/wp\/v2\/media\/10594"}],"wp:attachment":[{"href":"https:\/\/engitech.az\/en\/wp-json\/wp\/v2\/media?parent=10593"}],"wp:term":[{"taxonomy":"product_brand","embeddable":true,"href":"https:\/\/engitech.az\/en\/wp-json\/wp\/v2\/product_brand?post=10593"},{"taxonomy":"product_cat","embeddable":true,"href":"https:\/\/engitech.az\/en\/wp-json\/wp\/v2\/product_cat?post=10593"},{"taxonomy":"product_tag","embeddable":true,"href":"https:\/\/engitech.az\/en\/wp-json\/wp\/v2\/product_tag?post=10593"}],"curies":[{"name":"wp","href":"https:\/\/api.w.org\/{rel}","templated":true}]}}