{"id":10606,"date":"2026-02-10T07:41:41","date_gmt":"2026-02-10T07:41:41","guid":{"rendered":"https:\/\/engitech.az\/?post_type=product&#038;p=10606"},"modified":"2026-02-10T07:41:42","modified_gmt":"2026-02-10T07:41:42","slug":"ervital-fire-safe-gold-cables","status":"publish","type":"product","link":"https:\/\/engitech.az\/en\/product\/ervital-fire-safe-gold-cables\/","title":{"rendered":"Ervital Fire Safe Gold Cables"},"content":{"rendered":"<p>\u2022 <strong data-start=\"2\" data-end=\"10\">Type:<\/strong> Premium yan\u011f\u0131na davaml\u0131 kabel seriyas\u0131<br data-start=\"49\" data-end=\"52\" \/>\u2022 <strong data-start=\"54\" data-end=\"69\">Feature:<\/strong> Halogensiz, a\u015fa\u011f\u0131 t\u00fcst\u00fcl\u00fc<br data-start=\"95\" data-end=\"98\" \/>\u2022 <strong data-start=\"100\" data-end=\"113\">Standard:<\/strong> FE \/ PH \/ E<br data-start=\"125\" data-end=\"128\" \/>\u2022 <strong data-start=\"130\" data-end=\"143\">Usage:<\/strong> T\u0259hl\u00fck\u0259sizlik v\u0259 enerji sisteml\u0259ri<\/p>","protected":false},"excerpt":{"rendered":"<p>\u2022 Tip: Premium yan\u011f\u0131na davaml\u0131 kabel seriyas\u0131\u2022 X\u00fcsusiyy\u0259t: Halogensiz, a\u015fa\u011f\u0131  [&#8230;]<\/p>","protected":false},"featured_media":10607,"comment_status":"open","ping_status":"closed","template":"","meta":[],"product_brand":[],"product_cat":[334],"product_tag":[],"class_list":{"0":"post-10606","1":"product","2":"type-product","3":"status-publish","4":"has-post-thumbnail","6":"product_cat-erse-cablo","7":"pa_mehsul-tipi-ervital-fire-safe-cables","9":"first","10":"instock","11":"sold-individually","12":"shipping-taxable","13":"purchasable","14":"product-type-simple"},"_links":{"self":[{"href":"https:\/\/engitech.az\/en\/wp-json\/wp\/v2\/product\/10606","targetHints":{"allow":["GET"]}}],"collection":[{"href":"https:\/\/engitech.az\/en\/wp-json\/wp\/v2\/product"}],"about":[{"href":"https:\/\/engitech.az\/en\/wp-json\/wp\/v2\/types\/product"}],"replies":[{"embeddable":true,"href":"https:\/\/engitech.az\/en\/wp-json\/wp\/v2\/comments?post=10606"}],"wp:featuredmedia":[{"embeddable":true,"href":"https:\/\/engitech.az\/en\/wp-json\/wp\/v2\/media\/10607"}],"wp:attachment":[{"href":"https:\/\/engitech.az\/en\/wp-json\/wp\/v2\/media?parent=10606"}],"wp:term":[{"taxonomy":"product_brand","embeddable":true,"href":"https:\/\/engitech.az\/en\/wp-json\/wp\/v2\/product_brand?post=10606"},{"taxonomy":"product_cat","embeddable":true,"href":"https:\/\/engitech.az\/en\/wp-json\/wp\/v2\/product_cat?post=10606"},{"taxonomy":"product_tag","embeddable":true,"href":"https:\/\/engitech.az\/en\/wp-json\/wp\/v2\/product_tag?post=10606"}],"curies":[{"name":"wp","href":"https:\/\/api.w.org\/{rel}","templated":true}]}}