{"id":10615,"date":"2026-02-10T07:47:58","date_gmt":"2026-02-10T07:47:58","guid":{"rendered":"https:\/\/engitech.az\/?post_type=product&#038;p=10615"},"modified":"2026-02-10T07:47:58","modified_gmt":"2026-02-10T07:47:58","slug":"rg-59-u-4-cu-al-hffr","status":"publish","type":"product","link":"https:\/\/engitech.az\/en\/product\/rg-59-u-4-cu-al-hffr\/","title":{"rendered":"RG 59\/U-4 Cu\/Al HFFR"},"content":{"rendered":"<p>\u2022 <strong data-start=\"2\" data-end=\"10\">Type:<\/strong> Koaksial video kabeli<br data-start=\"32\" data-end=\"35\" \/>\u2022 <strong data-start=\"37\" data-end=\"47\">Model:<\/strong> RG 59\/U-4<br data-start=\"57\" data-end=\"60\" \/>\u2022 <strong data-start=\"62\" data-end=\"75\">Ke\u00e7irici:<\/strong> Cu\/Al<br data-start=\"81\" data-end=\"84\" \/>\u2022 <strong data-start=\"86\" data-end=\"99\">Material:<\/strong> HFFR (halogensiz, a\u015fa\u011f\u0131 t\u00fcst\u00fcl\u00fc)<br data-start=\"132\" data-end=\"135\" \/>\u2022 <strong data-start=\"137\" data-end=\"150\">Usage:<\/strong> CCTV v\u0259 video sisteml\u0259ri<\/p>","protected":false},"excerpt":{"rendered":"<p>\u2022 Tip: Koaksial video kabeli\u2022 Model: RG 59\/U-4\u2022 Ke\u00e7irici: Cu\/Al\u2022  [&#8230;]<\/p>","protected":false},"featured_media":10616,"comment_status":"open","ping_status":"closed","template":"","meta":[],"product_brand":[],"product_cat":[334],"product_tag":[],"class_list":{"0":"post-10615","1":"product","2":"type-product","3":"status-publish","4":"has-post-thumbnail","6":"product_cat-erse-cablo","7":"pa_mehsul-tipi-coaxial-cables","9":"first","10":"instock","11":"sold-individually","12":"shipping-taxable","13":"purchasable","14":"product-type-simple"},"_links":{"self":[{"href":"https:\/\/engitech.az\/en\/wp-json\/wp\/v2\/product\/10615","targetHints":{"allow":["GET"]}}],"collection":[{"href":"https:\/\/engitech.az\/en\/wp-json\/wp\/v2\/product"}],"about":[{"href":"https:\/\/engitech.az\/en\/wp-json\/wp\/v2\/types\/product"}],"replies":[{"embeddable":true,"href":"https:\/\/engitech.az\/en\/wp-json\/wp\/v2\/comments?post=10615"}],"wp:featuredmedia":[{"embeddable":true,"href":"https:\/\/engitech.az\/en\/wp-json\/wp\/v2\/media\/10616"}],"wp:attachment":[{"href":"https:\/\/engitech.az\/en\/wp-json\/wp\/v2\/media?parent=10615"}],"wp:term":[{"taxonomy":"product_brand","embeddable":true,"href":"https:\/\/engitech.az\/en\/wp-json\/wp\/v2\/product_brand?post=10615"},{"taxonomy":"product_cat","embeddable":true,"href":"https:\/\/engitech.az\/en\/wp-json\/wp\/v2\/product_cat?post=10615"},{"taxonomy":"product_tag","embeddable":true,"href":"https:\/\/engitech.az\/en\/wp-json\/wp\/v2\/product_tag?post=10615"}],"curies":[{"name":"wp","href":"https:\/\/api.w.org\/{rel}","templated":true}]}}