{"id":10619,"date":"2026-02-10T07:50:32","date_gmt":"2026-02-10T07:50:32","guid":{"rendered":"https:\/\/engitech.az\/?post_type=product&#038;p=10619"},"modified":"2026-02-10T07:50:32","modified_gmt":"2026-02-10T07:50:32","slug":"rg-59-u-6-cu-cu-hffr","status":"publish","type":"product","link":"https:\/\/engitech.az\/en\/product\/rg-59-u-6-cu-cu-hffr\/","title":{"rendered":"RG 59\/U-6 Cu\/Cu HFFR"},"content":{"rendered":"<p>\u2022 <strong data-start=\"2\" data-end=\"10\">Type:<\/strong> Koaksial video kabeli<br data-start=\"32\" data-end=\"35\" \/>\u2022 <strong data-start=\"37\" data-end=\"47\">Model:<\/strong> RG 59\/U-6<br data-start=\"57\" data-end=\"60\" \/>\u2022 <strong data-start=\"62\" data-end=\"75\">Ke\u00e7irici:<\/strong> Mis (Cu\/Cu)<br data-start=\"87\" data-end=\"90\" \/>\u2022 <strong data-start=\"92\" data-end=\"105\">Material:<\/strong> HFFR (halogensiz, a\u015fa\u011f\u0131 t\u00fcst\u00fcl\u00fc)<br data-start=\"138\" data-end=\"141\" \/>\u2022 <strong data-start=\"143\" data-end=\"156\">Usage:<\/strong> CCTV, video v\u0259 televizor sisteml\u0259ri<\/p>","protected":false},"excerpt":{"rendered":"<p>\u2022 Tip: Koaksial video kabeli\u2022 Model: RG 59\/U-6\u2022 Ke\u00e7irici: Mis  [&#8230;]<\/p>","protected":false},"featured_media":10620,"comment_status":"open","ping_status":"closed","template":"","meta":[],"product_brand":[],"product_cat":[334],"product_tag":[],"class_list":{"0":"post-10619","1":"product","2":"type-product","3":"status-publish","4":"has-post-thumbnail","6":"product_cat-erse-cablo","7":"pa_mehsul-tipi-coaxial-cables","9":"first","10":"instock","11":"sold-individually","12":"shipping-taxable","13":"purchasable","14":"product-type-simple"},"_links":{"self":[{"href":"https:\/\/engitech.az\/en\/wp-json\/wp\/v2\/product\/10619","targetHints":{"allow":["GET"]}}],"collection":[{"href":"https:\/\/engitech.az\/en\/wp-json\/wp\/v2\/product"}],"about":[{"href":"https:\/\/engitech.az\/en\/wp-json\/wp\/v2\/types\/product"}],"replies":[{"embeddable":true,"href":"https:\/\/engitech.az\/en\/wp-json\/wp\/v2\/comments?post=10619"}],"wp:featuredmedia":[{"embeddable":true,"href":"https:\/\/engitech.az\/en\/wp-json\/wp\/v2\/media\/10620"}],"wp:attachment":[{"href":"https:\/\/engitech.az\/en\/wp-json\/wp\/v2\/media?parent=10619"}],"wp:term":[{"taxonomy":"product_brand","embeddable":true,"href":"https:\/\/engitech.az\/en\/wp-json\/wp\/v2\/product_brand?post=10619"},{"taxonomy":"product_cat","embeddable":true,"href":"https:\/\/engitech.az\/en\/wp-json\/wp\/v2\/product_cat?post=10619"},{"taxonomy":"product_tag","embeddable":true,"href":"https:\/\/engitech.az\/en\/wp-json\/wp\/v2\/product_tag?post=10619"}],"curies":[{"name":"wp","href":"https:\/\/api.w.org\/{rel}","templated":true}]}}