{"id":10621,"date":"2026-02-10T07:51:40","date_gmt":"2026-02-10T07:51:40","guid":{"rendered":"https:\/\/engitech.az\/?post_type=product&#038;p=10621"},"modified":"2026-02-10T07:51:40","modified_gmt":"2026-02-10T07:51:40","slug":"rg-6-u-4-cu-cusn","status":"publish","type":"product","link":"https:\/\/engitech.az\/en\/product\/rg-6-u-4-cu-cusn\/","title":{"rendered":"RG 6\/U-4 Cu\/CuSn"},"content":{"rendered":"<p>\u2022 <strong data-start=\"2\" data-end=\"10\">Type:<\/strong> Koaksial video kabeli<br data-start=\"32\" data-end=\"35\" \/>\u2022 <strong data-start=\"37\" data-end=\"47\">Model:<\/strong> RG 6\/U-4<br data-start=\"56\" data-end=\"59\" \/>\u2022 <strong data-start=\"61\" data-end=\"74\">Ke\u00e7irici:<\/strong> Mis m\u0259ntiqi mis-tin \u00f6rt\u00fckl\u00fc (Cu\/CuSn)<br data-start=\"112\" data-end=\"115\" \/>\u2022 <strong data-start=\"117\" data-end=\"132\">Feature:<\/strong> Yax\u015f\u0131 siqnal \u00f6t\u00fcrm\u0259 v\u0259 ekranlama<br data-start=\"165\" data-end=\"168\" \/>\u2022 <strong data-start=\"170\" data-end=\"183\">Usage:<\/strong> Televiziya, peyk v\u0259 video sisteml\u0259ri<\/p>","protected":false},"excerpt":{"rendered":"<p>\u2022 Tip: Koaksial video kabeli\u2022 Model: RG 6\/U-4\u2022 Ke\u00e7irici: Mis  [&#8230;]<\/p>","protected":false},"featured_media":10622,"comment_status":"open","ping_status":"closed","template":"","meta":[],"product_brand":[],"product_cat":[334],"product_tag":[],"class_list":{"0":"post-10621","1":"product","2":"type-product","3":"status-publish","4":"has-post-thumbnail","6":"product_cat-erse-cablo","7":"pa_mehsul-tipi-coaxial-cables","9":"first","10":"instock","11":"sold-individually","12":"shipping-taxable","13":"purchasable","14":"product-type-simple"},"_links":{"self":[{"href":"https:\/\/engitech.az\/en\/wp-json\/wp\/v2\/product\/10621","targetHints":{"allow":["GET"]}}],"collection":[{"href":"https:\/\/engitech.az\/en\/wp-json\/wp\/v2\/product"}],"about":[{"href":"https:\/\/engitech.az\/en\/wp-json\/wp\/v2\/types\/product"}],"replies":[{"embeddable":true,"href":"https:\/\/engitech.az\/en\/wp-json\/wp\/v2\/comments?post=10621"}],"wp:featuredmedia":[{"embeddable":true,"href":"https:\/\/engitech.az\/en\/wp-json\/wp\/v2\/media\/10622"}],"wp:attachment":[{"href":"https:\/\/engitech.az\/en\/wp-json\/wp\/v2\/media?parent=10621"}],"wp:term":[{"taxonomy":"product_brand","embeddable":true,"href":"https:\/\/engitech.az\/en\/wp-json\/wp\/v2\/product_brand?post=10621"},{"taxonomy":"product_cat","embeddable":true,"href":"https:\/\/engitech.az\/en\/wp-json\/wp\/v2\/product_cat?post=10621"},{"taxonomy":"product_tag","embeddable":true,"href":"https:\/\/engitech.az\/en\/wp-json\/wp\/v2\/product_tag?post=10621"}],"curies":[{"name":"wp","href":"https:\/\/api.w.org\/{rel}","templated":true}]}}