{"id":10623,"date":"2026-02-10T07:52:55","date_gmt":"2026-02-10T07:52:55","guid":{"rendered":"https:\/\/engitech.az\/?post_type=product&#038;p=10623"},"modified":"2026-02-10T07:52:56","modified_gmt":"2026-02-10T07:52:56","slug":"rg-6-u-4-cu-cusn-hffr","status":"publish","type":"product","link":"https:\/\/engitech.az\/en\/product\/rg-6-u-4-cu-cusn-hffr\/","title":{"rendered":"RG 6\/U-4 Cu\/CuSn HFFR"},"content":{"rendered":"<article class=\"text-token-text-primary w-full focus:outline-none [--shadow-height:45px] has-data-writing-block:pointer-events-none has-data-writing-block:-mt-(--shadow-height) has-data-writing-block:pt-(--shadow-height) [&amp;:has([data-writing-block])&gt;*]:pointer-events-auto scroll-mt-(--header-height)\" dir=\"auto\" tabindex=\"-1\" data-turn-id=\"3c4b3e37-40ee-46fe-b523-c285ffde9e95\" data-testid=\"conversation-turn-93\" data-scroll-anchor=\"false\" data-turn=\"user\"><\/article>\n<article class=\"text-token-text-primary w-full focus:outline-none [--shadow-height:45px] has-data-writing-block:pointer-events-none has-data-writing-block:-mt-(--shadow-height) has-data-writing-block:pt-(--shadow-height) [&amp;:has([data-writing-block])&gt;*]:pointer-events-auto scroll-mt-[calc(var(--header-height)+min(200px,max(70px,20svh)))]\" dir=\"auto\" tabindex=\"-1\" data-turn-id=\"2aad468f-e5d7-4572-adff-79be5c1ae465\" data-testid=\"conversation-turn-94\" data-scroll-anchor=\"true\" data-turn=\"assistant\">\n<div class=\"text-base my-auto mx-auto pb-10 [--thread-content-margin:--spacing(4)] @w-sm\/main:[--thread-content-margin:--spacing(6)] @w-lg\/main:[--thread-content-margin:--spacing(16)] px-(--thread-content-margin)\">\n<div class=\"[--thread-content-max-width:40rem] @w-lg\/main:[--thread-content-max-width:48rem] mx-auto max-w-(--thread-content-max-width) flex-1 group\/turn-messages focus-visible:outline-hidden relative flex w-full min-w-0 flex-col agent-turn\" tabindex=\"-1\">\n<div class=\"flex max-w-full flex-col grow\">\n<div class=\"min-h-8 text-message relative flex w-full flex-col items-end gap-2 text-start break-words whitespace-normal [.text-message+&amp;]:mt-1\" dir=\"auto\" data-message-author-role=\"assistant\" data-message-id=\"ba87f363-a18c-4814-847e-37fb3fd40ee6\" data-message-model-slug=\"gpt-5-2\">\n<div class=\"flex w-full flex-col gap-1 empty:hidden first:pt-[1px]\">\n<div class=\"markdown prose dark:prose-invert w-full wrap-break-word dark markdown-new-styling\">\n<p data-start=\"0\" data-end=\"195\">\u2022 <strong data-start=\"2\" data-end=\"10\">Type:<\/strong> Koaksial video kabeli<br data-start=\"32\" data-end=\"35\" \/>\u2022 <strong data-start=\"37\" data-end=\"47\">Model:<\/strong> RG 6\/U-4<br data-start=\"56\" data-end=\"59\" \/>\u2022 <strong data-start=\"61\" data-end=\"74\">Ke\u00e7irici:<\/strong> Mis\/CuSn<br data-start=\"83\" data-end=\"86\" \/>\u2022 <strong data-start=\"88\" data-end=\"101\">Material:<\/strong> <strong data-start=\"102\" data-end=\"110\">HFFR<\/strong> (halogensiz, a\u015fa\u011f\u0131 t\u00fcst\u00fcl\u00fc)<br data-start=\"138\" data-end=\"141\" \/>\u2022 <strong data-start=\"143\" data-end=\"156\">Usage:<\/strong> Televiziya, CCTV v\u0259 video sisteml\u0259ri<\/p>\n<\/div>\n<\/div>\n<\/div>\n<\/div>\n<\/div>\n<\/div>\n<\/article>","protected":false},"excerpt":{"rendered":"<p>\u2022 Tip: Koaksial video kabeli\u2022 Model: RG 6\/U-4\u2022 Ke\u00e7irici: Mis\/CuSn\u2022  [&#8230;]<\/p>","protected":false},"featured_media":10624,"comment_status":"open","ping_status":"closed","template":"","meta":[],"product_brand":[],"product_cat":[334],"product_tag":[],"class_list":{"0":"post-10623","1":"product","2":"type-product","3":"status-publish","4":"has-post-thumbnail","6":"product_cat-erse-cablo","7":"pa_mehsul-tipi-coaxial-cables","9":"first","10":"instock","11":"sold-individually","12":"shipping-taxable","13":"purchasable","14":"product-type-simple"},"_links":{"self":[{"href":"https:\/\/engitech.az\/en\/wp-json\/wp\/v2\/product\/10623","targetHints":{"allow":["GET"]}}],"collection":[{"href":"https:\/\/engitech.az\/en\/wp-json\/wp\/v2\/product"}],"about":[{"href":"https:\/\/engitech.az\/en\/wp-json\/wp\/v2\/types\/product"}],"replies":[{"embeddable":true,"href":"https:\/\/engitech.az\/en\/wp-json\/wp\/v2\/comments?post=10623"}],"wp:featuredmedia":[{"embeddable":true,"href":"https:\/\/engitech.az\/en\/wp-json\/wp\/v2\/media\/10624"}],"wp:attachment":[{"href":"https:\/\/engitech.az\/en\/wp-json\/wp\/v2\/media?parent=10623"}],"wp:term":[{"taxonomy":"product_brand","embeddable":true,"href":"https:\/\/engitech.az\/en\/wp-json\/wp\/v2\/product_brand?post=10623"},{"taxonomy":"product_cat","embeddable":true,"href":"https:\/\/engitech.az\/en\/wp-json\/wp\/v2\/product_cat?post=10623"},{"taxonomy":"product_tag","embeddable":true,"href":"https:\/\/engitech.az\/en\/wp-json\/wp\/v2\/product_tag?post=10623"}],"curies":[{"name":"wp","href":"https:\/\/api.w.org\/{rel}","templated":true}]}}