{"id":10627,"date":"2026-02-10T07:55:41","date_gmt":"2026-02-10T07:55:41","guid":{"rendered":"https:\/\/engitech.az\/?post_type=product&#038;p=10627"},"modified":"2026-02-10T07:55:42","modified_gmt":"2026-02-10T07:55:42","slug":"rg-6-u-4-cu-al-hffr","status":"publish","type":"product","link":"https:\/\/engitech.az\/en\/product\/rg-6-u-4-cu-al-hffr\/","title":{"rendered":"RG 6\/U-4 Cu\/Al HFFR"},"content":{"rendered":"<p>\u2022 <strong data-start=\"2\" data-end=\"10\">Type:<\/strong> Koaksial video kabeli<br data-start=\"32\" data-end=\"35\" \/>\u2022 <strong data-start=\"37\" data-end=\"47\">Model:<\/strong> <strong data-start=\"48\" data-end=\"60\">RG 6\/U-4<\/strong><br data-start=\"60\" data-end=\"63\" \/>\u2022 <strong data-start=\"65\" data-end=\"78\">Ke\u00e7irici:<\/strong> Mis m\u0259rk\u0259zli, al\u00fcminium ekranl\u0131 (Cu\/Al)<br data-start=\"118\" data-end=\"121\" \/>\u2022 <strong data-start=\"123\" data-end=\"136\">Material:<\/strong> <strong data-start=\"137\" data-end=\"145\">HFFR<\/strong> (halogensiz, a\u015fa\u011f\u0131 t\u00fcst\u00fcl\u00fc)<br data-start=\"173\" data-end=\"176\" \/>\u2022 <strong data-start=\"178\" data-end=\"191\">Usage:<\/strong> Televiziya, CCTV v\u0259 video sisteml\u0259ri<\/p>","protected":false},"excerpt":{"rendered":"<p>\u2022 Tip: Koaksial video kabeli\u2022 Model: RG 6\/U-4\u2022 Ke\u00e7irici: Mis  [&#8230;]<\/p>","protected":false},"featured_media":10628,"comment_status":"open","ping_status":"closed","template":"","meta":[],"product_brand":[],"product_cat":[334],"product_tag":[],"class_list":{"0":"post-10627","1":"product","2":"type-product","3":"status-publish","4":"has-post-thumbnail","6":"product_cat-erse-cablo","7":"pa_mehsul-tipi-coaxial-cables","9":"first","10":"instock","11":"sold-individually","12":"shipping-taxable","13":"purchasable","14":"product-type-simple"},"_links":{"self":[{"href":"https:\/\/engitech.az\/en\/wp-json\/wp\/v2\/product\/10627","targetHints":{"allow":["GET"]}}],"collection":[{"href":"https:\/\/engitech.az\/en\/wp-json\/wp\/v2\/product"}],"about":[{"href":"https:\/\/engitech.az\/en\/wp-json\/wp\/v2\/types\/product"}],"replies":[{"embeddable":true,"href":"https:\/\/engitech.az\/en\/wp-json\/wp\/v2\/comments?post=10627"}],"wp:featuredmedia":[{"embeddable":true,"href":"https:\/\/engitech.az\/en\/wp-json\/wp\/v2\/media\/10628"}],"wp:attachment":[{"href":"https:\/\/engitech.az\/en\/wp-json\/wp\/v2\/media?parent=10627"}],"wp:term":[{"taxonomy":"product_brand","embeddable":true,"href":"https:\/\/engitech.az\/en\/wp-json\/wp\/v2\/product_brand?post=10627"},{"taxonomy":"product_cat","embeddable":true,"href":"https:\/\/engitech.az\/en\/wp-json\/wp\/v2\/product_cat?post=10627"},{"taxonomy":"product_tag","embeddable":true,"href":"https:\/\/engitech.az\/en\/wp-json\/wp\/v2\/product_tag?post=10627"}],"curies":[{"name":"wp","href":"https:\/\/api.w.org\/{rel}","templated":true}]}}