{"id":10638,"date":"2026-02-10T08:32:37","date_gmt":"2026-02-10T08:32:37","guid":{"rendered":"https:\/\/engitech.az\/?post_type=product&#038;p=10638"},"modified":"2026-02-10T08:32:38","modified_gmt":"2026-02-10T08:32:38","slug":"rg-6-u-6-cu-cu-trishield","status":"publish","type":"product","link":"https:\/\/engitech.az\/en\/product\/rg-6-u-6-cu-cu-trishield\/","title":{"rendered":"RG 6\/U-6 Cu\/Cu TRISHIELD"},"content":{"rendered":"<p>\u2022 <strong data-start=\"2\" data-end=\"10\">Type:<\/strong> Koaksial video kabeli<br data-start=\"32\" data-end=\"35\" \/>\u2022 <strong data-start=\"37\" data-end=\"47\">Model:<\/strong> <strong data-start=\"48\" data-end=\"70\">RG 6\/U-6 TRISHIELD<\/strong><br data-start=\"70\" data-end=\"73\" \/>\u2022 <strong data-start=\"75\" data-end=\"88\">Ke\u00e7irici:<\/strong> Mis m\u0259rk\u0259zli \/ Mis ekranl\u0131 (Cu\/Cu)<br data-start=\"123\" data-end=\"126\" \/>\u2022 <strong data-start=\"128\" data-end=\"138\">Screen:<\/strong> \u00dc\u00e7qat qoruma (Trishield)<br data-start=\"163\" data-end=\"166\" \/>\u2022 <strong data-start=\"168\" data-end=\"181\">Usage:<\/strong> Televiziya, peyk v\u0259 CCTV sisteml\u0259ri \u00fc\u00e7\u00fcn y\u00fcks\u0259k ekranlama v\u0259 siqnal keyfiyy\u0259ti<\/p>","protected":false},"excerpt":{"rendered":"<p>\u2022 Tip: Koaksial video kabeli\u2022 Model: RG 6\/U-6 TRISHIELD\u2022 Ke\u00e7irici:  [&#8230;]<\/p>","protected":false},"featured_media":10639,"comment_status":"open","ping_status":"closed","template":"","meta":[],"product_brand":[],"product_cat":[334],"product_tag":[],"class_list":{"0":"post-10638","1":"product","2":"type-product","3":"status-publish","4":"has-post-thumbnail","6":"product_cat-erse-cablo","7":"pa_mehsul-tipi-coaxial-cables","9":"first","10":"instock","11":"sold-individually","12":"shipping-taxable","13":"purchasable","14":"product-type-simple"},"_links":{"self":[{"href":"https:\/\/engitech.az\/en\/wp-json\/wp\/v2\/product\/10638","targetHints":{"allow":["GET"]}}],"collection":[{"href":"https:\/\/engitech.az\/en\/wp-json\/wp\/v2\/product"}],"about":[{"href":"https:\/\/engitech.az\/en\/wp-json\/wp\/v2\/types\/product"}],"replies":[{"embeddable":true,"href":"https:\/\/engitech.az\/en\/wp-json\/wp\/v2\/comments?post=10638"}],"wp:featuredmedia":[{"embeddable":true,"href":"https:\/\/engitech.az\/en\/wp-json\/wp\/v2\/media\/10639"}],"wp:attachment":[{"href":"https:\/\/engitech.az\/en\/wp-json\/wp\/v2\/media?parent=10638"}],"wp:term":[{"taxonomy":"product_brand","embeddable":true,"href":"https:\/\/engitech.az\/en\/wp-json\/wp\/v2\/product_brand?post=10638"},{"taxonomy":"product_cat","embeddable":true,"href":"https:\/\/engitech.az\/en\/wp-json\/wp\/v2\/product_cat?post=10638"},{"taxonomy":"product_tag","embeddable":true,"href":"https:\/\/engitech.az\/en\/wp-json\/wp\/v2\/product_tag?post=10638"}],"curies":[{"name":"wp","href":"https:\/\/api.w.org\/{rel}","templated":true}]}}