{"id":10640,"date":"2026-02-10T08:35:16","date_gmt":"2026-02-10T08:35:16","guid":{"rendered":"https:\/\/engitech.az\/?post_type=product&#038;p=10640"},"modified":"2026-02-10T08:35:17","modified_gmt":"2026-02-10T08:35:17","slug":"rg-11-u-4-cu-cusn","status":"publish","type":"product","link":"https:\/\/engitech.az\/en\/product\/rg-11-u-4-cu-cusn\/","title":{"rendered":"RG 11\/U-4 Cu\/CuSn"},"content":{"rendered":"<p>\u2022 <strong data-start=\"2\" data-end=\"10\">Type:<\/strong> Koaksial video kabeli<br data-start=\"32\" data-end=\"35\" \/>\u2022 <strong data-start=\"37\" data-end=\"47\">Model:<\/strong> <strong data-start=\"48\" data-end=\"61\">RG 11\/U-4<\/strong><br data-start=\"61\" data-end=\"64\" \/>\u2022 <strong data-start=\"66\" data-end=\"79\">Ke\u00e7irici:<\/strong> Mis m\u0259rk\u0259zli \/ mis-tin \u00f6rt\u00fckl\u00fc (Cu\/CuSn)<br data-start=\"120\" data-end=\"123\" \/>\u2022 <strong data-start=\"125\" data-end=\"140\">Feature:<\/strong> Y\u00fcks\u0259k siqnal \u00f6t\u00fcrm\u0259 qabiliyy\u0259ti<br data-start=\"173\" data-end=\"176\" \/>\u2022 <strong data-start=\"178\" data-end=\"191\">Usage:<\/strong> Uzaq m\u0259saf\u0259li televizor, peyk v\u0259 CCTV sisteml\u0259ri<\/p>","protected":false},"excerpt":{"rendered":"<p>\u2022 Tip: Koaksial video kabeli\u2022 Model: RG 11\/U-4\u2022 Ke\u00e7irici: Mis  [&#8230;]<\/p>","protected":false},"featured_media":10641,"comment_status":"open","ping_status":"closed","template":"","meta":[],"product_brand":[],"product_cat":[334],"product_tag":[],"class_list":{"0":"post-10640","1":"product","2":"type-product","3":"status-publish","4":"has-post-thumbnail","6":"product_cat-erse-cablo","7":"pa_mehsul-tipi-coaxial-cables","9":"first","10":"instock","11":"sold-individually","12":"shipping-taxable","13":"purchasable","14":"product-type-simple"},"_links":{"self":[{"href":"https:\/\/engitech.az\/en\/wp-json\/wp\/v2\/product\/10640","targetHints":{"allow":["GET"]}}],"collection":[{"href":"https:\/\/engitech.az\/en\/wp-json\/wp\/v2\/product"}],"about":[{"href":"https:\/\/engitech.az\/en\/wp-json\/wp\/v2\/types\/product"}],"replies":[{"embeddable":true,"href":"https:\/\/engitech.az\/en\/wp-json\/wp\/v2\/comments?post=10640"}],"wp:featuredmedia":[{"embeddable":true,"href":"https:\/\/engitech.az\/en\/wp-json\/wp\/v2\/media\/10641"}],"wp:attachment":[{"href":"https:\/\/engitech.az\/en\/wp-json\/wp\/v2\/media?parent=10640"}],"wp:term":[{"taxonomy":"product_brand","embeddable":true,"href":"https:\/\/engitech.az\/en\/wp-json\/wp\/v2\/product_brand?post=10640"},{"taxonomy":"product_cat","embeddable":true,"href":"https:\/\/engitech.az\/en\/wp-json\/wp\/v2\/product_cat?post=10640"},{"taxonomy":"product_tag","embeddable":true,"href":"https:\/\/engitech.az\/en\/wp-json\/wp\/v2\/product_tag?post=10640"}],"curies":[{"name":"wp","href":"https:\/\/api.w.org\/{rel}","templated":true}]}}