{"id":10644,"date":"2026-02-10T08:38:07","date_gmt":"2026-02-10T08:38:07","guid":{"rendered":"https:\/\/engitech.az\/?post_type=product&#038;p=10644"},"modified":"2026-02-10T08:38:07","modified_gmt":"2026-02-10T08:38:07","slug":"rg-11-u-6-cu-cu","status":"publish","type":"product","link":"https:\/\/engitech.az\/en\/product\/rg-11-u-6-cu-cu\/","title":{"rendered":"RG 11\/U-6 Cu\/Cu"},"content":{"rendered":"<p>\u2022 <strong data-start=\"2\" data-end=\"10\">Type:<\/strong> Koaksial video kabeli<br data-start=\"32\" data-end=\"35\" \/>\u2022 <strong data-start=\"37\" data-end=\"47\">Model:<\/strong> <strong data-start=\"48\" data-end=\"61\">RG 11\/U-6<\/strong><br data-start=\"61\" data-end=\"64\" \/>\u2022 <strong data-start=\"66\" data-end=\"79\">Ke\u00e7irici:<\/strong> Mis m\u0259rk\u0259zli \/ Mis ekranl\u0131 (Cu\/Cu)<br data-start=\"114\" data-end=\"117\" \/>\u2022 <strong data-start=\"119\" data-end=\"134\">Feature:<\/strong> Uzaq m\u0259saf\u0259l\u0259r \u00fc\u00e7\u00fcn daha stabil v\u0259 a\u015fa\u011f\u0131 z\u0259iflikli siqnal<br data-start=\"192\" data-end=\"195\" \/>\u2022 <strong data-start=\"197\" data-end=\"210\">Usage:<\/strong> Televiziya, peyk v\u0259 CCTV sisteml\u0259ri \u00fc\u00e7\u00fcn<\/p>","protected":false},"excerpt":{"rendered":"<p>\u2022 Tip: Koaksial video kabeli\u2022 Model: RG 11\/U-6\u2022 Ke\u00e7irici: Mis  [&#8230;]<\/p>","protected":false},"featured_media":10646,"comment_status":"open","ping_status":"closed","template":"","meta":[],"product_brand":[],"product_cat":[334],"product_tag":[],"class_list":{"0":"post-10644","1":"product","2":"type-product","3":"status-publish","4":"has-post-thumbnail","6":"product_cat-erse-cablo","7":"pa_mehsul-tipi-coaxial-cables","9":"first","10":"instock","11":"sold-individually","12":"shipping-taxable","13":"purchasable","14":"product-type-simple"},"_links":{"self":[{"href":"https:\/\/engitech.az\/en\/wp-json\/wp\/v2\/product\/10644","targetHints":{"allow":["GET"]}}],"collection":[{"href":"https:\/\/engitech.az\/en\/wp-json\/wp\/v2\/product"}],"about":[{"href":"https:\/\/engitech.az\/en\/wp-json\/wp\/v2\/types\/product"}],"replies":[{"embeddable":true,"href":"https:\/\/engitech.az\/en\/wp-json\/wp\/v2\/comments?post=10644"}],"wp:featuredmedia":[{"embeddable":true,"href":"https:\/\/engitech.az\/en\/wp-json\/wp\/v2\/media\/10646"}],"wp:attachment":[{"href":"https:\/\/engitech.az\/en\/wp-json\/wp\/v2\/media?parent=10644"}],"wp:term":[{"taxonomy":"product_brand","embeddable":true,"href":"https:\/\/engitech.az\/en\/wp-json\/wp\/v2\/product_brand?post=10644"},{"taxonomy":"product_cat","embeddable":true,"href":"https:\/\/engitech.az\/en\/wp-json\/wp\/v2\/product_cat?post=10644"},{"taxonomy":"product_tag","embeddable":true,"href":"https:\/\/engitech.az\/en\/wp-json\/wp\/v2\/product_tag?post=10644"}],"curies":[{"name":"wp","href":"https:\/\/api.w.org\/{rel}","templated":true}]}}