{"id":10649,"date":"2026-02-10T10:31:52","date_gmt":"2026-02-10T10:31:52","guid":{"rendered":"https:\/\/engitech.az\/?post_type=product&#038;p=10649"},"modified":"2026-02-10T10:31:53","modified_gmt":"2026-02-10T10:31:53","slug":"rg-11-u-6-cu-cu-trishield","status":"publish","type":"product","link":"https:\/\/engitech.az\/en\/product\/rg-11-u-6-cu-cu-trishield\/","title":{"rendered":"RG 11\/U-6 Cu\/Cu TRISHIELD"},"content":{"rendered":"<p>\u2022 <strong data-start=\"2\" data-end=\"10\">Type:<\/strong> Koaksial video kabeli<br data-start=\"32\" data-end=\"35\" \/>\u2022 <strong data-start=\"37\" data-end=\"47\">Model:<\/strong> <strong data-start=\"48\" data-end=\"71\">RG 11\/U-6 TRISHIELD<\/strong><br data-start=\"71\" data-end=\"74\" \/>\u2022 <strong data-start=\"76\" data-end=\"89\">Ke\u00e7irici:<\/strong> Mis m\u0259rk\u0259zli \/ Mis ekranl\u0131 (Cu\/Cu)<br data-start=\"124\" data-end=\"127\" \/>\u2022 <strong data-start=\"129\" data-end=\"139\">Screen:<\/strong> \u00dc\u00e7qat qoruma (Trishield)<br data-start=\"164\" data-end=\"167\" \/>\u2022 <strong data-start=\"169\" data-end=\"184\">Feature:<\/strong> Y\u00fcks\u0259k ekranlama, a\u015fa\u011f\u0131 siqnal itkisi<br data-start=\"222\" data-end=\"225\" \/>\u2022 <strong data-start=\"227\" data-end=\"240\">Usage:<\/strong> Uzaq m\u0259saf\u0259li TV, peyk v\u0259 CCTV sisteml\u0259ri \u00fc\u00e7\u00fcn ideal<\/p>","protected":false},"excerpt":{"rendered":"<p>\u2022 Tip: Koaksial video kabeli\u2022 Model: RG 11\/U-6 TRISHIELD\u2022 Ke\u00e7irici:  [&#8230;]<\/p>","protected":false},"featured_media":10650,"comment_status":"open","ping_status":"closed","template":"","meta":[],"product_brand":[],"product_cat":[334],"product_tag":[],"class_list":{"0":"post-10649","1":"product","2":"type-product","3":"status-publish","4":"has-post-thumbnail","6":"product_cat-erse-cablo","7":"pa_mehsul-tipi-coaxial-cables","9":"first","10":"instock","11":"sold-individually","12":"shipping-taxable","13":"purchasable","14":"product-type-simple"},"_links":{"self":[{"href":"https:\/\/engitech.az\/en\/wp-json\/wp\/v2\/product\/10649","targetHints":{"allow":["GET"]}}],"collection":[{"href":"https:\/\/engitech.az\/en\/wp-json\/wp\/v2\/product"}],"about":[{"href":"https:\/\/engitech.az\/en\/wp-json\/wp\/v2\/types\/product"}],"replies":[{"embeddable":true,"href":"https:\/\/engitech.az\/en\/wp-json\/wp\/v2\/comments?post=10649"}],"wp:featuredmedia":[{"embeddable":true,"href":"https:\/\/engitech.az\/en\/wp-json\/wp\/v2\/media\/10650"}],"wp:attachment":[{"href":"https:\/\/engitech.az\/en\/wp-json\/wp\/v2\/media?parent=10649"}],"wp:term":[{"taxonomy":"product_brand","embeddable":true,"href":"https:\/\/engitech.az\/en\/wp-json\/wp\/v2\/product_brand?post=10649"},{"taxonomy":"product_cat","embeddable":true,"href":"https:\/\/engitech.az\/en\/wp-json\/wp\/v2\/product_cat?post=10649"},{"taxonomy":"product_tag","embeddable":true,"href":"https:\/\/engitech.az\/en\/wp-json\/wp\/v2\/product_tag?post=10649"}],"curies":[{"name":"wp","href":"https:\/\/api.w.org\/{rel}","templated":true}]}}