{"id":10655,"date":"2026-02-10T10:37:34","date_gmt":"2026-02-10T10:37:34","guid":{"rendered":"https:\/\/engitech.az\/?post_type=product&#038;p=10655"},"modified":"2026-02-10T10:37:34","modified_gmt":"2026-02-10T10:37:34","slug":"cctv-ai-hffr","status":"publish","type":"product","link":"https:\/\/engitech.az\/en\/product\/cctv-ai-hffr\/","title":{"rendered":"CCTV AI HFFR"},"content":{"rendered":"<p>\u2022 <strong data-start=\"2\" data-end=\"10\">Type:<\/strong> CCTV kamera kabeli<br data-start=\"29\" data-end=\"32\" \/>\u2022 <strong data-start=\"34\" data-end=\"47\">Material:<\/strong> <strong data-start=\"48\" data-end=\"56\">HFFR<\/strong> (halogensiz, a\u015fa\u011f\u0131 t\u00fcst\u00fcl\u00fc)<br data-start=\"84\" data-end=\"87\" \/>\u2022 <strong data-start=\"89\" data-end=\"104\">Feature:<\/strong> Yan\u011f\u0131na daha t\u0259hl\u00fck\u0259siz material<br data-start=\"137\" data-end=\"140\" \/>\u2022 <strong data-start=\"142\" data-end=\"155\">Usage:<\/strong> CCTV video siqnal \u00f6t\u00fcrm\u0259si \u00fc\u00e7\u00fcn uy\u011fun kabel<\/p>","protected":false},"excerpt":{"rendered":"<p>\u2022 Tip: CCTV kamera kabeli\u2022 Material: HFFR (halogensiz, a\u015fa\u011f\u0131 t\u00fcst\u00fcl\u00fc)\u2022  [&#8230;]<\/p>","protected":false},"featured_media":10656,"comment_status":"open","ping_status":"closed","template":"","meta":[],"product_brand":[],"product_cat":[334],"product_tag":[],"class_list":{"0":"post-10655","1":"product","2":"type-product","3":"status-publish","4":"has-post-thumbnail","6":"product_cat-erse-cablo","7":"pa_mehsul-tipi-coaxial-cables","9":"first","10":"instock","11":"sold-individually","12":"shipping-taxable","13":"purchasable","14":"product-type-simple"},"_links":{"self":[{"href":"https:\/\/engitech.az\/en\/wp-json\/wp\/v2\/product\/10655","targetHints":{"allow":["GET"]}}],"collection":[{"href":"https:\/\/engitech.az\/en\/wp-json\/wp\/v2\/product"}],"about":[{"href":"https:\/\/engitech.az\/en\/wp-json\/wp\/v2\/types\/product"}],"replies":[{"embeddable":true,"href":"https:\/\/engitech.az\/en\/wp-json\/wp\/v2\/comments?post=10655"}],"wp:featuredmedia":[{"embeddable":true,"href":"https:\/\/engitech.az\/en\/wp-json\/wp\/v2\/media\/10656"}],"wp:attachment":[{"href":"https:\/\/engitech.az\/en\/wp-json\/wp\/v2\/media?parent=10655"}],"wp:term":[{"taxonomy":"product_brand","embeddable":true,"href":"https:\/\/engitech.az\/en\/wp-json\/wp\/v2\/product_brand?post=10655"},{"taxonomy":"product_cat","embeddable":true,"href":"https:\/\/engitech.az\/en\/wp-json\/wp\/v2\/product_cat?post=10655"},{"taxonomy":"product_tag","embeddable":true,"href":"https:\/\/engitech.az\/en\/wp-json\/wp\/v2\/product_tag?post=10655"}],"curies":[{"name":"wp","href":"https:\/\/api.w.org\/{rel}","templated":true}]}}